{"id":2933,"date":"2026-05-06T23:25:03","date_gmt":"2026-05-06T23:25:03","guid":{"rendered":"http:\/\/poke.com.arREMOTE_TARGET\/tienda\/diplomatico-reserva-700-ml\/"},"modified":"2026-05-06T23:25:03","modified_gmt":"2026-05-06T23:25:03","slug":"diplomatico-reserva-700-ml","status":"publish","type":"product","link":"https:\/\/www.poke.com.ar\/en\/tienda\/diplomatico-reserva-700-ml\/","title":{"rendered":"Diplomatico Reserva 700 Ml"},"content":{"rendered":"<p>Vista: Presenta un color \u00e1mbar profundo con destellos dorados o cobrizos. Nariz: Aromas complejos que incluyen c\u00e1scara de naranja, caramelo tipo toffee, regaliz, vainilla y notas de sirope de arce. Boca: En el paladar es redondo y sedoso. Predominan sabores dulces de caramelo, chocolate oscuro, miel y frutas maduras, con ligeros toques de madera y especias.<\/p>","protected":false},"excerpt":{"rendered":"<p>Diplom\u00e1tico Reserva Exclusiva 700 ml es un ron premium de origen venezolano, reconocido mundialmente por su perfil dulce, complejo y equilibrado. Es una mezcla de rones seleccionados, a\u00f1ejados hasta por 12 a\u00f1os en barricas de roble. Ofrece un perfil arom\u00e1tico de c\u00e1scara de naranja, toffee y regaliz, con un sabor suave a caramelo, ideal para beber solo, con hielo o en c\u00f3cteles sofisticados.<\/p>","protected":false},"featured_media":2935,"template":"","meta":{"_gspb_post_css":"","_joinchat":[]},"product_brand":[],"product_cat":[138],"product_tag":[],"class_list":{"0":"post-2933","1":"product","2":"type-product","3":"status-publish","4":"has-post-thumbnail","6":"product_cat-ron","8":"first","9":"onbackorder","10":"shipping-taxable","11":"purchasable","12":"product-type-simple"},"supplier_id":2934,"supplier_sku":"","barcode":null,"atum_controlled":true,"out_stock_date":null,"out_stock_threshold":null,"inheritable":false,"inbound_stock":null,"stock_on_hold":0,"sold_today":0,"sales_last_days":0,"reserved_stock":null,"customer_returns":null,"warehouse_damage":null,"lost_in_post":null,"other_logs":null,"out_stock_days":0,"lost_sales":0,"has_location":null,"update_date":"2026-05-09T03:42:18","atum_locations":[],"atum_stock_status":"onbackorder","restock_status":false,"low_stock_amount":"","sales_update_date":"2026-05-09T03:42:18","calc_backorders":0,"_links":{"self":[{"href":"https:\/\/www.poke.com.ar\/en\/wp-json\/wp\/v2\/product\/2933","targetHints":{"allow":["GET"]}}],"collection":[{"href":"https:\/\/www.poke.com.ar\/en\/wp-json\/wp\/v2\/product"}],"about":[{"href":"https:\/\/www.poke.com.ar\/en\/wp-json\/wp\/v2\/types\/product"}],"wp:featuredmedia":[{"embeddable":true,"href":"https:\/\/www.poke.com.ar\/en\/wp-json\/wp\/v2\/media\/2935"}],"wp:attachment":[{"href":"https:\/\/www.poke.com.ar\/en\/wp-json\/wp\/v2\/media?parent=2933"}],"wp:term":[{"taxonomy":"product_brand","embeddable":true,"href":"https:\/\/www.poke.com.ar\/en\/wp-json\/wp\/v2\/product_brand?post=2933"},{"taxonomy":"product_cat","embeddable":true,"href":"https:\/\/www.poke.com.ar\/en\/wp-json\/wp\/v2\/product_cat?post=2933"},{"taxonomy":"product_tag","embeddable":true,"href":"https:\/\/www.poke.com.ar\/en\/wp-json\/wp\/v2\/product_tag?post=2933"}],"curies":[{"name":"wp","href":"https:\/\/api.w.org\/{rel}","templated":true}]}}