{"id":2921,"date":"2026-05-06T23:23:08","date_gmt":"2026-05-06T23:23:08","guid":{"rendered":"http:\/\/poke.com.arREMOTE_TARGET\/tienda\/don-julio-1942-anejo-year-of-the-horse-2026-750-ml\/"},"modified":"2026-05-06T23:23:08","modified_gmt":"2026-05-06T23:23:08","slug":"don-julio-1942-anejo-year-of-the-horse-2026-750-ml","status":"publish","type":"product","link":"https:\/\/www.poke.com.ar\/en\/tienda\/don-julio-1942-anejo-year-of-the-horse-2026-750-ml\/","title":{"rendered":"Don Julio 1942 A\u00f1ejo Year Of The Horse 2026 750 Ml"},"content":{"rendered":"<p>Aroma: Notas ricas de caramelo, chocolate, vainilla, nueces tostadas y roble suave. Paladar: Una mezcla equilibrada de agave tostado, toffee, especias c\u00e1lidas y sutiles toques de frutas tropicales. Final: Largo, sedoso y elegante, con una dulzura persistente de vainilla y profundidad de roble.<\/p>","protected":false},"excerpt":{"rendered":"<p>Tequila Don Julio 1942 A\u00f1ejo \u00abYear of the Horse\u00bb 2026 es una edici\u00f3n limitada ultra-premium lanzada para conmemorar el A\u00f1o Nuevo Lunar 2026. Esta botella de 750 ml es altamente valorada por coleccionistas debido a su dise\u00f1o exclusivo que celebra el simbolismo del caballo en el zodiaco chino, coincidiendo adem\u00e1s con el a\u00f1o de nacimiento de la marca (1942).<\/p>","protected":false},"featured_media":2923,"template":"","meta":{"_gspb_post_css":"","_joinchat":[]},"product_brand":[],"product_cat":[139],"product_tag":[],"class_list":{"0":"post-2921","1":"product","2":"type-product","3":"status-publish","4":"has-post-thumbnail","6":"product_cat-tequila","8":"first","9":"onbackorder","10":"shipping-taxable","11":"purchasable","12":"product-type-simple"},"supplier_id":2922,"supplier_sku":"","barcode":null,"atum_controlled":true,"out_stock_date":null,"out_stock_threshold":null,"inheritable":false,"inbound_stock":null,"stock_on_hold":0,"sold_today":0,"sales_last_days":0,"reserved_stock":null,"customer_returns":null,"warehouse_damage":null,"lost_in_post":null,"other_logs":null,"out_stock_days":0,"lost_sales":0,"has_location":null,"update_date":"2026-05-09T03:42:18","atum_locations":[],"atum_stock_status":"onbackorder","restock_status":false,"low_stock_amount":"","sales_update_date":"2026-05-09T03:42:18","calc_backorders":0,"_links":{"self":[{"href":"https:\/\/www.poke.com.ar\/en\/wp-json\/wp\/v2\/product\/2921","targetHints":{"allow":["GET"]}}],"collection":[{"href":"https:\/\/www.poke.com.ar\/en\/wp-json\/wp\/v2\/product"}],"about":[{"href":"https:\/\/www.poke.com.ar\/en\/wp-json\/wp\/v2\/types\/product"}],"wp:featuredmedia":[{"embeddable":true,"href":"https:\/\/www.poke.com.ar\/en\/wp-json\/wp\/v2\/media\/2923"}],"wp:attachment":[{"href":"https:\/\/www.poke.com.ar\/en\/wp-json\/wp\/v2\/media?parent=2921"}],"wp:term":[{"taxonomy":"product_brand","embeddable":true,"href":"https:\/\/www.poke.com.ar\/en\/wp-json\/wp\/v2\/product_brand?post=2921"},{"taxonomy":"product_cat","embeddable":true,"href":"https:\/\/www.poke.com.ar\/en\/wp-json\/wp\/v2\/product_cat?post=2921"},{"taxonomy":"product_tag","embeddable":true,"href":"https:\/\/www.poke.com.ar\/en\/wp-json\/wp\/v2\/product_tag?post=2921"}],"curies":[{"name":"wp","href":"https:\/\/api.w.org\/{rel}","templated":true}]}}