{"id":2918,"date":"2026-05-06T23:22:38","date_gmt":"2026-05-06T23:22:38","guid":{"rendered":"http:\/\/poke.com.arREMOTE_TARGET\/tienda\/glenlivet-caribbean-cask-700-ml\/"},"modified":"2026-05-06T23:22:38","modified_gmt":"2026-05-06T23:22:38","slug":"glenlivet-caribbean-cask-700-ml","status":"publish","type":"product","link":"https:\/\/www.poke.com.ar\/en\/tienda\/glenlivet-caribbean-cask-700-ml\/","title":{"rendered":"Glenlivet Caribbean Cask 700 Ml"},"content":{"rendered":"<p>Nariz: Aromas intensos a frutas tropicales como pl\u00e1tano maduro, pera y manzana, acompa\u00f1ados de notas dulces de caramelo y miel. Paladar: Textura suave y melosa. Se perciben sabores a caramelo toffee, seguidos de mandarina, vainilla y frutas ex\u00f3ticas como el mango y la papaya. Final: El final es c\u00edtrico, excepcionalmente suave y ligeramente corto, dejando un rastro de frutas tropicales.<\/p>","protected":false},"excerpt":{"rendered":"<p>The Glenlivet Caribbean Reserve es un whisky escoc\u00e9s de malta \u00fanica (Single Malt) que se distingue por su acabado en barricas que previamente contuvieron ron caribe\u00f1o. Esta t\u00e9cnica le otorga un perfil marcadamente tropical y suave, ideal para quienes buscan una experiencia dulce y refrescante.<\/p>","protected":false},"featured_media":2920,"template":"","meta":{"_gspb_post_css":"","_joinchat":[]},"product_brand":[],"product_cat":[135],"product_tag":[],"class_list":{"0":"post-2918","1":"product","2":"type-product","3":"status-publish","4":"has-post-thumbnail","6":"product_cat-single-malt","8":"first","9":"onbackorder","10":"shipping-taxable","11":"purchasable","12":"product-type-simple"},"supplier_id":2919,"supplier_sku":"","barcode":null,"atum_controlled":true,"out_stock_date":null,"out_stock_threshold":null,"inheritable":false,"inbound_stock":null,"stock_on_hold":0,"sold_today":0,"sales_last_days":0,"reserved_stock":null,"customer_returns":null,"warehouse_damage":null,"lost_in_post":null,"other_logs":null,"out_stock_days":0,"lost_sales":0,"has_location":null,"update_date":"2026-05-09T03:42:18","atum_locations":[],"atum_stock_status":"onbackorder","restock_status":false,"low_stock_amount":"","sales_update_date":"2026-05-09T03:42:18","calc_backorders":0,"_links":{"self":[{"href":"https:\/\/www.poke.com.ar\/en\/wp-json\/wp\/v2\/product\/2918","targetHints":{"allow":["GET"]}}],"collection":[{"href":"https:\/\/www.poke.com.ar\/en\/wp-json\/wp\/v2\/product"}],"about":[{"href":"https:\/\/www.poke.com.ar\/en\/wp-json\/wp\/v2\/types\/product"}],"wp:featuredmedia":[{"embeddable":true,"href":"https:\/\/www.poke.com.ar\/en\/wp-json\/wp\/v2\/media\/2920"}],"wp:attachment":[{"href":"https:\/\/www.poke.com.ar\/en\/wp-json\/wp\/v2\/media?parent=2918"}],"wp:term":[{"taxonomy":"product_brand","embeddable":true,"href":"https:\/\/www.poke.com.ar\/en\/wp-json\/wp\/v2\/product_brand?post=2918"},{"taxonomy":"product_cat","embeddable":true,"href":"https:\/\/www.poke.com.ar\/en\/wp-json\/wp\/v2\/product_cat?post=2918"},{"taxonomy":"product_tag","embeddable":true,"href":"https:\/\/www.poke.com.ar\/en\/wp-json\/wp\/v2\/product_tag?post=2918"}],"curies":[{"name":"wp","href":"https:\/\/api.w.org\/{rel}","templated":true}]}}