{"id":2906,"date":"2026-05-06T23:20:46","date_gmt":"2026-05-06T23:20:46","guid":{"rendered":"http:\/\/poke.com.arREMOTE_TARGET\/tienda\/los-biblicos-barrabas-cabernet-sauvignon-750-ml\/"},"modified":"2026-05-06T23:20:46","modified_gmt":"2026-05-06T23:20:46","slug":"los-biblicos-barrabas-cabernet-sauvignon-750-ml","status":"publish","type":"product","link":"https:\/\/www.poke.com.ar\/en\/tienda\/los-biblicos-barrabas-cabernet-sauvignon-750-ml\/","title":{"rendered":"Los Biblicos Barrabas Cabernet Sauvignon 750 ml"},"content":{"rendered":"<p>Vista: Presenta un color rojo rub\u00ed muy oscuro, intenso y vibrante con tonalidades profundas. Nariz: Se destaca por una nariz fresca con aromas que recuerdan al eucalipto, cassis y guindas. Al abrirse en la copa, aparecen notas m\u00e1s complejas de tabaco, especias y frutos secos aportados por la madera. Boca: Es un vino potente, firme y \u00abfiloso\u00bb, con gran volumen y una estructura de taninos marcada pero madura. Su final es prolongado y persistente.<\/p>","protected":false},"excerpt":{"rendered":"<p>Barrab\u00e1s by Judas Cabernet Sauvignon de 750 ml es un tinto de alta gama elaborado por la Bodega Sottano en la regi\u00f3n de Altamira, Valle de Uco (Mendoza). Forma parte de la colecci\u00f3n \u00abLos B\u00edblicos\u00bb junto a las etiquetas Judas y Mar\u00eda Magdalena.<\/p>","protected":false},"featured_media":2908,"template":"","meta":{"_gspb_post_css":"","_joinchat":[]},"product_brand":[],"product_cat":[141],"product_tag":[],"class_list":{"0":"post-2906","1":"product","2":"type-product","3":"status-publish","4":"has-post-thumbnail","6":"product_cat-bodega-sottano","8":"first","9":"onbackorder","10":"shipping-taxable","11":"purchasable","12":"product-type-simple"},"supplier_id":2907,"supplier_sku":"","barcode":null,"atum_controlled":true,"out_stock_date":null,"out_stock_threshold":null,"inheritable":false,"inbound_stock":null,"stock_on_hold":0,"sold_today":0,"sales_last_days":0,"reserved_stock":null,"customer_returns":null,"warehouse_damage":null,"lost_in_post":null,"other_logs":null,"out_stock_days":0,"lost_sales":0,"has_location":null,"update_date":"2026-05-09T03:42:17","atum_locations":[],"atum_stock_status":"onbackorder","restock_status":false,"low_stock_amount":"","sales_update_date":"2026-05-09T03:42:17","calc_backorders":0,"_links":{"self":[{"href":"https:\/\/www.poke.com.ar\/en\/wp-json\/wp\/v2\/product\/2906","targetHints":{"allow":["GET"]}}],"collection":[{"href":"https:\/\/www.poke.com.ar\/en\/wp-json\/wp\/v2\/product"}],"about":[{"href":"https:\/\/www.poke.com.ar\/en\/wp-json\/wp\/v2\/types\/product"}],"wp:featuredmedia":[{"embeddable":true,"href":"https:\/\/www.poke.com.ar\/en\/wp-json\/wp\/v2\/media\/2908"}],"wp:attachment":[{"href":"https:\/\/www.poke.com.ar\/en\/wp-json\/wp\/v2\/media?parent=2906"}],"wp:term":[{"taxonomy":"product_brand","embeddable":true,"href":"https:\/\/www.poke.com.ar\/en\/wp-json\/wp\/v2\/product_brand?post=2906"},{"taxonomy":"product_cat","embeddable":true,"href":"https:\/\/www.poke.com.ar\/en\/wp-json\/wp\/v2\/product_cat?post=2906"},{"taxonomy":"product_tag","embeddable":true,"href":"https:\/\/www.poke.com.ar\/en\/wp-json\/wp\/v2\/product_tag?post=2906"}],"curies":[{"name":"wp","href":"https:\/\/api.w.org\/{rel}","templated":true}]}}