{"id":2897,"date":"2026-05-06T23:19:24","date_gmt":"2026-05-06T23:19:24","guid":{"rendered":"http:\/\/poke.com.arREMOTE_TARGET\/tienda\/imperial-stag-malbec-2023-750-ml\/"},"modified":"2026-05-06T23:19:24","modified_gmt":"2026-05-06T23:19:24","slug":"imperial-stag-malbec-2023-750-ml","status":"publish","type":"product","link":"https:\/\/www.poke.com.ar\/en\/tienda\/imperial-stag-malbec-2023-750-ml\/","title":{"rendered":"Imperial Stag Malbec 2023 750 ml"},"content":{"rendered":"<p>Impacto Visual: Su color rojo rub\u00ed profundo anticipa la intensidad de lo que est\u00e1s por probar. Es un vino que se luce desde que sale de la botella. Un Viaje de Aromas: En nariz es una explosi\u00f3n de frutas rojas maduras (ciruelas y cerezas negras) entrelazadas con notas audaces de eucalipto. Su paso por roble franc\u00e9s no es un detalle, es el toque maestro que le da esos matices irresistibles de vainilla, tabaco y regaliz. Textura de Terciopelo: En boca es donde ocurre la magia. Es robusto y concentrado, pero sus taninos son tan suaves que acarician el paladar. Tiene ese final largo y persistente que te invita a dar un segundo sorbo de inmediato.<\/p>","protected":false},"excerpt":{"rendered":"<p>No es solo un Malbec; es un tributo a la majestuosidad de la naturaleza. Directo desde los terru\u00f1os privilegiados de San Rafael, Mendoza, el Imperial Stag (el Ciervo Imperial) nace para quienes buscan un vino con car\u00e1cter, presencia y una historia que contar en cada copa.<\/p>","protected":false},"featured_media":2899,"template":"","meta":{"_gspb_post_css":"","_joinchat":[]},"product_brand":[],"product_cat":[149],"product_tag":[],"class_list":{"0":"post-2897","1":"product","2":"type-product","3":"status-publish","4":"has-post-thumbnail","6":"product_cat-imperial-stag","8":"first","9":"onbackorder","10":"shipping-taxable","11":"purchasable","12":"product-type-simple"},"supplier_id":2898,"supplier_sku":"","barcode":null,"atum_controlled":true,"out_stock_date":null,"out_stock_threshold":null,"inheritable":false,"inbound_stock":null,"stock_on_hold":0,"sold_today":0,"sales_last_days":0,"reserved_stock":null,"customer_returns":null,"warehouse_damage":null,"lost_in_post":null,"other_logs":null,"out_stock_days":0,"lost_sales":0,"has_location":null,"update_date":"2026-05-09T03:42:17","atum_locations":[],"atum_stock_status":"onbackorder","restock_status":false,"low_stock_amount":"","sales_update_date":"2026-05-09T03:42:17","calc_backorders":0,"_links":{"self":[{"href":"https:\/\/www.poke.com.ar\/en\/wp-json\/wp\/v2\/product\/2897","targetHints":{"allow":["GET"]}}],"collection":[{"href":"https:\/\/www.poke.com.ar\/en\/wp-json\/wp\/v2\/product"}],"about":[{"href":"https:\/\/www.poke.com.ar\/en\/wp-json\/wp\/v2\/types\/product"}],"wp:featuredmedia":[{"embeddable":true,"href":"https:\/\/www.poke.com.ar\/en\/wp-json\/wp\/v2\/media\/2899"}],"wp:attachment":[{"href":"https:\/\/www.poke.com.ar\/en\/wp-json\/wp\/v2\/media?parent=2897"}],"wp:term":[{"taxonomy":"product_brand","embeddable":true,"href":"https:\/\/www.poke.com.ar\/en\/wp-json\/wp\/v2\/product_brand?post=2897"},{"taxonomy":"product_cat","embeddable":true,"href":"https:\/\/www.poke.com.ar\/en\/wp-json\/wp\/v2\/product_cat?post=2897"},{"taxonomy":"product_tag","embeddable":true,"href":"https:\/\/www.poke.com.ar\/en\/wp-json\/wp\/v2\/product_tag?post=2897"}],"curies":[{"name":"wp","href":"https:\/\/api.w.org\/{rel}","templated":true}]}}