{"id":2894,"date":"2026-05-06T23:19:00","date_gmt":"2026-05-06T23:19:00","guid":{"rendered":"http:\/\/poke.com.arREMOTE_TARGET\/tienda\/cerbero-cabernet-sauvignon-750-ml\/"},"modified":"2026-05-06T23:19:00","modified_gmt":"2026-05-06T23:19:00","slug":"cerbero-cabernet-sauvignon-750-ml","status":"publish","type":"product","link":"https:\/\/www.poke.com.ar\/en\/tienda\/cerbero-cabernet-sauvignon-750-ml\/","title":{"rendered":"Cerbero &#8211; Cabernet Sauvignon 750 ml"},"content":{"rendered":"<p>Vista: Presenta un color rojo rub\u00ed profundo y brillante, con reflejos viol\u00e1ceos que denotan su viveza. Nariz: Una explosi\u00f3n de frutos rojos y negros maduros, como grosellas y ciruelas, perfectamente integrados con notas de pimienta negra, tabaco y un sutil toque de chocolate aportado por su paso por madera. Boca: De entrada imponente y buen cuerpo. Sus taninos son firmes pero maduros, ofreciendo un final largo, persistente y muy elegante.<\/p>","protected":false},"excerpt":{"rendered":"<p>Cerbero, el legendario guardi\u00e1n del inframundo, da nombre a este ejemplar de Bodega Sottano que destaca por su robustez y complejidad. Es un vino dise\u00f1ado para quienes buscan la m\u00e1xima expresi\u00f3n del Cabernet Sauvignon mendocino: potente, estructurado y con una personalidad imposible de ignorar.<\/p>","protected":false},"featured_media":2896,"template":"","meta":{"_gspb_post_css":"","_joinchat":[]},"product_brand":[],"product_cat":[141],"product_tag":[],"class_list":{"0":"post-2894","1":"product","2":"type-product","3":"status-publish","4":"has-post-thumbnail","6":"product_cat-bodega-sottano","8":"first","9":"onbackorder","10":"shipping-taxable","11":"purchasable","12":"product-type-simple"},"supplier_id":2895,"supplier_sku":"","barcode":null,"atum_controlled":true,"out_stock_date":null,"out_stock_threshold":null,"inheritable":false,"inbound_stock":null,"stock_on_hold":0,"sold_today":0,"sales_last_days":0,"reserved_stock":null,"customer_returns":null,"warehouse_damage":null,"lost_in_post":null,"other_logs":null,"out_stock_days":0,"lost_sales":0,"has_location":null,"update_date":"2026-05-09T03:42:17","atum_locations":[],"atum_stock_status":"onbackorder","restock_status":false,"low_stock_amount":"","sales_update_date":"2026-05-09T03:42:17","calc_backorders":0,"_links":{"self":[{"href":"https:\/\/www.poke.com.ar\/en\/wp-json\/wp\/v2\/product\/2894","targetHints":{"allow":["GET"]}}],"collection":[{"href":"https:\/\/www.poke.com.ar\/en\/wp-json\/wp\/v2\/product"}],"about":[{"href":"https:\/\/www.poke.com.ar\/en\/wp-json\/wp\/v2\/types\/product"}],"wp:featuredmedia":[{"embeddable":true,"href":"https:\/\/www.poke.com.ar\/en\/wp-json\/wp\/v2\/media\/2896"}],"wp:attachment":[{"href":"https:\/\/www.poke.com.ar\/en\/wp-json\/wp\/v2\/media?parent=2894"}],"wp:term":[{"taxonomy":"product_brand","embeddable":true,"href":"https:\/\/www.poke.com.ar\/en\/wp-json\/wp\/v2\/product_brand?post=2894"},{"taxonomy":"product_cat","embeddable":true,"href":"https:\/\/www.poke.com.ar\/en\/wp-json\/wp\/v2\/product_cat?post=2894"},{"taxonomy":"product_tag","embeddable":true,"href":"https:\/\/www.poke.com.ar\/en\/wp-json\/wp\/v2\/product_tag?post=2894"}],"curies":[{"name":"wp","href":"https:\/\/api.w.org\/{rel}","templated":true}]}}