{"id":2879,"date":"2026-05-06T23:16:58","date_gmt":"2026-05-06T23:16:58","guid":{"rendered":"http:\/\/poke.com.arREMOTE_TARGET\/tienda\/ojo-de-buen-cubero-malbec-750-ml\/"},"modified":"2026-05-06T23:16:58","modified_gmt":"2026-05-06T23:16:58","slug":"ojo-de-buen-cubero-malbec-750-ml","status":"publish","type":"product","link":"https:\/\/www.poke.com.ar\/en\/tienda\/ojo-de-buen-cubero-malbec-750-ml\/","title":{"rendered":"Ojo De Buen Cubero Malbec 750 ml"},"content":{"rendered":"<p>Vista: Presenta un color rojo viol\u00e1ceo intenso y brillante, t\u00edpico de los grandes Malbecs. Nariz: Explosi\u00f3n de frutos rojos maduros como ciruelas y cerezas, acompa\u00f1ados de sutiles notas florales a violetas. Boca: Es un vino de entrada dulce y equilibrada. Sus taninos son suaves y redondos, ofreciendo un final persistente y muy agradable al paladar. Es el compa\u00f1ero perfecto para el cl\u00e1sico asado argentino, carnes rojas a la parrilla, pastas con salsas rojas intensas y quesos de pasta dura.<\/p>","protected":false},"excerpt":{"rendered":"<p>Ojo De Buen Cubero es un vino que hace honor a su nombre: una selecci\u00f3n precisa y equilibrada pensada para quienes buscan la expresi\u00f3n aut\u00e9ntica del varietal emblem\u00e1tico de Argentina. Este Malbec destaca por su frescura, su car\u00e1cter frutal y una estructura amable que lo hace ideal para cualquier ocasi\u00f3n.<\/p>","protected":false},"featured_media":2881,"template":"","meta":{"_gspb_post_css":"","_joinchat":[]},"product_brand":[],"product_cat":[144],"product_tag":[],"class_list":{"0":"post-2879","1":"product","2":"type-product","3":"status-publish","4":"has-post-thumbnail","6":"product_cat-bodega-cuchillo-de-palo","8":"first","9":"onbackorder","10":"shipping-taxable","11":"purchasable","12":"product-type-simple"},"supplier_id":2880,"supplier_sku":"","barcode":null,"atum_controlled":true,"out_stock_date":null,"out_stock_threshold":null,"inheritable":false,"inbound_stock":null,"stock_on_hold":0,"sold_today":0,"sales_last_days":0,"reserved_stock":null,"customer_returns":null,"warehouse_damage":null,"lost_in_post":null,"other_logs":null,"out_stock_days":0,"lost_sales":0,"has_location":null,"update_date":"2026-05-09T03:42:19","atum_locations":[],"atum_stock_status":"onbackorder","restock_status":false,"low_stock_amount":"","sales_update_date":"2026-05-09T03:42:19","calc_backorders":0,"_links":{"self":[{"href":"https:\/\/www.poke.com.ar\/en\/wp-json\/wp\/v2\/product\/2879","targetHints":{"allow":["GET"]}}],"collection":[{"href":"https:\/\/www.poke.com.ar\/en\/wp-json\/wp\/v2\/product"}],"about":[{"href":"https:\/\/www.poke.com.ar\/en\/wp-json\/wp\/v2\/types\/product"}],"wp:featuredmedia":[{"embeddable":true,"href":"https:\/\/www.poke.com.ar\/en\/wp-json\/wp\/v2\/media\/2881"}],"wp:attachment":[{"href":"https:\/\/www.poke.com.ar\/en\/wp-json\/wp\/v2\/media?parent=2879"}],"wp:term":[{"taxonomy":"product_brand","embeddable":true,"href":"https:\/\/www.poke.com.ar\/en\/wp-json\/wp\/v2\/product_brand?post=2879"},{"taxonomy":"product_cat","embeddable":true,"href":"https:\/\/www.poke.com.ar\/en\/wp-json\/wp\/v2\/product_cat?post=2879"},{"taxonomy":"product_tag","embeddable":true,"href":"https:\/\/www.poke.com.ar\/en\/wp-json\/wp\/v2\/product_tag?post=2879"}],"curies":[{"name":"wp","href":"https:\/\/api.w.org\/{rel}","templated":true}]}}