{"id":2864,"date":"2026-05-06T23:14:55","date_gmt":"2026-05-06T23:14:55","guid":{"rendered":"http:\/\/poke.com.arREMOTE_TARGET\/tienda\/casa-de-herrero-malbec-2024-750-ml\/"},"modified":"2026-05-06T23:14:55","modified_gmt":"2026-05-06T23:14:55","slug":"casa-de-herrero-malbec-2024-750-ml","status":"publish","type":"product","link":"https:\/\/www.poke.com.ar\/en\/tienda\/casa-de-herrero-malbec-2024-750-ml\/","title":{"rendered":"Casa De Herrero Malbec 2024 750 ml"},"content":{"rendered":"<p>Vista: Presenta un color rojo viol\u00e1ceo brillante con reflejos p\u00farpuras, muy caracter\u00edstico de la zona de Vista Flores. Nariz: Se destacan aromas intensos a frutas rojas frescas como frambuesa y ciruela, entrelazados con notas especiadas y suaves toques de vainilla y caramelo aportados por la madera. Boca: Es un vino de cuerpo medio, jugoso y equilibrado. Posee una acidez marcada que le otorga frescura, con taninos sedosos y un final redondo y persistente. Es el compa\u00f1ero ideal para un asado argentino, carnes rojas a la parrilla, pastas con salsas intensas o una buena tabla de quesos semiduros y embutidos.<\/p>","protected":false},"excerpt":{"rendered":"<p>Casa de Herrero Malbec es un vino tinto moderno y expresivo, elaborado por la bodega Cuchillo de Palo en la prestigiosa zona de Vista Flores, Valle de Uco. Esta cosecha 2024 destaca por ser un Malbec \u00absin vueltas\u00bb: fresco, directo y extremadamente f\u00e1cil de beber, ideal para quienes buscan calidad y equilibrio en un vino joven.<\/p>","protected":false},"featured_media":2866,"template":"","meta":{"_gspb_post_css":"","_joinchat":[]},"product_brand":[],"product_cat":[144],"product_tag":[],"class_list":{"0":"post-2864","1":"product","2":"type-product","3":"status-publish","4":"has-post-thumbnail","6":"product_cat-bodega-cuchillo-de-palo","8":"first","9":"onbackorder","10":"shipping-taxable","11":"purchasable","12":"product-type-simple"},"supplier_id":2865,"supplier_sku":"","barcode":null,"atum_controlled":true,"out_stock_date":null,"out_stock_threshold":null,"inheritable":false,"inbound_stock":null,"stock_on_hold":0,"sold_today":0,"sales_last_days":0,"reserved_stock":null,"customer_returns":null,"warehouse_damage":null,"lost_in_post":null,"other_logs":null,"out_stock_days":0,"lost_sales":0,"has_location":null,"update_date":"2026-05-09T03:42:19","atum_locations":[],"atum_stock_status":"onbackorder","restock_status":false,"low_stock_amount":"","sales_update_date":"2026-05-09T03:42:19","calc_backorders":0,"_links":{"self":[{"href":"https:\/\/www.poke.com.ar\/en\/wp-json\/wp\/v2\/product\/2864","targetHints":{"allow":["GET"]}}],"collection":[{"href":"https:\/\/www.poke.com.ar\/en\/wp-json\/wp\/v2\/product"}],"about":[{"href":"https:\/\/www.poke.com.ar\/en\/wp-json\/wp\/v2\/types\/product"}],"wp:featuredmedia":[{"embeddable":true,"href":"https:\/\/www.poke.com.ar\/en\/wp-json\/wp\/v2\/media\/2866"}],"wp:attachment":[{"href":"https:\/\/www.poke.com.ar\/en\/wp-json\/wp\/v2\/media?parent=2864"}],"wp:term":[{"taxonomy":"product_brand","embeddable":true,"href":"https:\/\/www.poke.com.ar\/en\/wp-json\/wp\/v2\/product_brand?post=2864"},{"taxonomy":"product_cat","embeddable":true,"href":"https:\/\/www.poke.com.ar\/en\/wp-json\/wp\/v2\/product_cat?post=2864"},{"taxonomy":"product_tag","embeddable":true,"href":"https:\/\/www.poke.com.ar\/en\/wp-json\/wp\/v2\/product_tag?post=2864"}],"curies":[{"name":"wp","href":"https:\/\/api.w.org\/{rel}","templated":true}]}}