{"id":2861,"date":"2026-05-06T23:14:31","date_gmt":"2026-05-06T23:14:31","guid":{"rendered":"http:\/\/poke.com.arREMOTE_TARGET\/tienda\/petit-caro-magnum-cabernet-sauvignon-malbec-2022-1500-ml\/"},"modified":"2026-05-06T23:14:31","modified_gmt":"2026-05-06T23:14:31","slug":"petit-caro-magnum-cabernet-sauvignon-malbec-2022-1500-ml","status":"publish","type":"product","link":"https:\/\/www.poke.com.ar\/en\/tienda\/petit-caro-magnum-cabernet-sauvignon-malbec-2022-1500-ml\/","title":{"rendered":"Petit Caro Magnum Cabernet Sauvignon-Malbec 2022 1500 ml"},"content":{"rendered":"<p>Vista: Color rojo rub\u00ed profundo con reflejos viol\u00e1ceos intensos. Nariz: Un bouquet complejo donde destacan las frutas negras (moras, ciruelas) entrelazadas con notas de vainilla, higos secos y un sutil toque especiado aportado por su impecable paso por roble franc\u00e9s. Boca: Entrada sedosa y equilibrada. El Malbec aporta la redondez y dulzor de los taninos, mientras que el Cabernet Sauvignon otorga la estructura y persistencia que definen a los grandes vinos de corte. Ideal para acompa\u00f1ar carnes rojas a la parrilla, cordero asado, platos de caza o quesos de pasta dura. Se recomienda decantar 30 minutos antes de servir para expresar todo su potencial.<\/p>","protected":false},"excerpt":{"rendered":"<p>El Petit Caro 2022 en su exclusivo formato Magnum de 1500ml es m\u00e1s que un vino; es la m\u00e1xima expresi\u00f3n de la alianza entre Domaines Barons de Rothschild (Lafite) y Nicol\u00e1s Catena. Este blend tinto combina la estructura del Cabernet Sauvignon con la elegancia frutal del Malbec argentino.<\/p>","protected":false},"featured_media":2863,"template":"","meta":{"_gspb_post_css":"","_joinchat":[]},"product_brand":[],"product_cat":[145],"product_tag":[],"class_list":{"0":"post-2861","1":"product","2":"type-product","3":"status-publish","4":"has-post-thumbnail","6":"product_cat-bodega-caro","8":"first","9":"onbackorder","10":"shipping-taxable","11":"purchasable","12":"product-type-simple"},"supplier_id":2862,"supplier_sku":"","barcode":null,"atum_controlled":true,"out_stock_date":null,"out_stock_threshold":null,"inheritable":false,"inbound_stock":null,"stock_on_hold":0,"sold_today":0,"sales_last_days":0,"reserved_stock":null,"customer_returns":null,"warehouse_damage":null,"lost_in_post":null,"other_logs":null,"out_stock_days":0,"lost_sales":0,"has_location":null,"update_date":"2026-05-09T03:42:19","atum_locations":[],"atum_stock_status":"onbackorder","restock_status":false,"low_stock_amount":"","sales_update_date":"2026-05-09T03:42:19","calc_backorders":0,"_links":{"self":[{"href":"https:\/\/www.poke.com.ar\/en\/wp-json\/wp\/v2\/product\/2861","targetHints":{"allow":["GET"]}}],"collection":[{"href":"https:\/\/www.poke.com.ar\/en\/wp-json\/wp\/v2\/product"}],"about":[{"href":"https:\/\/www.poke.com.ar\/en\/wp-json\/wp\/v2\/types\/product"}],"wp:featuredmedia":[{"embeddable":true,"href":"https:\/\/www.poke.com.ar\/en\/wp-json\/wp\/v2\/media\/2863"}],"wp:attachment":[{"href":"https:\/\/www.poke.com.ar\/en\/wp-json\/wp\/v2\/media?parent=2861"}],"wp:term":[{"taxonomy":"product_brand","embeddable":true,"href":"https:\/\/www.poke.com.ar\/en\/wp-json\/wp\/v2\/product_brand?post=2861"},{"taxonomy":"product_cat","embeddable":true,"href":"https:\/\/www.poke.com.ar\/en\/wp-json\/wp\/v2\/product_cat?post=2861"},{"taxonomy":"product_tag","embeddable":true,"href":"https:\/\/www.poke.com.ar\/en\/wp-json\/wp\/v2\/product_tag?post=2861"}],"curies":[{"name":"wp","href":"https:\/\/api.w.org\/{rel}","templated":true}]}}