{"id":2849,"date":"2026-05-06T23:12:48","date_gmt":"2026-05-06T23:12:48","guid":{"rendered":"http:\/\/poke.com.arREMOTE_TARGET\/tienda\/cupra-incoronata-rose-750-ml\/"},"modified":"2026-05-06T23:12:48","modified_gmt":"2026-05-06T23:12:48","slug":"cupra-incoronata-rose-750-ml","status":"publish","type":"product","link":"https:\/\/www.poke.com.ar\/en\/tienda\/cupra-incoronata-rose-750-ml\/","title":{"rendered":"Cupra Incoronata Rose 750 ml"},"content":{"rendered":"<p>Vista: Color rosado salm\u00f3n tenue, brillante y elegante. Nariz: Se perciben notas de flores blancas y frutas rojas frescas como cerezas, cassis y moras. Boca: Presenta buen cuerpo y estructura. Se distingue por un final sorprendente con sabores a pan grillado y almendras tostadas. Su acidez es equilibrada y refrescante. Ideal como aperitivo o para acompa\u00f1ar platos frescos como ensaladas, pescados, mariscos y carnes blancas. Tambi\u00e9n marida excelente con picoteos y platos ligeros en situaciones relajadas.<\/p>","protected":false},"excerpt":{"rendered":"<p>Descubr\u00ed el Cupra Incoronata Ros\u00e9 Fum\u00e9, un rosado de alta gama que redefine el concepto de frescura y elegancia. Elaborado en el prestigioso Valle de Uco, Mendoza, este vino nace de un blend excepcional de 50% Pinot Noir y 50% Syrah, bajo la firma del reconocido en\u00f3logo Mat\u00edas Michelini en colaboraci\u00f3n con la familia Angelici.<\/p>","protected":false},"featured_media":2851,"template":"","meta":{"_gspb_post_css":"","_joinchat":[]},"product_brand":[],"product_cat":[147],"product_tag":[],"class_list":{"0":"post-2849","1":"product","2":"type-product","3":"status-publish","4":"has-post-thumbnail","6":"product_cat-angelici-cupra-wines","8":"first","9":"onbackorder","10":"shipping-taxable","11":"purchasable","12":"product-type-simple"},"supplier_id":2850,"supplier_sku":"","barcode":null,"atum_controlled":true,"out_stock_date":null,"out_stock_threshold":null,"inheritable":false,"inbound_stock":null,"stock_on_hold":0,"sold_today":0,"sales_last_days":0,"reserved_stock":null,"customer_returns":null,"warehouse_damage":null,"lost_in_post":null,"other_logs":null,"out_stock_days":0,"lost_sales":0,"has_location":null,"update_date":"2026-05-09T03:42:19","atum_locations":[],"atum_stock_status":"onbackorder","restock_status":false,"low_stock_amount":"","sales_update_date":"2026-05-09T03:42:19","calc_backorders":0,"_links":{"self":[{"href":"https:\/\/www.poke.com.ar\/en\/wp-json\/wp\/v2\/product\/2849","targetHints":{"allow":["GET"]}}],"collection":[{"href":"https:\/\/www.poke.com.ar\/en\/wp-json\/wp\/v2\/product"}],"about":[{"href":"https:\/\/www.poke.com.ar\/en\/wp-json\/wp\/v2\/types\/product"}],"wp:featuredmedia":[{"embeddable":true,"href":"https:\/\/www.poke.com.ar\/en\/wp-json\/wp\/v2\/media\/2851"}],"wp:attachment":[{"href":"https:\/\/www.poke.com.ar\/en\/wp-json\/wp\/v2\/media?parent=2849"}],"wp:term":[{"taxonomy":"product_brand","embeddable":true,"href":"https:\/\/www.poke.com.ar\/en\/wp-json\/wp\/v2\/product_brand?post=2849"},{"taxonomy":"product_cat","embeddable":true,"href":"https:\/\/www.poke.com.ar\/en\/wp-json\/wp\/v2\/product_cat?post=2849"},{"taxonomy":"product_tag","embeddable":true,"href":"https:\/\/www.poke.com.ar\/en\/wp-json\/wp\/v2\/product_tag?post=2849"}],"curies":[{"name":"wp","href":"https:\/\/api.w.org\/{rel}","templated":true}]}}