{"id":2821,"date":"2026-05-06T23:08:35","date_gmt":"2026-05-06T23:08:35","guid":{"rendered":"http:\/\/poke.com.arREMOTE_TARGET\/tienda\/los-biblicos-pilatos-cofermentado-de-malbec-750-ml\/"},"modified":"2026-05-06T23:08:35","modified_gmt":"2026-05-06T23:08:35","slug":"los-biblicos-pilatos-cofermentado-de-malbec-750-ml","status":"publish","type":"product","link":"https:\/\/www.poke.com.ar\/en\/tienda\/los-biblicos-pilatos-cofermentado-de-malbec-750-ml\/","title":{"rendered":"Los Biblicos Pilatos Cofermentado De Malbec 750 ml"},"content":{"rendered":"<p>Vista: Presenta un color rojo viol\u00e1ceo intenso con reflejos brillantes. Nariz: Explosi\u00f3n de frutas rojas frescas (cerezas, ciruelas) entrelazadas con sutiles notas florales y especiadas propias del proceso de cofermentaci\u00f3n. Boca: Entrada \u00e1gil y fluida. Es un vino de cuerpo medio con taninos sedosos y una acidez equilibrada que invita a una segunda copa. Su final es persistente y muy frutal. Perfecto para acompa\u00f1ar carnes rojas a la parrilla, pastas con salsas mediterr\u00e1neas, tablas de quesos maduros o simplemente para disfrutar como aperitivo en una reuni\u00f3n distendida.<\/p>","protected":false},"excerpt":{"rendered":"<p>Descubre la audacia de Los B\u00edblicos Pilatos, un vino Cofermentado de Malbec que rompe moldes. Elaborado bajo la filosof\u00eda de m\u00ednima intervenci\u00f3n, este ejemplar destaca por su frescura vibrante y una complejidad arom\u00e1tica \u00fanica, fruto de una t\u00e9cnica de cofermentaci\u00f3n que potencia la expresi\u00f3n m\u00e1s pura del terru\u00f1o.<\/p>","protected":false},"featured_media":2823,"template":"","meta":{"_gspb_post_css":"","_joinchat":[]},"product_brand":[],"product_cat":[141],"product_tag":[],"class_list":{"0":"post-2821","1":"product","2":"type-product","3":"status-publish","4":"has-post-thumbnail","6":"product_cat-bodega-sottano","8":"first","9":"onbackorder","10":"shipping-taxable","11":"purchasable","12":"product-type-simple"},"supplier_id":2822,"supplier_sku":"","barcode":null,"atum_controlled":true,"out_stock_date":null,"out_stock_threshold":null,"inheritable":false,"inbound_stock":null,"stock_on_hold":0,"sold_today":0,"sales_last_days":0,"reserved_stock":null,"customer_returns":null,"warehouse_damage":null,"lost_in_post":null,"other_logs":null,"out_stock_days":0,"lost_sales":0,"has_location":null,"update_date":"2026-05-09T03:42:18","atum_locations":[],"atum_stock_status":"onbackorder","restock_status":false,"low_stock_amount":"","sales_update_date":"2026-05-09T03:42:18","calc_backorders":0,"_links":{"self":[{"href":"https:\/\/www.poke.com.ar\/en\/wp-json\/wp\/v2\/product\/2821","targetHints":{"allow":["GET"]}}],"collection":[{"href":"https:\/\/www.poke.com.ar\/en\/wp-json\/wp\/v2\/product"}],"about":[{"href":"https:\/\/www.poke.com.ar\/en\/wp-json\/wp\/v2\/types\/product"}],"wp:featuredmedia":[{"embeddable":true,"href":"https:\/\/www.poke.com.ar\/en\/wp-json\/wp\/v2\/media\/2823"}],"wp:attachment":[{"href":"https:\/\/www.poke.com.ar\/en\/wp-json\/wp\/v2\/media?parent=2821"}],"wp:term":[{"taxonomy":"product_brand","embeddable":true,"href":"https:\/\/www.poke.com.ar\/en\/wp-json\/wp\/v2\/product_brand?post=2821"},{"taxonomy":"product_cat","embeddable":true,"href":"https:\/\/www.poke.com.ar\/en\/wp-json\/wp\/v2\/product_cat?post=2821"},{"taxonomy":"product_tag","embeddable":true,"href":"https:\/\/www.poke.com.ar\/en\/wp-json\/wp\/v2\/product_tag?post=2821"}],"curies":[{"name":"wp","href":"https:\/\/api.w.org\/{rel}","templated":true}]}}