{"id":2806,"date":"2026-05-06T23:06:05","date_gmt":"2026-05-06T23:06:05","guid":{"rendered":"http:\/\/poke.com.arREMOTE_TARGET\/tienda\/benmarco-sin-limites-malbec-gualtallary-750-ml\/"},"modified":"2026-05-06T23:06:05","modified_gmt":"2026-05-06T23:06:05","slug":"benmarco-sin-limites-malbec-gualtallary-750-ml","status":"publish","type":"product","link":"https:\/\/www.poke.com.ar\/en\/tienda\/benmarco-sin-limites-malbec-gualtallary-750-ml\/","title":{"rendered":"Benmarco Sin Limites Malbec Gualtallary 750 ml"},"content":{"rendered":"<p>Vista: Color viol\u00e1ceo profundo y brillante. Nariz: Se destaca por su perfil austero y elegante. Predominan las notas de frutas negras, pimienta e interesantes matices minerales y de tiza, t\u00edpicos del suelo calc\u00e1reo. Boca: Es un vino de gran estructura pero con una frescura vibrante. Sus taninos son firmes y de textura granulosa (tipo \u00ablija\u00bb), con un final largo, persistente y muy limpio. Maridaje ideal: Carnes rojas a la parrilla, cordero especiado, pastas con salsas intensas o quesos de pasta dura.<\/p>","protected":false},"excerpt":{"rendered":"<p>BenMarco Sin L\u00edmites es la l\u00ednea de Edgardo del P\u00f3polo que busca expresar la identidad m\u00e1s ind\u00f3mita de la consulta. Este Malbec proviene de Gualtallary (Valle de Uco), una de las zonas m\u00e1s prestigiosas de Mendoza, caracterizada por sus suelos calc\u00e1reos y gran altitud.<\/p>","protected":false},"featured_media":2808,"template":"","meta":{"_gspb_post_css":"","_joinchat":[]},"product_brand":[],"product_cat":[148],"product_tag":[],"class_list":{"0":"post-2806","1":"product","2":"type-product","3":"status-publish","4":"has-post-thumbnail","6":"product_cat-bodega-susana-balbo","8":"first","9":"onbackorder","10":"shipping-taxable","11":"purchasable","12":"product-type-simple"},"supplier_id":2807,"supplier_sku":"","barcode":null,"atum_controlled":true,"out_stock_date":null,"out_stock_threshold":null,"inheritable":false,"inbound_stock":null,"stock_on_hold":0,"sold_today":0,"sales_last_days":0,"reserved_stock":null,"customer_returns":null,"warehouse_damage":null,"lost_in_post":null,"other_logs":null,"out_stock_days":0,"lost_sales":0,"has_location":null,"update_date":"2026-05-09T03:42:16","atum_locations":[],"atum_stock_status":"onbackorder","restock_status":false,"low_stock_amount":"","sales_update_date":"2026-05-09T03:42:16","calc_backorders":0,"_links":{"self":[{"href":"https:\/\/www.poke.com.ar\/en\/wp-json\/wp\/v2\/product\/2806","targetHints":{"allow":["GET"]}}],"collection":[{"href":"https:\/\/www.poke.com.ar\/en\/wp-json\/wp\/v2\/product"}],"about":[{"href":"https:\/\/www.poke.com.ar\/en\/wp-json\/wp\/v2\/types\/product"}],"wp:featuredmedia":[{"embeddable":true,"href":"https:\/\/www.poke.com.ar\/en\/wp-json\/wp\/v2\/media\/2808"}],"wp:attachment":[{"href":"https:\/\/www.poke.com.ar\/en\/wp-json\/wp\/v2\/media?parent=2806"}],"wp:term":[{"taxonomy":"product_brand","embeddable":true,"href":"https:\/\/www.poke.com.ar\/en\/wp-json\/wp\/v2\/product_brand?post=2806"},{"taxonomy":"product_cat","embeddable":true,"href":"https:\/\/www.poke.com.ar\/en\/wp-json\/wp\/v2\/product_cat?post=2806"},{"taxonomy":"product_tag","embeddable":true,"href":"https:\/\/www.poke.com.ar\/en\/wp-json\/wp\/v2\/product_tag?post=2806"}],"curies":[{"name":"wp","href":"https:\/\/api.w.org\/{rel}","templated":true}]}}