{"id":2803,"date":"2026-05-06T23:05:34","date_gmt":"2026-05-06T23:05:34","guid":{"rendered":"http:\/\/poke.com.arREMOTE_TARGET\/tienda\/benmarco-sin-limites-malbec-pedernal-750-ml\/"},"modified":"2026-05-06T23:05:34","modified_gmt":"2026-05-06T23:05:34","slug":"benmarco-sin-limites-malbec-pedernal-750-ml","status":"publish","type":"product","link":"https:\/\/www.poke.com.ar\/en\/tienda\/benmarco-sin-limites-malbec-pedernal-750-ml\/","title":{"rendered":"Benmarco Sin Limites Malbec Pedernal 750 ml"},"content":{"rendered":"<p>Vista: Color rojo viol\u00e1ceo profundo con reflejos brillantes. Nariz: Una explosi\u00f3n de frutas negras silvestres, notas de violetas y un car\u00e1cter mineral muy marcado que recuerda a la piedra mojada y el grafito. Boca: Entrada vibrante y el\u00e9ctrica. Posee una acidez natural envidiable y taninos de grano fino que aportan una estructura elegante. Su final es largo, persistente y muy fresco. Ideal para acompa\u00f1ar carnes rojas a la parrilla, cordero patag\u00f3nico, platos con hongos silvestres o quesos de pasta dura y maduros.<\/p>","protected":false},"excerpt":{"rendered":"<p>BenMarco Sin L\u00edmites es la l\u00ednea de Edgardo del P\u00f3polo que busca desafiar las fronteras tradicionales del vino argentino. Este Malbec proviene del ind\u00f3mito Valle de Pedernal, San Juan, un oasis de altura a 1.350 msnm caracterizado por sus suelos de s\u00edlex (piedra de rayo) y un clima continental extremo.<\/p>","protected":false},"featured_media":2805,"template":"","meta":{"_gspb_post_css":"","_joinchat":[]},"product_brand":[],"product_cat":[148],"product_tag":[],"class_list":{"0":"post-2803","1":"product","2":"type-product","3":"status-publish","4":"has-post-thumbnail","6":"product_cat-bodega-susana-balbo","8":"first","9":"onbackorder","10":"shipping-taxable","11":"purchasable","12":"product-type-simple"},"supplier_id":2804,"supplier_sku":"","barcode":null,"atum_controlled":true,"out_stock_date":null,"out_stock_threshold":null,"inheritable":false,"inbound_stock":null,"stock_on_hold":0,"sold_today":0,"sales_last_days":0,"reserved_stock":null,"customer_returns":null,"warehouse_damage":null,"lost_in_post":null,"other_logs":null,"out_stock_days":0,"lost_sales":0,"has_location":null,"update_date":"2026-05-09T03:42:17","atum_locations":[],"atum_stock_status":"onbackorder","restock_status":false,"low_stock_amount":"","sales_update_date":"2026-05-09T03:42:17","calc_backorders":0,"_links":{"self":[{"href":"https:\/\/www.poke.com.ar\/en\/wp-json\/wp\/v2\/product\/2803","targetHints":{"allow":["GET"]}}],"collection":[{"href":"https:\/\/www.poke.com.ar\/en\/wp-json\/wp\/v2\/product"}],"about":[{"href":"https:\/\/www.poke.com.ar\/en\/wp-json\/wp\/v2\/types\/product"}],"wp:featuredmedia":[{"embeddable":true,"href":"https:\/\/www.poke.com.ar\/en\/wp-json\/wp\/v2\/media\/2805"}],"wp:attachment":[{"href":"https:\/\/www.poke.com.ar\/en\/wp-json\/wp\/v2\/media?parent=2803"}],"wp:term":[{"taxonomy":"product_brand","embeddable":true,"href":"https:\/\/www.poke.com.ar\/en\/wp-json\/wp\/v2\/product_brand?post=2803"},{"taxonomy":"product_cat","embeddable":true,"href":"https:\/\/www.poke.com.ar\/en\/wp-json\/wp\/v2\/product_cat?post=2803"},{"taxonomy":"product_tag","embeddable":true,"href":"https:\/\/www.poke.com.ar\/en\/wp-json\/wp\/v2\/product_tag?post=2803"}],"curies":[{"name":"wp","href":"https:\/\/api.w.org\/{rel}","templated":true}]}}