{"id":2785,"date":"2026-05-06T23:02:44","date_gmt":"2026-05-06T23:02:44","guid":{"rendered":"http:\/\/poke.com.arREMOTE_TARGET\/tienda\/susana-balbo-signature-brioso-750-ml\/"},"modified":"2026-05-06T23:02:44","modified_gmt":"2026-05-06T23:02:44","slug":"susana-balbo-signature-brioso-750-ml","status":"publish","type":"product","link":"https:\/\/www.poke.com.ar\/en\/tienda\/susana-balbo-signature-brioso-750-ml\/","title":{"rendered":"Susana Balbo Signature Brioso 750 ml"},"content":{"rendered":"<p>Vista: Presenta un color rojo rub\u00ed intenso, brillante y profundo. Nariz: Su bouquet es complejo, destacando aromas a frutos negros (como grosellas y moras), notas de especias, vainilla y sutiles toques vegetales aportados por el Cabernet Sauvignon y el Cabernet Franc. Boca: Es un vino de gran tensi\u00f3n y frescura. Los varietales que integran el corte aportan una textura redondeada, con taninos firmes pero aterciopelados y una acidez natural equilibrada que conduce a un final largo, elegante y persistente. Ideal para acompa\u00f1ar carnes rojas intensas como cordero o ciervo, caza de pluma y quesos duros y maduros.<\/p>","protected":false},"excerpt":{"rendered":"<p>\u00abBrioso\u00bb simboliza un ferviente amor al desaf\u00edo. Es el alma de la l\u00ednea Signature de Susana Balbo, la primera mujer en\u00f3loga de Argentina. Este elegante corte de tintas nace en Agrelo, Luj\u00e1n de Cuyo, uno de los terru\u00f1os m\u00e1s exclusivos de Mendoza, logrando un vino de calidad sublime, refinado y con una estructura que lo define como un ejemplar de alta gama.<\/p>","protected":false},"featured_media":2787,"template":"","meta":{"_gspb_post_css":"","_joinchat":[]},"product_brand":[],"product_cat":[148],"product_tag":[],"class_list":{"0":"post-2785","1":"product","2":"type-product","3":"status-publish","4":"has-post-thumbnail","6":"product_cat-bodega-susana-balbo","8":"first","9":"onbackorder","10":"shipping-taxable","11":"purchasable","12":"product-type-simple"},"supplier_id":2786,"supplier_sku":"","barcode":null,"atum_controlled":true,"out_stock_date":null,"out_stock_threshold":null,"inheritable":false,"inbound_stock":null,"stock_on_hold":0,"sold_today":0,"sales_last_days":0,"reserved_stock":null,"customer_returns":null,"warehouse_damage":null,"lost_in_post":null,"other_logs":null,"out_stock_days":0,"lost_sales":0,"has_location":null,"update_date":"2026-05-09T03:42:17","atum_locations":[],"atum_stock_status":"onbackorder","restock_status":false,"low_stock_amount":"","sales_update_date":"2026-05-09T03:42:17","calc_backorders":0,"_links":{"self":[{"href":"https:\/\/www.poke.com.ar\/en\/wp-json\/wp\/v2\/product\/2785","targetHints":{"allow":["GET"]}}],"collection":[{"href":"https:\/\/www.poke.com.ar\/en\/wp-json\/wp\/v2\/product"}],"about":[{"href":"https:\/\/www.poke.com.ar\/en\/wp-json\/wp\/v2\/types\/product"}],"wp:featuredmedia":[{"embeddable":true,"href":"https:\/\/www.poke.com.ar\/en\/wp-json\/wp\/v2\/media\/2787"}],"wp:attachment":[{"href":"https:\/\/www.poke.com.ar\/en\/wp-json\/wp\/v2\/media?parent=2785"}],"wp:term":[{"taxonomy":"product_brand","embeddable":true,"href":"https:\/\/www.poke.com.ar\/en\/wp-json\/wp\/v2\/product_brand?post=2785"},{"taxonomy":"product_cat","embeddable":true,"href":"https:\/\/www.poke.com.ar\/en\/wp-json\/wp\/v2\/product_cat?post=2785"},{"taxonomy":"product_tag","embeddable":true,"href":"https:\/\/www.poke.com.ar\/en\/wp-json\/wp\/v2\/product_tag?post=2785"}],"curies":[{"name":"wp","href":"https:\/\/api.w.org\/{rel}","templated":true}]}}