{"id":2775,"date":"2026-05-06T23:01:20","date_gmt":"2026-05-06T23:01:20","guid":{"rendered":"http:\/\/poke.com.arREMOTE_TARGET\/tienda\/susana-balbo-malbec-pareja-altamira-limited-edition-750-ml\/"},"modified":"2026-05-06T23:01:20","modified_gmt":"2026-05-06T23:01:20","slug":"susana-balbo-malbec-pareja-altamira-limited-edition-750-ml","status":"publish","type":"product","link":"https:\/\/www.poke.com.ar\/en\/tienda\/susana-balbo-malbec-pareja-altamira-limited-edition-750-ml\/","title":{"rendered":"Susana Balbo Malbec Pareja Altamira Limited Edition 750 ml"},"content":{"rendered":"<p>Aromas y Sabores: Presenta notas intensas a moras, ar\u00e1ndanos, regaliz y aceitunas negras. El paso por madera aporta sutiles toques de roble, vainilla y chocolate semi-amargo. Textura: En boca es profundo y de cuerpo amplio, con taninos finos y una textura cremosa extremadamente larga. Vinificaci\u00f3n: Se fermenta en huevos de concreto para preservar la pureza frutal y se cr\u00eda durante 14 meses en barricas nuevas de roble franc\u00e9s. Ideal para acompa\u00f1ar carnes rojas asadas, preparaciones especiadas o picantes, quesos duros y vegetales o hongos al fuego.<\/p>","protected":false},"excerpt":{"rendered":"<p>Susana Balbo Signature Limited Edition Paraje Altamira Malbec 750 ml es un vino de alta gama reconocido por su intensidad y elegancia, elaborado con uvas de parcelas seleccionadas a 1,150 m.s.n.m. en el Valle de Uco, Mendoza. Este tinto se destaca por su complejidad y estructura, dise\u00f1ado para una larga guarda de hasta 15 a\u00f1os.<\/p>","protected":false},"featured_media":2778,"template":"","meta":{"_gspb_post_css":"","_joinchat":[]},"product_brand":[],"product_cat":[148],"product_tag":[],"class_list":{"0":"post-2775","1":"product","2":"type-product","3":"status-publish","4":"has-post-thumbnail","6":"product_cat-bodega-susana-balbo","8":"first","9":"onbackorder","10":"shipping-taxable","11":"purchasable","12":"product-type-simple"},"supplier_id":2776,"supplier_sku":"","barcode":null,"atum_controlled":true,"out_stock_date":null,"out_stock_threshold":null,"inheritable":false,"inbound_stock":null,"stock_on_hold":0,"sold_today":0,"sales_last_days":0,"reserved_stock":null,"customer_returns":null,"warehouse_damage":null,"lost_in_post":null,"other_logs":null,"out_stock_days":0,"lost_sales":0,"has_location":null,"update_date":"2026-05-09T03:42:17","atum_locations":[],"atum_stock_status":"onbackorder","restock_status":false,"low_stock_amount":"","sales_update_date":"2026-05-09T03:42:17","calc_backorders":0,"_links":{"self":[{"href":"https:\/\/www.poke.com.ar\/en\/wp-json\/wp\/v2\/product\/2775","targetHints":{"allow":["GET"]}}],"collection":[{"href":"https:\/\/www.poke.com.ar\/en\/wp-json\/wp\/v2\/product"}],"about":[{"href":"https:\/\/www.poke.com.ar\/en\/wp-json\/wp\/v2\/types\/product"}],"wp:featuredmedia":[{"embeddable":true,"href":"https:\/\/www.poke.com.ar\/en\/wp-json\/wp\/v2\/media\/2778"}],"wp:attachment":[{"href":"https:\/\/www.poke.com.ar\/en\/wp-json\/wp\/v2\/media?parent=2775"}],"wp:term":[{"taxonomy":"product_brand","embeddable":true,"href":"https:\/\/www.poke.com.ar\/en\/wp-json\/wp\/v2\/product_brand?post=2775"},{"taxonomy":"product_cat","embeddable":true,"href":"https:\/\/www.poke.com.ar\/en\/wp-json\/wp\/v2\/product_cat?post=2775"},{"taxonomy":"product_tag","embeddable":true,"href":"https:\/\/www.poke.com.ar\/en\/wp-json\/wp\/v2\/product_tag?post=2775"}],"curies":[{"name":"wp","href":"https:\/\/api.w.org\/{rel}","templated":true}]}}