{"id":2769,"date":"2026-05-06T23:00:24","date_gmt":"2026-05-06T23:00:24","guid":{"rendered":"http:\/\/poke.com.arREMOTE_TARGET\/tienda\/cupra-estuche-malbec-blend-rose-750-ml\/"},"modified":"2026-05-06T23:00:24","modified_gmt":"2026-05-06T23:00:24","slug":"cupra-estuche-malbec-blend-rose-750-ml","status":"publish","type":"product","link":"https:\/\/www.poke.com.ar\/en\/tienda\/cupra-estuche-malbec-blend-rose-750-ml\/","title":{"rendered":"Cupra Estuche \/malbec \/blend\/rose 750 ml"},"content":{"rendered":"<p>Nan<\/p>","protected":false},"excerpt":{"rendered":"<p>El Cupra Estuche Colecci\u00f3n es un set de regalo o cata que incluye tres variedades premium de la bodega Cupra Wines (Familia Angelici) en botellas de 750 ml cada una. Este cofre t\u00edpicamente contiene una selecci\u00f3n de sus l\u00edneas m\u00e1s destacadas del Valle de Uco, Mendoza. Detalle del Estuche Cupra Gran Malbec: Elaborado con uvas de vi\u00f1edos en Tupungato (El Peral y Gualtallary). Presenta notas de frutas rojas maduras, especias y hierbas, con una estructura marcada por la altitud y suelos volc\u00e1nicos. Cupra Gran Corte (Blend): Un ensamblaje complejo que combina Malbec, Cabernet Franc y Merlot. Es un vino equilibrado, con crianza en barricas de roble franc\u00e9s que le otorgan elegancia y persistencia. Cupra Incoronata Ros\u00e9 Fum\u00e9: Un rosado de autor compuesto por 50% Syrah y 50% Pinot Noir. Se caracteriza por su frescura, notas de flores blancas y una delicada crianza sobre l\u00edas durante cinco meses que le aporta cuerpo y volumen en boca.<\/p>","protected":false},"featured_media":2771,"template":"","meta":{"_gspb_post_css":"","_joinchat":[]},"product_brand":[],"product_cat":[147],"product_tag":[],"class_list":{"0":"post-2769","1":"product","2":"type-product","3":"status-publish","4":"has-post-thumbnail","6":"product_cat-angelici-cupra-wines","8":"first","9":"onbackorder","10":"shipping-taxable","11":"purchasable","12":"product-type-simple"},"supplier_id":2770,"supplier_sku":"","barcode":null,"atum_controlled":true,"out_stock_date":null,"out_stock_threshold":null,"inheritable":false,"inbound_stock":null,"stock_on_hold":0,"sold_today":0,"sales_last_days":0,"reserved_stock":null,"customer_returns":null,"warehouse_damage":null,"lost_in_post":null,"other_logs":null,"out_stock_days":0,"lost_sales":0,"has_location":null,"update_date":"2026-05-09T03:42:17","atum_locations":[],"atum_stock_status":"onbackorder","restock_status":false,"low_stock_amount":"","sales_update_date":"2026-05-09T03:42:17","calc_backorders":0,"_links":{"self":[{"href":"https:\/\/www.poke.com.ar\/en\/wp-json\/wp\/v2\/product\/2769","targetHints":{"allow":["GET"]}}],"collection":[{"href":"https:\/\/www.poke.com.ar\/en\/wp-json\/wp\/v2\/product"}],"about":[{"href":"https:\/\/www.poke.com.ar\/en\/wp-json\/wp\/v2\/types\/product"}],"wp:featuredmedia":[{"embeddable":true,"href":"https:\/\/www.poke.com.ar\/en\/wp-json\/wp\/v2\/media\/2771"}],"wp:attachment":[{"href":"https:\/\/www.poke.com.ar\/en\/wp-json\/wp\/v2\/media?parent=2769"}],"wp:term":[{"taxonomy":"product_brand","embeddable":true,"href":"https:\/\/www.poke.com.ar\/en\/wp-json\/wp\/v2\/product_brand?post=2769"},{"taxonomy":"product_cat","embeddable":true,"href":"https:\/\/www.poke.com.ar\/en\/wp-json\/wp\/v2\/product_cat?post=2769"},{"taxonomy":"product_tag","embeddable":true,"href":"https:\/\/www.poke.com.ar\/en\/wp-json\/wp\/v2\/product_tag?post=2769"}],"curies":[{"name":"wp","href":"https:\/\/api.w.org\/{rel}","templated":true}]}}