{"id":2731,"date":"2026-05-06T22:54:52","date_gmt":"2026-05-06T22:54:52","guid":{"rendered":"http:\/\/poke.com.arREMOTE_TARGET\/tienda\/macallan-harmony-collection-v-jing-700-ml\/"},"modified":"2026-05-06T22:54:52","modified_gmt":"2026-05-06T22:54:52","slug":"macallan-harmony-collection-v-jing-700-ml","status":"publish","type":"product","link":"https:\/\/www.poke.com.ar\/en\/tienda\/macallan-harmony-collection-v-jing-700-ml\/","title":{"rendered":"Macallan Harmony Collection V &#8211; Jing 700 ml"},"content":{"rendered":"<p>Nariz: Aromas a duraznos (melocotones) de verano, damascos maduros y la dulzura embriagadora de la miel floral, entrelazados con frutas tropicales, toffee y un toque de roble dulce. Paladar: Una textura sedosa con notas de duraznos en alm\u00edbar, c\u00edtricos c\u00e1lidos y toffee cremoso. Aparecen matices florales ligeros que evolucionan hacia una delicada astringencia herb\u00e1cea que recuerda al t\u00e9 fino. Final: Largo y elegante, con una persistencia de frutas de huerto y una sequedad refinada tipo t\u00e9.<\/p>","protected":false},"excerpt":{"rendered":"<p>The Macallan Harmony Collection V &#8211; Inspired by Phoenix Honey Orchid Tea es la quinta edici\u00f3n limitada de esta serie anual, lanzada en colaboraci\u00f3n con la prestigiosa casa de t\u00e9 JING Tea. Esta expresi\u00f3n de 700 ml destaca por fusionar la maestr\u00eda del whisky escoc\u00e9s con la sofisticaci\u00f3n de la cultura del t\u00e9 de jard\u00edn de origen \u00fanico<\/p>","protected":false},"featured_media":2733,"template":"","meta":{"_gspb_post_css":"","_joinchat":[]},"product_brand":[],"product_cat":[135],"product_tag":[],"class_list":{"0":"post-2731","1":"product","2":"type-product","3":"status-publish","4":"has-post-thumbnail","6":"product_cat-single-malt","8":"first","9":"onbackorder","10":"shipping-taxable","11":"purchasable","12":"product-type-simple"},"supplier_id":2732,"supplier_sku":"","barcode":null,"atum_controlled":true,"out_stock_date":null,"out_stock_threshold":null,"inheritable":false,"inbound_stock":null,"stock_on_hold":0,"sold_today":0,"sales_last_days":0,"reserved_stock":null,"customer_returns":null,"warehouse_damage":null,"lost_in_post":null,"other_logs":null,"out_stock_days":0,"lost_sales":0,"has_location":null,"update_date":"2026-05-09T03:42:18","atum_locations":[],"atum_stock_status":"onbackorder","restock_status":false,"low_stock_amount":"","sales_update_date":"2026-05-09T03:42:18","calc_backorders":0,"_links":{"self":[{"href":"https:\/\/www.poke.com.ar\/en\/wp-json\/wp\/v2\/product\/2731","targetHints":{"allow":["GET"]}}],"collection":[{"href":"https:\/\/www.poke.com.ar\/en\/wp-json\/wp\/v2\/product"}],"about":[{"href":"https:\/\/www.poke.com.ar\/en\/wp-json\/wp\/v2\/types\/product"}],"wp:featuredmedia":[{"embeddable":true,"href":"https:\/\/www.poke.com.ar\/en\/wp-json\/wp\/v2\/media\/2733"}],"wp:attachment":[{"href":"https:\/\/www.poke.com.ar\/en\/wp-json\/wp\/v2\/media?parent=2731"}],"wp:term":[{"taxonomy":"product_brand","embeddable":true,"href":"https:\/\/www.poke.com.ar\/en\/wp-json\/wp\/v2\/product_brand?post=2731"},{"taxonomy":"product_cat","embeddable":true,"href":"https:\/\/www.poke.com.ar\/en\/wp-json\/wp\/v2\/product_cat?post=2731"},{"taxonomy":"product_tag","embeddable":true,"href":"https:\/\/www.poke.com.ar\/en\/wp-json\/wp\/v2\/product_tag?post=2731"}],"curies":[{"name":"wp","href":"https:\/\/api.w.org\/{rel}","templated":true}]}}