{"id":2719,"date":"2026-05-06T22:52:57","date_gmt":"2026-05-06T22:52:57","guid":{"rendered":"http:\/\/poke.com.arREMOTE_TARGET\/tienda\/talisker-10-700-ml-con-jarro\/"},"modified":"2026-05-06T22:52:57","modified_gmt":"2026-05-06T22:52:57","slug":"talisker-10-700-ml-con-jarro","status":"publish","type":"product","link":"https:\/\/www.poke.com.ar\/en\/tienda\/talisker-10-700-ml-con-jarro\/","title":{"rendered":"Talisker 10 700 ml con\/Jarro"},"content":{"rendered":"<p>El Talisker 10 a\u00f1os, un whisky escoc\u00e9s de gran cuerpo y personalidad, despierta con un aroma intenso de madera tostada y nuez, que evoluciona hacia notas de vainilla y caramelo. En la boca, su sabor es complejo, con notas de whisky maduro, madera y hierbas, combinadas con un suave toque de dulzor. El final es largo y suave, con un ligero toque de especias y un recuerdo persistente de madera tostada.<\/p>","protected":false},"excerpt":{"rendered":"<p>Talisker, la marca escocesa de whisky de alta calidad, nos presenta su ic\u00f3nica botella de 700ml, perfectamente embotellada en un jarro de cristal que refleja la claridad y pureza de su contenido. Proveniente de la isla de Skye, en el coraz\u00f3n de Escocia, Talisker es conocido por su sabor intenso y complejo, resultado de la mezcla de hierbas y especias en su destilado. La presentaci\u00f3n en un jarro de cristal de este Talisker 10 a\u00f1os es un tributo a la tradici\u00f3n y la elegancia, ofreciendo un lujo en cada momento en que se disfruta de su rico sabor.<\/p>","protected":false},"featured_media":2721,"template":"","meta":{"_gspb_post_css":"","_joinchat":[]},"product_brand":[],"product_cat":[135],"product_tag":[],"class_list":{"0":"post-2719","1":"product","2":"type-product","3":"status-publish","4":"has-post-thumbnail","6":"product_cat-single-malt","8":"first","9":"onbackorder","10":"shipping-taxable","11":"purchasable","12":"product-type-simple"},"supplier_id":2720,"supplier_sku":"","barcode":null,"atum_controlled":true,"out_stock_date":null,"out_stock_threshold":null,"inheritable":false,"inbound_stock":null,"stock_on_hold":0,"sold_today":0,"sales_last_days":0,"reserved_stock":null,"customer_returns":null,"warehouse_damage":null,"lost_in_post":null,"other_logs":null,"out_stock_days":0,"lost_sales":0,"has_location":null,"update_date":"2026-05-09T03:42:18","atum_locations":[],"atum_stock_status":"onbackorder","restock_status":false,"low_stock_amount":"","sales_update_date":"2026-05-09T03:42:18","calc_backorders":0,"_links":{"self":[{"href":"https:\/\/www.poke.com.ar\/en\/wp-json\/wp\/v2\/product\/2719","targetHints":{"allow":["GET"]}}],"collection":[{"href":"https:\/\/www.poke.com.ar\/en\/wp-json\/wp\/v2\/product"}],"about":[{"href":"https:\/\/www.poke.com.ar\/en\/wp-json\/wp\/v2\/types\/product"}],"wp:featuredmedia":[{"embeddable":true,"href":"https:\/\/www.poke.com.ar\/en\/wp-json\/wp\/v2\/media\/2721"}],"wp:attachment":[{"href":"https:\/\/www.poke.com.ar\/en\/wp-json\/wp\/v2\/media?parent=2719"}],"wp:term":[{"taxonomy":"product_brand","embeddable":true,"href":"https:\/\/www.poke.com.ar\/en\/wp-json\/wp\/v2\/product_brand?post=2719"},{"taxonomy":"product_cat","embeddable":true,"href":"https:\/\/www.poke.com.ar\/en\/wp-json\/wp\/v2\/product_cat?post=2719"},{"taxonomy":"product_tag","embeddable":true,"href":"https:\/\/www.poke.com.ar\/en\/wp-json\/wp\/v2\/product_tag?post=2719"}],"curies":[{"name":"wp","href":"https:\/\/api.w.org\/{rel}","templated":true}]}}