{"id":2697,"date":"2026-05-06T22:50:01","date_gmt":"2026-05-06T22:50:01","guid":{"rendered":"http:\/\/poke.com.arREMOTE_TARGET\/tienda\/aruma-malbec-2023-750-ml\/"},"modified":"2026-05-06T22:50:01","modified_gmt":"2026-05-06T22:50:01","slug":"aruma-malbec-2023-750-ml","status":"publish","type":"product","link":"https:\/\/www.poke.com.ar\/en\/tienda\/aruma-malbec-2023-750-ml\/","title":{"rendered":"Aruma Malbec 2023 750 ml"},"content":{"rendered":"<p>El Aruma Malbec 2023 presenta un aroma intenso y seductor, con notas de frutas negras como moras y ar\u00e1ndanos, combinadas con delicadas especias y hierbas que evocan la savia de los \u00e1rboles. En boca, el vino muestra un sabor complejo y equilibrado, con mermeladas de frutas tropicales, un toque de madera tostada y un final suave y suave que termina con un dulce y prolongado.<\/p>","protected":false},"excerpt":{"rendered":"<p>Aruma Malbec 2023 es un vino de alta calidad que refleja el esencia de la regi\u00f3n vitivin\u00edcola argentina. Producido en la famosa regi\u00f3n de Mendoza, este Malbec de 2023 destaca por su riqueza de aromas y sabores, resultado de la combinaci\u00f3n perfecta de clima y suelo. En su envase de cristal 750ml, Aruma Malbec 2023 presenta un dise\u00f1o moderno y elegante que invita a la seducci\u00f3n, mientras que su contenido es un verdadero placer para los sentidos. Con cada sorbo, puedes experimentar la autenticidad de la Argentina en un vaso.<\/p>","protected":false},"featured_media":2700,"template":"","meta":{"_gspb_post_css":"","_joinchat":[]},"product_brand":[],"product_cat":[145],"product_tag":[],"class_list":{"0":"post-2697","1":"product","2":"type-product","3":"status-publish","4":"has-post-thumbnail","6":"product_cat-bodega-caro","8":"first","9":"onbackorder","10":"shipping-taxable","11":"purchasable","12":"product-type-simple"},"supplier_id":2698,"supplier_sku":"","barcode":null,"atum_controlled":true,"out_stock_date":null,"out_stock_threshold":null,"inheritable":false,"inbound_stock":null,"stock_on_hold":0,"sold_today":0,"sales_last_days":0,"reserved_stock":null,"customer_returns":null,"warehouse_damage":null,"lost_in_post":null,"other_logs":null,"out_stock_days":0,"lost_sales":0,"has_location":null,"update_date":"2026-05-09T03:42:17","atum_locations":[],"atum_stock_status":"onbackorder","restock_status":false,"low_stock_amount":"","sales_update_date":"2026-05-09T03:42:17","calc_backorders":0,"_links":{"self":[{"href":"https:\/\/www.poke.com.ar\/en\/wp-json\/wp\/v2\/product\/2697","targetHints":{"allow":["GET"]}}],"collection":[{"href":"https:\/\/www.poke.com.ar\/en\/wp-json\/wp\/v2\/product"}],"about":[{"href":"https:\/\/www.poke.com.ar\/en\/wp-json\/wp\/v2\/types\/product"}],"wp:featuredmedia":[{"embeddable":true,"href":"https:\/\/www.poke.com.ar\/en\/wp-json\/wp\/v2\/media\/2700"}],"wp:attachment":[{"href":"https:\/\/www.poke.com.ar\/en\/wp-json\/wp\/v2\/media?parent=2697"}],"wp:term":[{"taxonomy":"product_brand","embeddable":true,"href":"https:\/\/www.poke.com.ar\/en\/wp-json\/wp\/v2\/product_brand?post=2697"},{"taxonomy":"product_cat","embeddable":true,"href":"https:\/\/www.poke.com.ar\/en\/wp-json\/wp\/v2\/product_cat?post=2697"},{"taxonomy":"product_tag","embeddable":true,"href":"https:\/\/www.poke.com.ar\/en\/wp-json\/wp\/v2\/product_tag?post=2697"}],"curies":[{"name":"wp","href":"https:\/\/api.w.org\/{rel}","templated":true}]}}