{"id":2675,"date":"2026-05-06T22:47:04","date_gmt":"2026-05-06T22:47:04","guid":{"rendered":"http:\/\/poke.com.arREMOTE_TARGET\/tienda\/piattelli-mendoza-single-vineyard-cabernet-sauvignon\/"},"modified":"2026-05-06T22:47:04","modified_gmt":"2026-05-06T22:47:04","slug":"piattelli-mendoza-single-vineyard-cabernet-sauvignon","status":"publish","type":"product","link":"https:\/\/www.poke.com.ar\/en\/tienda\/piattelli-mendoza-single-vineyard-cabernet-sauvignon\/","title":{"rendered":"Piattelli Mendoza Single Vineyard Cabernet Sauvignon"},"content":{"rendered":"<p>El Piattelli Mendoza Single Vineyard Cabernet Sauvignon presenta un aroma complejo y seductor, caracterizado por notas de frutas negras como moras y higos, entremezcladas con especias suaves como clavo y tabaco. En boca, el vino muestra un sabor intenso y estructurado, con matices de madera tostada y frutas maduras que se integran con un toque de licor de quinoa, finalizando en un dulce y suave balance que aporta complejidad y longevidad.<\/p>","protected":false},"excerpt":{"rendered":"<p>En el coraz\u00f3n de Mendoza, Argentina, se encuentra el terroir que da vida a Piattelli, un sello de excelencia en el mundo de los licores y bebidas. El Piattelli Mendoza Single Vineyard Cabernet Sauvignon es el testamento a la pasi\u00f3n y dedicaci\u00f3n de los viticultores que cultivan sus vi\u00f1as en este paisaje monta\u00f1oso. Cada botella es un homenaje a la riqueza y complejidad del vino, con aromas intensos de frutas rojas y madera tostada que se funden en un sabor armonioso y equilibrado. Un vino que transporta al consumidor a un viaje por la regi\u00f3n, rodeado de la riqueza y la belleza de la naturaleza.<\/p>","protected":false},"featured_media":2677,"template":"","meta":{"_gspb_post_css":"","_joinchat":[]},"product_brand":[],"product_cat":[122],"product_tag":[],"class_list":{"0":"post-2675","1":"product","2":"type-product","3":"status-publish","4":"has-post-thumbnail","6":"product_cat-piattelli","8":"first","9":"onbackorder","10":"shipping-taxable","11":"purchasable","12":"product-type-simple"},"supplier_id":2676,"supplier_sku":"","barcode":null,"atum_controlled":true,"out_stock_date":null,"out_stock_threshold":null,"inheritable":false,"inbound_stock":null,"stock_on_hold":0,"sold_today":0,"sales_last_days":0,"reserved_stock":null,"customer_returns":null,"warehouse_damage":null,"lost_in_post":null,"other_logs":null,"out_stock_days":0,"lost_sales":0,"has_location":null,"update_date":"2026-05-09T03:42:17","atum_locations":[],"atum_stock_status":"onbackorder","restock_status":false,"low_stock_amount":"","sales_update_date":"2026-05-09T03:42:17","calc_backorders":0,"_links":{"self":[{"href":"https:\/\/www.poke.com.ar\/en\/wp-json\/wp\/v2\/product\/2675","targetHints":{"allow":["GET"]}}],"collection":[{"href":"https:\/\/www.poke.com.ar\/en\/wp-json\/wp\/v2\/product"}],"about":[{"href":"https:\/\/www.poke.com.ar\/en\/wp-json\/wp\/v2\/types\/product"}],"wp:featuredmedia":[{"embeddable":true,"href":"https:\/\/www.poke.com.ar\/en\/wp-json\/wp\/v2\/media\/2677"}],"wp:attachment":[{"href":"https:\/\/www.poke.com.ar\/en\/wp-json\/wp\/v2\/media?parent=2675"}],"wp:term":[{"taxonomy":"product_brand","embeddable":true,"href":"https:\/\/www.poke.com.ar\/en\/wp-json\/wp\/v2\/product_brand?post=2675"},{"taxonomy":"product_cat","embeddable":true,"href":"https:\/\/www.poke.com.ar\/en\/wp-json\/wp\/v2\/product_cat?post=2675"},{"taxonomy":"product_tag","embeddable":true,"href":"https:\/\/www.poke.com.ar\/en\/wp-json\/wp\/v2\/product_tag?post=2675"}],"curies":[{"name":"wp","href":"https:\/\/api.w.org\/{rel}","templated":true}]}}