{"id":2660,"date":"2026-05-06T22:45:04","date_gmt":"2026-05-06T22:45:04","guid":{"rendered":"http:\/\/poke.com.arREMOTE_TARGET\/tienda\/kit-jack-daniels-miniatura-50-ml\/"},"modified":"2026-05-06T22:45:04","modified_gmt":"2026-05-06T22:45:04","slug":"kit-jack-daniels-miniatura-50-ml","status":"publish","type":"product","link":"https:\/\/www.poke.com.ar\/en\/tienda\/kit-jack-daniels-miniatura-50-ml\/","title":{"rendered":"Kit Jack Daniels Miniatura 50 ml"},"content":{"rendered":"<p>La Kit Jack Daniels Miniatura 50 ml es un aut\u00e9ntico tributo al sabor robusto y seductor de la famosa casa de bourbon. En el aroma, notas de madera tostada, nuez y vainilla flotan en un fondo de hierba y vainilla, prefigurando la complejidad que vendr\u00e1. En boca, la riqueza de la madera y el sabor de vainilla se unen en un equilibrio perfecto con notas de frutas secas y un final suave y persistente que invita a la repetici\u00f3n.<\/p>","protected":false},"excerpt":{"rendered":"<p>Descubre el sabor del legendario Tennessee whiskey en miniatura con el Kit Jack Daniels Miniatura 50 ml. Esta diminuta pero intensa experiencia de disfrute es el resultado de la tradici\u00f3n y la pasi\u00f3n de los maestros destiladores de Jack Daniel&#8217;s, que desde 1866 han estado creando un l\u00edquido de alta calidad y sabor en Lynchburg, Tennessee. El envase miniatura, dise\u00f1ado para la comodidad y la elegancia, es el perfecto regalo o complemento para cualquier coleccionista o amante del buen vino. Con este kit, podr\u00e1s disfrutar del aut\u00e9ntico sabor de Jack Daniel&#8217;s en cualquier momento y lugar, sin sacrificar la calidad y la riqueza de esta bebida ic\u00f3nica.<\/p>","protected":false},"featured_media":2662,"template":"","meta":{"_gspb_post_css":"","_joinchat":[]},"product_brand":[],"product_cat":[133],"product_tag":[],"class_list":{"0":"post-2660","1":"product","2":"type-product","3":"status-publish","4":"has-post-thumbnail","6":"product_cat-bourbon","8":"first","9":"onbackorder","10":"shipping-taxable","11":"purchasable","12":"product-type-simple"},"supplier_id":2661,"supplier_sku":"","barcode":null,"atum_controlled":true,"out_stock_date":null,"out_stock_threshold":null,"inheritable":false,"inbound_stock":null,"stock_on_hold":0,"sold_today":0,"sales_last_days":0,"reserved_stock":null,"customer_returns":null,"warehouse_damage":null,"lost_in_post":null,"other_logs":null,"out_stock_days":0,"lost_sales":0,"has_location":null,"update_date":"2026-05-09T03:42:16","atum_locations":[],"atum_stock_status":"onbackorder","restock_status":false,"low_stock_amount":"","sales_update_date":"2026-05-09T03:42:16","calc_backorders":0,"_links":{"self":[{"href":"https:\/\/www.poke.com.ar\/en\/wp-json\/wp\/v2\/product\/2660","targetHints":{"allow":["GET"]}}],"collection":[{"href":"https:\/\/www.poke.com.ar\/en\/wp-json\/wp\/v2\/product"}],"about":[{"href":"https:\/\/www.poke.com.ar\/en\/wp-json\/wp\/v2\/types\/product"}],"wp:featuredmedia":[{"embeddable":true,"href":"https:\/\/www.poke.com.ar\/en\/wp-json\/wp\/v2\/media\/2662"}],"wp:attachment":[{"href":"https:\/\/www.poke.com.ar\/en\/wp-json\/wp\/v2\/media?parent=2660"}],"wp:term":[{"taxonomy":"product_brand","embeddable":true,"href":"https:\/\/www.poke.com.ar\/en\/wp-json\/wp\/v2\/product_brand?post=2660"},{"taxonomy":"product_cat","embeddable":true,"href":"https:\/\/www.poke.com.ar\/en\/wp-json\/wp\/v2\/product_cat?post=2660"},{"taxonomy":"product_tag","embeddable":true,"href":"https:\/\/www.poke.com.ar\/en\/wp-json\/wp\/v2\/product_tag?post=2660"}],"curies":[{"name":"wp","href":"https:\/\/api.w.org\/{rel}","templated":true}]}}