{"id":2648,"date":"2026-05-06T22:43:28","date_gmt":"2026-05-06T22:43:28","guid":{"rendered":"http:\/\/poke.com.arREMOTE_TARGET\/tienda\/skyy-orange-700-ml\/"},"modified":"2026-05-06T22:43:28","modified_gmt":"2026-05-06T22:43:28","slug":"skyy-orange-700-ml","status":"publish","type":"product","link":"https:\/\/www.poke.com.ar\/en\/tienda\/skyy-orange-700-ml\/","title":{"rendered":"Skyy Orange 700 ml"},"content":{"rendered":"<p>El Skyy Orange presenta un aroma intenso y atractivo, con notas de naranja fresca y jugosa que invitan a disfrutar del vino. En boca, el sabor es suave y elegante, con una deliciosa mezcla de naranja y miel que se desarrolla en un final suave y sedoso, sin dejar rastro de aspereza ni amargor.<\/p>","protected":false},"excerpt":{"rendered":"<p>Skyy Orange, la bebida que combina la frescura de la naturaleza con la pasi\u00f3n por la innovaci\u00f3n. Inspirada en la costa oeste de Estados Unidos, Skyy Orange nace de la uni\u00f3n de la esencia de naranja fresca y la elegancia de la botella de cristal. Con un contenido alcoh\u00f3lico de 11%, esta cerveza de naranja tiene un sabor agridulce y fresco que invita a disfrutarla en cualquier momento del d\u00eda. La botella de cristal de 700ml es un gesto de calidad y elegancia, perfecto para compartir con amigos o disfrutar en soledad.<\/p>","protected":false},"featured_media":2650,"template":"","meta":{"_gspb_post_css":"","_joinchat":[]},"product_brand":[],"product_cat":[137],"product_tag":[],"class_list":{"0":"post-2648","1":"product","2":"type-product","3":"status-publish","4":"has-post-thumbnail","6":"product_cat-vodka","8":"first","9":"onbackorder","10":"shipping-taxable","11":"purchasable","12":"product-type-simple"},"supplier_id":2649,"supplier_sku":"","barcode":null,"atum_controlled":true,"out_stock_date":null,"out_stock_threshold":null,"inheritable":false,"inbound_stock":null,"stock_on_hold":0,"sold_today":0,"sales_last_days":0,"reserved_stock":null,"customer_returns":null,"warehouse_damage":null,"lost_in_post":null,"other_logs":null,"out_stock_days":0,"lost_sales":0,"has_location":null,"update_date":"2026-05-09T03:42:16","atum_locations":[],"atum_stock_status":"onbackorder","restock_status":false,"low_stock_amount":"","sales_update_date":"2026-05-09T03:42:16","calc_backorders":0,"_links":{"self":[{"href":"https:\/\/www.poke.com.ar\/en\/wp-json\/wp\/v2\/product\/2648","targetHints":{"allow":["GET"]}}],"collection":[{"href":"https:\/\/www.poke.com.ar\/en\/wp-json\/wp\/v2\/product"}],"about":[{"href":"https:\/\/www.poke.com.ar\/en\/wp-json\/wp\/v2\/types\/product"}],"wp:featuredmedia":[{"embeddable":true,"href":"https:\/\/www.poke.com.ar\/en\/wp-json\/wp\/v2\/media\/2650"}],"wp:attachment":[{"href":"https:\/\/www.poke.com.ar\/en\/wp-json\/wp\/v2\/media?parent=2648"}],"wp:term":[{"taxonomy":"product_brand","embeddable":true,"href":"https:\/\/www.poke.com.ar\/en\/wp-json\/wp\/v2\/product_brand?post=2648"},{"taxonomy":"product_cat","embeddable":true,"href":"https:\/\/www.poke.com.ar\/en\/wp-json\/wp\/v2\/product_cat?post=2648"},{"taxonomy":"product_tag","embeddable":true,"href":"https:\/\/www.poke.com.ar\/en\/wp-json\/wp\/v2\/product_tag?post=2648"}],"curies":[{"name":"wp","href":"https:\/\/api.w.org\/{rel}","templated":true}]}}