{"id":2626,"date":"2026-05-06T22:40:42","date_gmt":"2026-05-06T22:40:42","guid":{"rendered":"http:\/\/poke.com.arREMOTE_TARGET\/tienda\/chivas-royal-salute-25-700-ml\/"},"modified":"2026-05-06T22:40:42","modified_gmt":"2026-05-06T22:40:42","slug":"chivas-royal-salute-25-700-ml","status":"publish","type":"product","link":"https:\/\/www.poke.com.ar\/en\/tienda\/chivas-royal-salute-25-700-ml\/","title":{"rendered":"Chivas Royal Salute 25 700 ml"},"content":{"rendered":"<p>El Chivas Royal Salute 25 exhibe un perfil de sabor complejo y evocado, con notas de aroma que recuerdan a frutas secas, caramelo y madera tostada, que se integran con una suavidad envolvente. En la boca, el whisky revela un sabor amplio y rico, con matices de vainilla, nuez y hierbas secas, que se alargan en un final suave y suave, con toques de madera y un leve toque de az\u00facar.<\/p>","protected":false},"excerpt":{"rendered":"<p>\u00abChivas Royal Salute 25 es el resultado de la m\u00e1s exclusiva tradici\u00f3n de la casa Chivas, donde la elegancia y la sofisticaci\u00f3n se unen para crear un whisky de alta calidad. Inspirado en la nobleza de Escocia, este licoor de 25 a\u00f1os de edad es el resultado de un proceso de maduraci\u00f3n cuidadoso y paciente, que ha permitido desarrollar un sabor rico y complejo. Presentado en un envase elegante y sobrio, Chivas Royal Salute 25 es un tributo a la sabidur\u00eda y el gusto refinado, perfecto para aquellos que aprecian la exclusividad y la calidad en cada gota de su contenido.\u00bb<\/p>","protected":false},"featured_media":2628,"template":"","meta":{"_gspb_post_css":"","_joinchat":[]},"product_brand":[],"product_cat":[134],"product_tag":[],"class_list":{"0":"post-2626","1":"product","2":"type-product","3":"status-publish","4":"has-post-thumbnail","6":"product_cat-blend","8":"first","9":"onbackorder","10":"shipping-taxable","11":"purchasable","12":"product-type-simple"},"supplier_id":2627,"supplier_sku":"","barcode":null,"atum_controlled":true,"out_stock_date":null,"out_stock_threshold":null,"inheritable":false,"inbound_stock":null,"stock_on_hold":0,"sold_today":0,"sales_last_days":0,"reserved_stock":null,"customer_returns":null,"warehouse_damage":null,"lost_in_post":null,"other_logs":null,"out_stock_days":0,"lost_sales":0,"has_location":null,"update_date":"2026-05-09T03:42:16","atum_locations":[],"atum_stock_status":"onbackorder","restock_status":false,"low_stock_amount":"","sales_update_date":"2026-05-09T03:42:16","calc_backorders":0,"_links":{"self":[{"href":"https:\/\/www.poke.com.ar\/en\/wp-json\/wp\/v2\/product\/2626","targetHints":{"allow":["GET"]}}],"collection":[{"href":"https:\/\/www.poke.com.ar\/en\/wp-json\/wp\/v2\/product"}],"about":[{"href":"https:\/\/www.poke.com.ar\/en\/wp-json\/wp\/v2\/types\/product"}],"wp:featuredmedia":[{"embeddable":true,"href":"https:\/\/www.poke.com.ar\/en\/wp-json\/wp\/v2\/media\/2628"}],"wp:attachment":[{"href":"https:\/\/www.poke.com.ar\/en\/wp-json\/wp\/v2\/media?parent=2626"}],"wp:term":[{"taxonomy":"product_brand","embeddable":true,"href":"https:\/\/www.poke.com.ar\/en\/wp-json\/wp\/v2\/product_brand?post=2626"},{"taxonomy":"product_cat","embeddable":true,"href":"https:\/\/www.poke.com.ar\/en\/wp-json\/wp\/v2\/product_cat?post=2626"},{"taxonomy":"product_tag","embeddable":true,"href":"https:\/\/www.poke.com.ar\/en\/wp-json\/wp\/v2\/product_tag?post=2626"}],"curies":[{"name":"wp","href":"https:\/\/api.w.org\/{rel}","templated":true}]}}