{"id":2605,"date":"2026-05-06T22:37:56","date_gmt":"2026-05-06T22:37:56","guid":{"rendered":"http:\/\/poke.com.arREMOTE_TARGET\/tienda\/intocables-malbec\/"},"modified":"2026-05-06T22:37:56","modified_gmt":"2026-05-06T22:37:56","slug":"intocables-malbec","status":"publish","type":"product","link":"https:\/\/www.poke.com.ar\/en\/tienda\/intocables-malbec\/","title":{"rendered":"Intocables Malbec"},"content":{"rendered":"<p>El Intocables Malbec presenta un aroma intenso y atractivo, con notas de frutas rojas como moras y ar\u00e1ndanos, que se entremezclan con sutiles toques de madera tostada y especias. En boca, el vino ofrece un sabor rico y plagado de frutas y madera, con un toque de dulzor y un final suave y sedoso que combina la persistencia de las notas de madera con la frescura de las frutas.<\/p>","protected":false},"excerpt":{"rendered":"<p>Intocables Malbec es la personificaci\u00f3n del arte de la enolog\u00eda argentina. Inspirado en la riqueza y la pasi\u00f3n de la regi\u00f3n de Mendoza, este Malbec de alta calidad se caracteriza por su profunda coloraci\u00f3n rub\u00ed y su sabor intenso y complejo, con notas de moras y frutas silvestres. En un envase elegante y minimalista, que evoca la sobriedad y la elegancia de la pampa argentina, Intocables Malbec es un vino que invita a la relajaci\u00f3n y el disfrute, perfecto para compartir con amigos y familiares en cualquier momento y lugar.<\/p>","protected":false},"featured_media":2607,"template":"","meta":{"_gspb_post_css":"","_joinchat":[]},"product_brand":[],"product_cat":[124],"product_tag":[],"class_list":{"0":"post-2605","1":"product","2":"type-product","3":"status-publish","4":"has-post-thumbnail","6":"product_cat-finca-las-moras","8":"first","9":"onbackorder","10":"shipping-taxable","11":"purchasable","12":"product-type-simple"},"supplier_id":2606,"supplier_sku":"","barcode":null,"atum_controlled":true,"out_stock_date":null,"out_stock_threshold":null,"inheritable":false,"inbound_stock":null,"stock_on_hold":0,"sold_today":0,"sales_last_days":0,"reserved_stock":null,"customer_returns":null,"warehouse_damage":null,"lost_in_post":null,"other_logs":null,"out_stock_days":0,"lost_sales":0,"has_location":null,"update_date":"2026-05-09T03:42:16","atum_locations":[],"atum_stock_status":"onbackorder","restock_status":false,"low_stock_amount":"","sales_update_date":"2026-05-09T03:42:16","calc_backorders":0,"_links":{"self":[{"href":"https:\/\/www.poke.com.ar\/en\/wp-json\/wp\/v2\/product\/2605","targetHints":{"allow":["GET"]}}],"collection":[{"href":"https:\/\/www.poke.com.ar\/en\/wp-json\/wp\/v2\/product"}],"about":[{"href":"https:\/\/www.poke.com.ar\/en\/wp-json\/wp\/v2\/types\/product"}],"wp:featuredmedia":[{"embeddable":true,"href":"https:\/\/www.poke.com.ar\/en\/wp-json\/wp\/v2\/media\/2607"}],"wp:attachment":[{"href":"https:\/\/www.poke.com.ar\/en\/wp-json\/wp\/v2\/media?parent=2605"}],"wp:term":[{"taxonomy":"product_brand","embeddable":true,"href":"https:\/\/www.poke.com.ar\/en\/wp-json\/wp\/v2\/product_brand?post=2605"},{"taxonomy":"product_cat","embeddable":true,"href":"https:\/\/www.poke.com.ar\/en\/wp-json\/wp\/v2\/product_cat?post=2605"},{"taxonomy":"product_tag","embeddable":true,"href":"https:\/\/www.poke.com.ar\/en\/wp-json\/wp\/v2\/product_tag?post=2605"}],"curies":[{"name":"wp","href":"https:\/\/api.w.org\/{rel}","templated":true}]}}