{"id":2598,"date":"2026-05-06T22:37:06","date_gmt":"2026-05-06T22:37:06","guid":{"rendered":"http:\/\/poke.com.arREMOTE_TARGET\/tienda\/lunfa-vermu-bianco-750-ml\/"},"modified":"2026-05-06T22:37:06","modified_gmt":"2026-05-06T22:37:06","slug":"lunfa-vermu-bianco-750-ml","status":"publish","type":"product","link":"https:\/\/www.poke.com.ar\/en\/tienda\/lunfa-vermu-bianco-750-ml\/","title":{"rendered":"Lunfa Vermu Bianco 750 ml"},"content":{"rendered":"<p>Aroma: Se percibe una fragancia intensa y fresca donde domina el pomelo rosado y el lim\u00f3n. Con la oxigenaci\u00f3n aparecen notas de durazno blanco, maracuy\u00e1, manzanilla y un fondo mineral propio de su base v\u00ednica. Sabor: Presenta un equilibrio redondo entre el dulzor inicial y un final amargo sofisticado. Es complejo en boca, resaltando las hierbas arom\u00e1ticas y las especias. Amarillo p\u00e1lido brillante con reflejos dorados y sutiles tonos verdosos.<\/p>","protected":false},"excerpt":{"rendered":"<p>El Lunfa Vermouth Bianco de 750 ml es un aperitivo premium de estilo Torino, producido en Argentina por la desarrolladora de bebidas Lunfardo. Se distingue por ser una propuesta moderna que rescata la elegancia de los vermuts blancos cl\u00e1sicos con un perfil marcadamente c\u00edtrico y mineral.<\/p>","protected":false},"featured_media":2600,"template":"","meta":{"_gspb_post_css":"","_joinchat":[]},"product_brand":[],"product_cat":[119],"product_tag":[],"class_list":{"0":"post-2598","1":"product","2":"type-product","3":"status-publish","4":"has-post-thumbnail","6":"product_cat-aperitivos","8":"first","9":"onbackorder","10":"shipping-taxable","11":"purchasable","12":"product-type-simple"},"supplier_id":2599,"supplier_sku":"","barcode":null,"atum_controlled":true,"out_stock_date":null,"out_stock_threshold":null,"inheritable":false,"inbound_stock":null,"stock_on_hold":0,"sold_today":0,"sales_last_days":0,"reserved_stock":null,"customer_returns":null,"warehouse_damage":null,"lost_in_post":null,"other_logs":null,"out_stock_days":0,"lost_sales":0,"has_location":null,"update_date":"2026-05-09T03:42:16","atum_locations":[],"atum_stock_status":"onbackorder","restock_status":false,"low_stock_amount":"","sales_update_date":"2026-05-09T03:42:16","calc_backorders":0,"_links":{"self":[{"href":"https:\/\/www.poke.com.ar\/en\/wp-json\/wp\/v2\/product\/2598","targetHints":{"allow":["GET"]}}],"collection":[{"href":"https:\/\/www.poke.com.ar\/en\/wp-json\/wp\/v2\/product"}],"about":[{"href":"https:\/\/www.poke.com.ar\/en\/wp-json\/wp\/v2\/types\/product"}],"wp:featuredmedia":[{"embeddable":true,"href":"https:\/\/www.poke.com.ar\/en\/wp-json\/wp\/v2\/media\/2600"}],"wp:attachment":[{"href":"https:\/\/www.poke.com.ar\/en\/wp-json\/wp\/v2\/media?parent=2598"}],"wp:term":[{"taxonomy":"product_brand","embeddable":true,"href":"https:\/\/www.poke.com.ar\/en\/wp-json\/wp\/v2\/product_brand?post=2598"},{"taxonomy":"product_cat","embeddable":true,"href":"https:\/\/www.poke.com.ar\/en\/wp-json\/wp\/v2\/product_cat?post=2598"},{"taxonomy":"product_tag","embeddable":true,"href":"https:\/\/www.poke.com.ar\/en\/wp-json\/wp\/v2\/product_tag?post=2598"}],"curies":[{"name":"wp","href":"https:\/\/api.w.org\/{rel}","templated":true}]}}