{"id":2592,"date":"2026-05-06T22:36:21","date_gmt":"2026-05-06T22:36:21","guid":{"rendered":"http:\/\/poke.com.arREMOTE_TARGET\/tienda\/clase-azul-375-ml\/"},"modified":"2026-05-06T22:36:21","modified_gmt":"2026-05-06T22:36:21","slug":"clase-azul-375-ml","status":"publish","type":"product","link":"https:\/\/www.poke.com.ar\/en\/tienda\/clase-azul-375-ml\/","title":{"rendered":"Clase Azul 375 ml"},"content":{"rendered":"<p>Presenta un aroma complejo y seductor, con notas de frutas ex\u00f3ticas, como la pi\u00f1a y la guayaba, que se integran perfectamente con toques de vainilla y caramelo tostado. En boca, el vino muestra un sabor suave y rico, con un delicioso equilibrio entre la dulzura de la fruta y la complejidad de las especias, finalizando con un toque de madera tostada y un suave y persistente final de sabor que invita a disfrutar de otro sorbo.<\/p>","protected":false},"excerpt":{"rendered":"<p>El arte de la distinci\u00f3n en un frasco. La emblem\u00e1tica marca mexicana, conocida por su irreprochable calidad y elegancia, presenta su versi\u00f3n m\u00e1s exquisita: el Clase Azul 375ml. Cada gota de este mezcal reposado es un homenaje a la tradici\u00f3n artesanal y la pasi\u00f3n por la creaci\u00f3n de bebidas de alta calidad. En este frasco de cristal clarificado, se albergan aromas y sabores que invitan a disfrutar de un momento de relax y distinci\u00f3n, ideal para aquellos que aprecian la belleza en cada detalles y la satisfacci\u00f3n de probar algo verdaderamente especial.<\/p>","protected":false},"featured_media":2594,"template":"","meta":{"_gspb_post_css":"","_joinchat":[]},"product_brand":[],"product_cat":[139],"product_tag":[],"class_list":{"0":"post-2592","1":"product","2":"type-product","3":"status-publish","4":"has-post-thumbnail","6":"product_cat-tequila","8":"first","9":"onbackorder","10":"shipping-taxable","11":"purchasable","12":"product-type-simple"},"supplier_id":2593,"supplier_sku":"","barcode":null,"atum_controlled":true,"out_stock_date":null,"out_stock_threshold":null,"inheritable":false,"inbound_stock":null,"stock_on_hold":0,"sold_today":0,"sales_last_days":0,"reserved_stock":null,"customer_returns":null,"warehouse_damage":null,"lost_in_post":null,"other_logs":null,"out_stock_days":0,"lost_sales":0,"has_location":null,"update_date":"2026-05-09T03:42:17","atum_locations":[],"atum_stock_status":"onbackorder","restock_status":false,"low_stock_amount":"","sales_update_date":"2026-05-09T03:42:17","calc_backorders":0,"_links":{"self":[{"href":"https:\/\/www.poke.com.ar\/en\/wp-json\/wp\/v2\/product\/2592","targetHints":{"allow":["GET"]}}],"collection":[{"href":"https:\/\/www.poke.com.ar\/en\/wp-json\/wp\/v2\/product"}],"about":[{"href":"https:\/\/www.poke.com.ar\/en\/wp-json\/wp\/v2\/types\/product"}],"wp:featuredmedia":[{"embeddable":true,"href":"https:\/\/www.poke.com.ar\/en\/wp-json\/wp\/v2\/media\/2594"}],"wp:attachment":[{"href":"https:\/\/www.poke.com.ar\/en\/wp-json\/wp\/v2\/media?parent=2592"}],"wp:term":[{"taxonomy":"product_brand","embeddable":true,"href":"https:\/\/www.poke.com.ar\/en\/wp-json\/wp\/v2\/product_brand?post=2592"},{"taxonomy":"product_cat","embeddable":true,"href":"https:\/\/www.poke.com.ar\/en\/wp-json\/wp\/v2\/product_cat?post=2592"},{"taxonomy":"product_tag","embeddable":true,"href":"https:\/\/www.poke.com.ar\/en\/wp-json\/wp\/v2\/product_tag?post=2592"}],"curies":[{"name":"wp","href":"https:\/\/api.w.org\/{rel}","templated":true}]}}