{"id":2583,"date":"2026-05-06T22:35:10","date_gmt":"2026-05-06T22:35:10","guid":{"rendered":"http:\/\/poke.com.arREMOTE_TARGET\/tienda\/rutini-sauvignon-blanc\/"},"modified":"2026-05-06T22:35:10","modified_gmt":"2026-05-06T22:35:10","slug":"rutini-sauvignon-blanc","status":"publish","type":"product","link":"https:\/\/www.poke.com.ar\/en\/tienda\/rutini-sauvignon-blanc\/","title":{"rendered":"Rutini Sauvignon Blanc"},"content":{"rendered":"<p>Vista: Se presenta con un color amarillo brillante con reflejos verdosos o pajizos. Nariz: Ofrece aromas intensos a frutas c\u00edtricas como el pomelo rosado, lim\u00f3n y lima, acompa\u00f1ados de notas de frutos tropicales (pasi\u00f3n, guayaba), hierbas frescas, pasto reci\u00e9n cortado y matices minerales. Boca: Es un vino de cuerpo medio con acidez refrescante y equilibrada. Su breve paso por madera aporta una fugaz nota de vainilla que lo hace \u00fanico y redondo en el paladar. Debido a su acidez y frescura, es ideal para acompa\u00f1ar con pescados blancos (lenguado), mariscos (langostinos, mejillones), y sopas de mar.<\/p>","protected":false},"excerpt":{"rendered":"<p>Rutini Colecci\u00f3n Sauvignon Blanc es un vino blanco de la bodega Rutini Wines, caracterizado por su perfil intensamente arom\u00e1tico y fresco, con un equilibrio distintivo entre notas c\u00edtricas, herb\u00e1ceas y un sutil toque de roble.<\/p>","protected":false},"featured_media":2585,"template":"","meta":{"_gspb_post_css":"","_joinchat":[]},"product_brand":[],"product_cat":[123],"product_tag":[],"class_list":{"0":"post-2583","1":"product","2":"type-product","3":"status-publish","4":"has-post-thumbnail","6":"product_cat-rutini-wines","8":"first","9":"onbackorder","10":"shipping-taxable","11":"purchasable","12":"product-type-simple"},"supplier_id":2584,"supplier_sku":"","barcode":null,"atum_controlled":true,"out_stock_date":null,"out_stock_threshold":null,"inheritable":false,"inbound_stock":null,"stock_on_hold":0,"sold_today":0,"sales_last_days":0,"reserved_stock":null,"customer_returns":null,"warehouse_damage":null,"lost_in_post":null,"other_logs":null,"out_stock_days":0,"lost_sales":0,"has_location":null,"update_date":"2026-05-09T03:42:17","atum_locations":[],"atum_stock_status":"onbackorder","restock_status":false,"low_stock_amount":"","sales_update_date":"2026-05-09T03:42:17","calc_backorders":0,"_links":{"self":[{"href":"https:\/\/www.poke.com.ar\/en\/wp-json\/wp\/v2\/product\/2583","targetHints":{"allow":["GET"]}}],"collection":[{"href":"https:\/\/www.poke.com.ar\/en\/wp-json\/wp\/v2\/product"}],"about":[{"href":"https:\/\/www.poke.com.ar\/en\/wp-json\/wp\/v2\/types\/product"}],"wp:featuredmedia":[{"embeddable":true,"href":"https:\/\/www.poke.com.ar\/en\/wp-json\/wp\/v2\/media\/2585"}],"wp:attachment":[{"href":"https:\/\/www.poke.com.ar\/en\/wp-json\/wp\/v2\/media?parent=2583"}],"wp:term":[{"taxonomy":"product_brand","embeddable":true,"href":"https:\/\/www.poke.com.ar\/en\/wp-json\/wp\/v2\/product_brand?post=2583"},{"taxonomy":"product_cat","embeddable":true,"href":"https:\/\/www.poke.com.ar\/en\/wp-json\/wp\/v2\/product_cat?post=2583"},{"taxonomy":"product_tag","embeddable":true,"href":"https:\/\/www.poke.com.ar\/en\/wp-json\/wp\/v2\/product_tag?post=2583"}],"curies":[{"name":"wp","href":"https:\/\/api.w.org\/{rel}","templated":true}]}}