{"id":2550,"date":"2026-05-06T22:30:48","date_gmt":"2026-05-06T22:30:48","guid":{"rendered":"http:\/\/poke.com.arREMOTE_TARGET\/tienda\/ferrero-rocher-x12u\/"},"modified":"2026-05-06T22:30:48","modified_gmt":"2026-05-06T22:30:48","slug":"ferrero-rocher-x12u","status":"publish","type":"product","link":"https:\/\/www.poke.com.ar\/en\/tienda\/ferrero-rocher-x12u\/","title":{"rendered":"Ferrero Rocher x12u"},"content":{"rendered":"<p>Ferrero Rocher ofrece una rica e indulgente experiencia de chocolate.Espere notas de avellana, chocolate y un toque de oblea, complementadas con una delicada dulzura.La textura es crujiente y cremosa, dejando un final largo y satisfactorio.Es un chocolate cl\u00e1sico y sofisticado, perfecto para regalar o compartir.<\/p>","protected":false},"excerpt":{"rendered":"<p>Ferrero Rocher es una renombrada pasteler\u00eda de chocolate italiana, conocida por su car\u00e1cter \u00fanico e indulgente.Consiste en una avellana entera tostada envuelta en una fina corteza de oblea rellena de chocolate con avellanas, cubierta de chocolate con leche y avellanas picadas.Ferrero Rocher es un regalo vers\u00e1til, perfecto para regalar o compartir, y es famoso en todo el mundo por su calidad superior y su car\u00e1cter sofisticado.<\/p>","protected":false},"featured_media":2552,"template":"","meta":{"_gspb_post_css":"","_joinchat":[]},"product_brand":[],"product_cat":[127],"product_tag":[],"class_list":{"0":"post-2550","1":"product","2":"type-product","3":"status-publish","4":"has-post-thumbnail","6":"product_cat-delicatessen","8":"first","9":"onbackorder","10":"shipping-taxable","11":"purchasable","12":"product-type-simple"},"supplier_id":2551,"supplier_sku":"","barcode":null,"atum_controlled":true,"out_stock_date":null,"out_stock_threshold":null,"inheritable":false,"inbound_stock":null,"stock_on_hold":0,"sold_today":0,"sales_last_days":0,"reserved_stock":null,"customer_returns":null,"warehouse_damage":null,"lost_in_post":null,"other_logs":null,"out_stock_days":0,"lost_sales":0,"has_location":null,"update_date":"2026-05-09T03:42:16","atum_locations":[],"atum_stock_status":"onbackorder","restock_status":false,"low_stock_amount":"","sales_update_date":"2026-05-09T03:42:16","calc_backorders":0,"_links":{"self":[{"href":"https:\/\/www.poke.com.ar\/en\/wp-json\/wp\/v2\/product\/2550","targetHints":{"allow":["GET"]}}],"collection":[{"href":"https:\/\/www.poke.com.ar\/en\/wp-json\/wp\/v2\/product"}],"about":[{"href":"https:\/\/www.poke.com.ar\/en\/wp-json\/wp\/v2\/types\/product"}],"wp:featuredmedia":[{"embeddable":true,"href":"https:\/\/www.poke.com.ar\/en\/wp-json\/wp\/v2\/media\/2552"}],"wp:attachment":[{"href":"https:\/\/www.poke.com.ar\/en\/wp-json\/wp\/v2\/media?parent=2550"}],"wp:term":[{"taxonomy":"product_brand","embeddable":true,"href":"https:\/\/www.poke.com.ar\/en\/wp-json\/wp\/v2\/product_brand?post=2550"},{"taxonomy":"product_cat","embeddable":true,"href":"https:\/\/www.poke.com.ar\/en\/wp-json\/wp\/v2\/product_cat?post=2550"},{"taxonomy":"product_tag","embeddable":true,"href":"https:\/\/www.poke.com.ar\/en\/wp-json\/wp\/v2\/product_tag?post=2550"}],"curies":[{"name":"wp","href":"https:\/\/api.w.org\/{rel}","templated":true}]}}