{"id":2471,"date":"2026-05-06T22:20:32","date_gmt":"2026-05-06T22:20:32","guid":{"rendered":"http:\/\/poke.com.arREMOTE_TARGET\/tienda\/jura-12-700-ml\/"},"modified":"2026-05-06T22:20:32","modified_gmt":"2026-05-06T22:20:32","slug":"jura-12-700-ml","status":"publish","type":"product","link":"https:\/\/www.poke.com.ar\/en\/tienda\/jura-12-700-ml\/","title":{"rendered":"Jura 12 700 ml"},"content":{"rendered":"<p>Jura 12 a\u00f1os ofrece un whisky escoc\u00e9s de pura malta suave y accesible.Espere notas c\u00edtricas, vainilla y un toque de dulzura floral, complementadas con una textura cremosa y un final largo y c\u00e1lido.Es un single malt cl\u00e1sico de la isla, conocido por su car\u00e1cter delicado y elegante.<\/p>","protected":false},"excerpt":{"rendered":"<p>Jura 12 a\u00f1os es un distinguido whisky escoc\u00e9s de malta procedente de la destiler\u00eda Isle of Jura.Esta expresi\u00f3n es conocida por su car\u00e1cter suave y accesible, con un perfil de sabor que incluye notas c\u00edtricas, vainilla y un toque de dulzura floral.Se madura en una combinaci\u00f3n de barricas ex-bourbon de roble blanco americano, lo que contribuye a su car\u00e1cter equilibrado y suave.Jura 12 a\u00f1os es una representaci\u00f3n cl\u00e1sica del whisky isle\u00f1o que ofrece una experiencia de bebida c\u00e1lida y acogedora.<\/p>","protected":false},"featured_media":2473,"template":"","meta":{"_gspb_post_css":"","_joinchat":[]},"product_brand":[],"product_cat":[135],"product_tag":[],"class_list":{"0":"post-2471","1":"product","2":"type-product","3":"status-publish","4":"has-post-thumbnail","6":"product_cat-single-malt","8":"first","9":"onbackorder","10":"shipping-taxable","11":"purchasable","12":"product-type-simple"},"supplier_id":2472,"supplier_sku":"","barcode":null,"atum_controlled":true,"out_stock_date":null,"out_stock_threshold":null,"inheritable":false,"inbound_stock":null,"stock_on_hold":0,"sold_today":0,"sales_last_days":0,"reserved_stock":null,"customer_returns":null,"warehouse_damage":null,"lost_in_post":null,"other_logs":null,"out_stock_days":0,"lost_sales":0,"has_location":null,"update_date":"2026-05-09T03:42:18","atum_locations":[],"atum_stock_status":"onbackorder","restock_status":false,"low_stock_amount":"","sales_update_date":"2026-05-09T03:42:18","calc_backorders":0,"_links":{"self":[{"href":"https:\/\/www.poke.com.ar\/en\/wp-json\/wp\/v2\/product\/2471","targetHints":{"allow":["GET"]}}],"collection":[{"href":"https:\/\/www.poke.com.ar\/en\/wp-json\/wp\/v2\/product"}],"about":[{"href":"https:\/\/www.poke.com.ar\/en\/wp-json\/wp\/v2\/types\/product"}],"wp:featuredmedia":[{"embeddable":true,"href":"https:\/\/www.poke.com.ar\/en\/wp-json\/wp\/v2\/media\/2473"}],"wp:attachment":[{"href":"https:\/\/www.poke.com.ar\/en\/wp-json\/wp\/v2\/media?parent=2471"}],"wp:term":[{"taxonomy":"product_brand","embeddable":true,"href":"https:\/\/www.poke.com.ar\/en\/wp-json\/wp\/v2\/product_brand?post=2471"},{"taxonomy":"product_cat","embeddable":true,"href":"https:\/\/www.poke.com.ar\/en\/wp-json\/wp\/v2\/product_cat?post=2471"},{"taxonomy":"product_tag","embeddable":true,"href":"https:\/\/www.poke.com.ar\/en\/wp-json\/wp\/v2\/product_tag?post=2471"}],"curies":[{"name":"wp","href":"https:\/\/api.w.org\/{rel}","templated":true}]}}