{"id":2462,"date":"2026-05-06T22:19:21","date_gmt":"2026-05-06T22:19:21","guid":{"rendered":"http:\/\/poke.com.arREMOTE_TARGET\/tienda\/j-w-green-label-750-ml\/"},"modified":"2026-05-06T22:19:21","modified_gmt":"2026-05-06T22:19:21","slug":"j-w-green-label-750-ml","status":"publish","type":"product","link":"https:\/\/www.poke.com.ar\/en\/tienda\/j-w-green-label-750-ml\/","title":{"rendered":"J.W. Green Label 750 ml"},"content":{"rendered":"<p>Johnnie Walker Green Label es un rico y complejo whisky escoc\u00e9s de malta mezclado, elaborado a partir de una selecci\u00f3n de maltas puras de las cuatro principales regiones productoras de whisky de Escocia.Espere un car\u00e1cter rico y vibrante con notas de manzana verde, hierba reci\u00e9n cortada y un toque de fruta tropical, complementados con un sutil ahumado y una textura cremosa.En boca es suave y meloso, con una mezcla armoniosa de sabores dulces y salados, que conduce a un final largo y persistente.Es un whisky escoc\u00e9s intrigante y sabroso, perfecto para saborear.<\/p>","protected":false},"excerpt":{"rendered":"<p>Johnnie Walker Green Label es un distinguido whisky escoc\u00e9s de mezcla de malta, elaborado a partir de una selecci\u00f3n de maltas puras de las cuatro principales regiones productoras de whisky de Escocia: Islay, Speyside, Highlands y Lowlands.Esta expresi\u00f3n \u00fanica ofrece un perfil de sabor rico y vibrante, con notas prominentes de manzana verde, hierba reci\u00e9n cortada y un toque de fruta tropical, todo equilibrado por un sutil ahumado.Es un testimonio del arte de la mezcla, que muestra las diversas caracter\u00edsticas del paisaje del whisky de Escocia en un esp\u00edritu armonioso y complejo.Johnnie Walker Green Label es un whisky muy solicitado que ofrece una experiencia escocesa distintiva y memorable.<\/p>","protected":false},"featured_media":2464,"template":"","meta":{"_gspb_post_css":"","_joinchat":[]},"product_brand":[],"product_cat":[134],"product_tag":[],"class_list":{"0":"post-2462","1":"product","2":"type-product","3":"status-publish","4":"has-post-thumbnail","6":"product_cat-blend","8":"first","9":"onbackorder","10":"shipping-taxable","11":"purchasable","12":"product-type-simple"},"supplier_id":2463,"supplier_sku":"","barcode":null,"atum_controlled":true,"out_stock_date":null,"out_stock_threshold":null,"inheritable":false,"inbound_stock":null,"stock_on_hold":0,"sold_today":0,"sales_last_days":0,"reserved_stock":null,"customer_returns":null,"warehouse_damage":null,"lost_in_post":null,"other_logs":null,"out_stock_days":0,"lost_sales":0,"has_location":null,"update_date":"2026-05-09T03:42:18","atum_locations":[],"atum_stock_status":"onbackorder","restock_status":false,"low_stock_amount":"","sales_update_date":"2026-05-09T03:42:18","calc_backorders":0,"_links":{"self":[{"href":"https:\/\/www.poke.com.ar\/en\/wp-json\/wp\/v2\/product\/2462","targetHints":{"allow":["GET"]}}],"collection":[{"href":"https:\/\/www.poke.com.ar\/en\/wp-json\/wp\/v2\/product"}],"about":[{"href":"https:\/\/www.poke.com.ar\/en\/wp-json\/wp\/v2\/types\/product"}],"wp:featuredmedia":[{"embeddable":true,"href":"https:\/\/www.poke.com.ar\/en\/wp-json\/wp\/v2\/media\/2464"}],"wp:attachment":[{"href":"https:\/\/www.poke.com.ar\/en\/wp-json\/wp\/v2\/media?parent=2462"}],"wp:term":[{"taxonomy":"product_brand","embeddable":true,"href":"https:\/\/www.poke.com.ar\/en\/wp-json\/wp\/v2\/product_brand?post=2462"},{"taxonomy":"product_cat","embeddable":true,"href":"https:\/\/www.poke.com.ar\/en\/wp-json\/wp\/v2\/product_cat?post=2462"},{"taxonomy":"product_tag","embeddable":true,"href":"https:\/\/www.poke.com.ar\/en\/wp-json\/wp\/v2\/product_tag?post=2462"}],"curies":[{"name":"wp","href":"https:\/\/api.w.org\/{rel}","templated":true}]}}