{"id":2396,"date":"2026-05-06T22:10:49","date_gmt":"2026-05-06T22:10:49","guid":{"rendered":"http:\/\/poke.com.arREMOTE_TARGET\/tienda\/jager-cold-brew-coffee-1-lt\/"},"modified":"2026-05-06T22:10:49","modified_gmt":"2026-05-06T22:10:49","slug":"jager-cold-brew-coffee-1-lt","status":"publish","type":"product","link":"https:\/\/www.poke.com.ar\/en\/tienda\/jager-cold-brew-coffee-1-lt\/","title":{"rendered":"Jager Cold Brew Coffee 1 lt"},"content":{"rendered":"<p>J\u00e4germeister Cold Brew Coffee ofrece una experiencia de licor de hierbas \u00fanica y compleja, con un rico sabor a caf\u00e9.Espere notas de caf\u00e9 tostado, chocolate amargo y un toque de an\u00eds estrellado, complementados con una textura suave y sedosa.En boca es dulce y herb\u00e1ceo, con un final largo y c\u00e1lido que muestra su profundidad y equilibrio.Es un licor vers\u00e1til y sabroso, perfecto para beber solo, con hielo o en c\u00f3cteles.<\/p>","protected":false},"excerpt":{"rendered":"<p>J\u00e4germeister Cold Brew Coffee es un licor de hierbas \u00fanico e innovador de J\u00e4germeister, conocido por su perfil de sabor rico y complejo.Est\u00e1 elaborado a partir de una mezcla de las 56 hierbas, frutas, ra\u00edces y especias cl\u00e1sicas de J\u00e4germeister, infundidas con los sabores naturales del caf\u00e9 fr\u00edo y un toque de cacao.J\u00e4germeister Cold Brew Coffee es una bebida espirituosa vers\u00e1til, perfecta para beber sola, con hielo o en c\u00f3cteles, y es reconocida mundialmente por su calidad premium y su car\u00e1cter sofisticado.<\/p>","protected":false},"featured_media":2398,"template":"","meta":{"_gspb_post_css":"","_joinchat":[]},"product_brand":[],"product_cat":[140],"product_tag":[],"class_list":{"0":"post-2396","1":"product","2":"type-product","3":"status-publish","4":"has-post-thumbnail","6":"product_cat-licor","8":"first","9":"onbackorder","10":"shipping-taxable","11":"purchasable","12":"product-type-simple"},"supplier_id":2397,"supplier_sku":"","barcode":null,"atum_controlled":true,"out_stock_date":null,"out_stock_threshold":null,"inheritable":false,"inbound_stock":null,"stock_on_hold":0,"sold_today":0,"sales_last_days":0,"reserved_stock":null,"customer_returns":null,"warehouse_damage":null,"lost_in_post":null,"other_logs":null,"out_stock_days":0,"lost_sales":0,"has_location":null,"update_date":"2026-05-09T03:42:18","atum_locations":[],"atum_stock_status":"onbackorder","restock_status":false,"low_stock_amount":"","sales_update_date":"2026-05-09T03:42:18","calc_backorders":0,"_links":{"self":[{"href":"https:\/\/www.poke.com.ar\/en\/wp-json\/wp\/v2\/product\/2396","targetHints":{"allow":["GET"]}}],"collection":[{"href":"https:\/\/www.poke.com.ar\/en\/wp-json\/wp\/v2\/product"}],"about":[{"href":"https:\/\/www.poke.com.ar\/en\/wp-json\/wp\/v2\/types\/product"}],"wp:featuredmedia":[{"embeddable":true,"href":"https:\/\/www.poke.com.ar\/en\/wp-json\/wp\/v2\/media\/2398"}],"wp:attachment":[{"href":"https:\/\/www.poke.com.ar\/en\/wp-json\/wp\/v2\/media?parent=2396"}],"wp:term":[{"taxonomy":"product_brand","embeddable":true,"href":"https:\/\/www.poke.com.ar\/en\/wp-json\/wp\/v2\/product_brand?post=2396"},{"taxonomy":"product_cat","embeddable":true,"href":"https:\/\/www.poke.com.ar\/en\/wp-json\/wp\/v2\/product_cat?post=2396"},{"taxonomy":"product_tag","embeddable":true,"href":"https:\/\/www.poke.com.ar\/en\/wp-json\/wp\/v2\/product_tag?post=2396"}],"curies":[{"name":"wp","href":"https:\/\/api.w.org\/{rel}","templated":true}]}}