{"id":2362,"date":"2026-05-06T22:06:34","date_gmt":"2026-05-06T22:06:34","guid":{"rendered":"http:\/\/poke.com.arREMOTE_TARGET\/tienda\/clase-azul-750-ml\/"},"modified":"2026-05-06T22:06:34","modified_gmt":"2026-05-06T22:06:34","slug":"clase-azul-750-ml","status":"publish","type":"product","link":"https:\/\/www.poke.com.ar\/en\/tienda\/clase-azul-750-ml\/","title":{"rendered":"Clase Azul 750 ml"},"content":{"rendered":"<p>Clase Azul Tequila ofrece una experiencia de tequila suave y vers\u00e1til, conocida por su sabor limpio y crujiente.Espere un sabor rico, con cuerpo y complejo, pero suave y meloso, con un car\u00e1cter distintivo de agave, seguido de un toque de frutos secos.El final es largo y suave, lo que lo hace perfecto para mezclarlo en c\u00f3cteles o disfrutarlo solo.<\/p>","protected":false},"excerpt":{"rendered":"<p>Tequila Clase Azul es un distinguido tequila mexicano, conocido por sus ic\u00f3nicas botellas decantadoras de cer\u00e1mica, las cuales son elaboradas y pintadas a mano por artesanos en M\u00e9xico.Est\u00e1 elaborado 100% con agave Weber azul, envejecido en barricas de roble, lo que le confiere un car\u00e1cter suave y meloso al tequila.El Tequila Clase Azul es una bebida espirituosa vers\u00e1til, perfecta para mezclar en c\u00f3cteles o disfrutar sola, y es reconocida mundialmente por su calidad premium y su car\u00e1cter sofisticado.<\/p>","protected":false},"featured_media":2364,"template":"","meta":{"_gspb_post_css":"","_joinchat":[]},"product_brand":[],"product_cat":[139],"product_tag":[],"class_list":{"0":"post-2362","1":"product","2":"type-product","3":"status-publish","4":"has-post-thumbnail","6":"product_cat-tequila","8":"first","9":"onbackorder","10":"shipping-taxable","11":"purchasable","12":"product-type-simple"},"supplier_id":2363,"supplier_sku":"","barcode":null,"atum_controlled":true,"out_stock_date":null,"out_stock_threshold":null,"inheritable":false,"inbound_stock":null,"stock_on_hold":0,"sold_today":0,"sales_last_days":0,"reserved_stock":null,"customer_returns":null,"warehouse_damage":null,"lost_in_post":null,"other_logs":null,"out_stock_days":0,"lost_sales":0,"has_location":null,"update_date":"2026-05-09T03:42:18","atum_locations":[],"atum_stock_status":"onbackorder","restock_status":false,"low_stock_amount":"","sales_update_date":"2026-05-09T03:42:18","calc_backorders":0,"_links":{"self":[{"href":"https:\/\/www.poke.com.ar\/en\/wp-json\/wp\/v2\/product\/2362","targetHints":{"allow":["GET"]}}],"collection":[{"href":"https:\/\/www.poke.com.ar\/en\/wp-json\/wp\/v2\/product"}],"about":[{"href":"https:\/\/www.poke.com.ar\/en\/wp-json\/wp\/v2\/types\/product"}],"wp:featuredmedia":[{"embeddable":true,"href":"https:\/\/www.poke.com.ar\/en\/wp-json\/wp\/v2\/media\/2364"}],"wp:attachment":[{"href":"https:\/\/www.poke.com.ar\/en\/wp-json\/wp\/v2\/media?parent=2362"}],"wp:term":[{"taxonomy":"product_brand","embeddable":true,"href":"https:\/\/www.poke.com.ar\/en\/wp-json\/wp\/v2\/product_brand?post=2362"},{"taxonomy":"product_cat","embeddable":true,"href":"https:\/\/www.poke.com.ar\/en\/wp-json\/wp\/v2\/product_cat?post=2362"},{"taxonomy":"product_tag","embeddable":true,"href":"https:\/\/www.poke.com.ar\/en\/wp-json\/wp\/v2\/product_tag?post=2362"}],"curies":[{"name":"wp","href":"https:\/\/api.w.org\/{rel}","templated":true}]}}