{"id":2344,"date":"2026-05-06T22:04:33","date_gmt":"2026-05-06T22:04:33","guid":{"rendered":"http:\/\/poke.com.arREMOTE_TARGET\/tienda\/zacapa-centenario-xo-750-ml\/"},"modified":"2026-05-06T22:04:33","modified_gmt":"2026-05-06T22:04:33","slug":"zacapa-centenario-xo-750-ml","status":"publish","type":"product","link":"https:\/\/www.poke.com.ar\/en\/tienda\/zacapa-centenario-xo-750-ml\/","title":{"rendered":"Zacapa Centenario XO 750 ml"},"content":{"rendered":"<p>Zacapa Centenario XO ofrece un equilibrio complejo y armonioso de dulzor, fruta y especias.Nariz: Espere una poderosa impresi\u00f3n de caramelo, nueces, aromas de naranja y madera.Presenta chocolate negro dulce con r\u00e1fagas de notas c\u00edtricas dulces, ricas notas de caf\u00e9, un poco de tabaco y una intensidad similar a la del brandy con toques de cuero y envejecimiento en roble.Otras notas incluyen cuero de becerro, az\u00facar moreno, melaza, bourbon, cedro, tabaco de pipa y vainilla con miel.Boca: En boca es suave, redondo y c\u00e1lido, con una intensidad absolutamente sorprendente.Presenta ondas de suave az\u00facar moreno, caramelo, roble especiado, cedro y tabaco de pipa.Encontrar\u00e1s cereza oscura, chocolate, frutos secos (sultana, d\u00e1til, ciruela pasa) y especias dulces de roble como clavo, vainilla y canela.Tambi\u00e9n hay fuertes notas de pud\u00edn navide\u00f1o de c\u00e1scara de naranja, jengibre y frutos secos con infusi\u00f3n de brandy, junto con una nota ligeramente seca, casi agridulce.Destaca el caramelo combinado con chocolate.Final: El final es largo, suave y dulce, con c\u00e1lidas especias dulces.A menudo deja notas de chocolate con leche, caramelo y vainilla.Tambi\u00e9n se pueden detectar notas m\u00e1s ligeras de mango seco, frambuesa y jengibre sutil.<\/p>","protected":false},"excerpt":{"rendered":"<p>Zacapa Centenario XO es un ron maravillosamente complejo, generoso y con mucho cuerpo, t\u00edpicamente de 80 grados (40% ABV).Est\u00e1 magistralmente elaborado en Guatemala y envejecido a la perfecci\u00f3n en las tierras altas de Quetzaltenango.Este ron s\u00faper premium se destila a partir de miel de ca\u00f1a de az\u00facar virgen, no de melaza, y se envejece mediante un proceso adaptado del Sistema Solera.Es un equilibrio \u00fanico de aromas y sabores complejos, resultante de una mezcla exclusiva de rones reserva.Estos rones artesanales, con edades comprendidas entre 6 y 25 a\u00f1os, se mezclan y maduran en una secuencia de barricas que anteriormente almacenaban robustos whiskies americanos, delicados jerez y finos vinos Pedro Xim\u00e9nez, antes de ser terminados en barricas de roble franc\u00e9s que alguna vez contuvieron co\u00f1ac.El ron se presenta en una botella elegante, a menudo descrita como una hermosa jarra con forma de cristal, lo que la convierte en un complemento ideal para una colecci\u00f3n de ron.<\/p>","protected":false},"featured_media":2347,"template":"","meta":{"_gspb_post_css":"","_joinchat":[]},"product_brand":[],"product_cat":[138],"product_tag":[],"class_list":{"0":"post-2344","1":"product","2":"type-product","3":"status-publish","4":"has-post-thumbnail","6":"product_cat-ron","8":"first","9":"onbackorder","10":"shipping-taxable","11":"purchasable","12":"product-type-simple"},"supplier_id":2345,"supplier_sku":"","barcode":null,"atum_controlled":true,"out_stock_date":null,"out_stock_threshold":null,"inheritable":false,"inbound_stock":null,"stock_on_hold":0,"sold_today":0,"sales_last_days":0,"reserved_stock":null,"customer_returns":null,"warehouse_damage":null,"lost_in_post":null,"other_logs":null,"out_stock_days":0,"lost_sales":0,"has_location":null,"update_date":"2026-05-09T03:42:18","atum_locations":[],"atum_stock_status":"onbackorder","restock_status":false,"low_stock_amount":"","sales_update_date":"2026-05-09T03:42:18","calc_backorders":0,"_links":{"self":[{"href":"https:\/\/www.poke.com.ar\/en\/wp-json\/wp\/v2\/product\/2344","targetHints":{"allow":["GET"]}}],"collection":[{"href":"https:\/\/www.poke.com.ar\/en\/wp-json\/wp\/v2\/product"}],"about":[{"href":"https:\/\/www.poke.com.ar\/en\/wp-json\/wp\/v2\/types\/product"}],"wp:featuredmedia":[{"embeddable":true,"href":"https:\/\/www.poke.com.ar\/en\/wp-json\/wp\/v2\/media\/2347"}],"wp:attachment":[{"href":"https:\/\/www.poke.com.ar\/en\/wp-json\/wp\/v2\/media?parent=2344"}],"wp:term":[{"taxonomy":"product_brand","embeddable":true,"href":"https:\/\/www.poke.com.ar\/en\/wp-json\/wp\/v2\/product_brand?post=2344"},{"taxonomy":"product_cat","embeddable":true,"href":"https:\/\/www.poke.com.ar\/en\/wp-json\/wp\/v2\/product_cat?post=2344"},{"taxonomy":"product_tag","embeddable":true,"href":"https:\/\/www.poke.com.ar\/en\/wp-json\/wp\/v2\/product_tag?post=2344"}],"curies":[{"name":"wp","href":"https:\/\/api.w.org\/{rel}","templated":true}]}}