{"id":2338,"date":"2026-05-06T22:03:48","date_gmt":"2026-05-06T22:03:48","guid":{"rendered":"http:\/\/poke.com.arREMOTE_TARGET\/tienda\/the-botanist-1-lt\/"},"modified":"2026-05-06T22:03:48","modified_gmt":"2026-05-06T22:03:48","slug":"the-botanist-1-lt","status":"publish","type":"product","link":"https:\/\/www.poke.com.ar\/en\/tienda\/the-botanist-1-lt\/","title":{"rendered":"The Botanist 1 lt"},"content":{"rendered":"<p>Botanist Islay Dry Gin ofrece un perfil de sabor \u00fanico y complejo, influenciado por su mezcla de 22 ingredientes bot\u00e1nicos de Islay recolectados a mano.Espere notas de enebro, c\u00edtricos y un toque de dulzura floral, complementados con un final suave y refrescante.Es una ginebra vers\u00e1til y sabrosa, perfecta para gin tonics cl\u00e1sicos o c\u00f3cteles creativos.<\/p>","protected":false},"excerpt":{"rendered":"<p>Botanist Islay Dry Gin es una ginebra distinguida de la destiler\u00eda Bruichladdich en la isla de Islay, Escocia.Es conocido por su perfil de sabor \u00fanico y complejo, que se logra mediante un meticuloso proceso de destilaci\u00f3n utilizando 22 ingredientes bot\u00e1nicos de Islay recolectados a mano, adem\u00e1s de 9 ingredientes bot\u00e1nicos cl\u00e1sicos de la ginebra.Esto da como resultado una ginebra con notas prominentes de enebro, c\u00edtricos y un toque de dulzura floral, lo que la hace excepcionalmente suave y vers\u00e1til.El Botanist Islay Dry Gin es uno de los favoritos entre los entusiastas de la ginebra y los bartenders, ideal para elaborar gin tonics cl\u00e1sicos o una amplia variedad de c\u00f3cteles sofisticados.<\/p>","protected":false},"featured_media":2340,"template":"","meta":{"_gspb_post_css":"","_joinchat":[]},"product_brand":[],"product_cat":[129],"product_tag":[],"class_list":{"0":"post-2338","1":"product","2":"type-product","3":"status-publish","4":"has-post-thumbnail","6":"product_cat-gin","8":"first","9":"onbackorder","10":"shipping-taxable","11":"purchasable","12":"product-type-simple"},"supplier_id":2339,"supplier_sku":"","barcode":null,"atum_controlled":true,"out_stock_date":null,"out_stock_threshold":null,"inheritable":false,"inbound_stock":null,"stock_on_hold":0,"sold_today":0,"sales_last_days":0,"reserved_stock":null,"customer_returns":null,"warehouse_damage":null,"lost_in_post":null,"other_logs":null,"out_stock_days":0,"lost_sales":0,"has_location":null,"update_date":"2026-05-09T03:42:18","atum_locations":[],"atum_stock_status":"onbackorder","restock_status":false,"low_stock_amount":"","sales_update_date":"2026-05-09T03:42:18","calc_backorders":0,"_links":{"self":[{"href":"https:\/\/www.poke.com.ar\/en\/wp-json\/wp\/v2\/product\/2338","targetHints":{"allow":["GET"]}}],"collection":[{"href":"https:\/\/www.poke.com.ar\/en\/wp-json\/wp\/v2\/product"}],"about":[{"href":"https:\/\/www.poke.com.ar\/en\/wp-json\/wp\/v2\/types\/product"}],"wp:featuredmedia":[{"embeddable":true,"href":"https:\/\/www.poke.com.ar\/en\/wp-json\/wp\/v2\/media\/2340"}],"wp:attachment":[{"href":"https:\/\/www.poke.com.ar\/en\/wp-json\/wp\/v2\/media?parent=2338"}],"wp:term":[{"taxonomy":"product_brand","embeddable":true,"href":"https:\/\/www.poke.com.ar\/en\/wp-json\/wp\/v2\/product_brand?post=2338"},{"taxonomy":"product_cat","embeddable":true,"href":"https:\/\/www.poke.com.ar\/en\/wp-json\/wp\/v2\/product_cat?post=2338"},{"taxonomy":"product_tag","embeddable":true,"href":"https:\/\/www.poke.com.ar\/en\/wp-json\/wp\/v2\/product_tag?post=2338"}],"curies":[{"name":"wp","href":"https:\/\/api.w.org\/{rel}","templated":true}]}}