{"id":2284,"date":"2026-05-06T21:56:47","date_gmt":"2026-05-06T21:56:47","guid":{"rendered":"http:\/\/poke.com.arREMOTE_TARGET\/tienda\/hendricks-amazonia-1-lt\/"},"modified":"2026-05-06T21:56:47","modified_gmt":"2026-05-06T21:56:47","slug":"hendricks-amazonia-1-lt","status":"publish","type":"product","link":"https:\/\/www.poke.com.ar\/en\/tienda\/hendricks-amazonia-1-lt\/","title":{"rendered":"Hendrick\u2019s Amazonia 1 lt"},"content":{"rendered":"<p>Hendrick&#8217;s Amazonia Gin ofrece un perfil de sabor \u00fanico y ex\u00f3tico, inspirado en la selva amaz\u00f3nica.Espere notas de frutas tropicales, dulzura floral y un toque especiado, complementados con la suavidad cl\u00e1sica de Hendrick&#8217;s Gin.En boca es suave y meloso, con una textura con mucho cuerpo y un final largo y c\u00e1lido que muestra su profundidad y equilibrio.Es una ginebra sofisticada y sabrosa, perfecta para gin tonics ex\u00f3ticos o c\u00f3cteles creativos.<\/p>","protected":false},"excerpt":{"rendered":"<p>Hendrick&#8217;s Amazonia Gin es una ginebra de edici\u00f3n limitada de Hendrick&#8217;s, inspirada en las aventuras de la maestra destiladora Lesley Gracie en la selva amaz\u00f3nica.Esta expresi\u00f3n \u00fanica presenta una mezcla de bot\u00e1nicos ex\u00f3ticos, incluidos algunos del Amazonas, que se agregan a los 11 bot\u00e1nicos cl\u00e1sicos de Hendrick.El resultado es una ginebra vibrante y arom\u00e1tica con notas de frutas tropicales, dulzura floral y un toque especiado, que ofrece un final suave y refrescante.Hendrick&#8217;s Amazonia Gin es una bebida espirituosa vers\u00e1til, ideal para elaborar gin tonics ex\u00f3ticos o para usar en c\u00f3cteles m\u00e1s complejos, atrayendo a aquellos que aprecian una ginebra con un perfil bot\u00e1nico vibrante y aventurero.<\/p>","protected":false},"featured_media":2286,"template":"","meta":{"_gspb_post_css":"","_joinchat":[]},"product_brand":[],"product_cat":[129],"product_tag":[],"class_list":{"0":"post-2284","1":"product","2":"type-product","3":"status-publish","4":"has-post-thumbnail","6":"product_cat-gin","8":"first","9":"onbackorder","10":"shipping-taxable","11":"purchasable","12":"product-type-simple"},"supplier_id":2285,"supplier_sku":"","barcode":null,"atum_controlled":true,"out_stock_date":null,"out_stock_threshold":null,"inheritable":false,"inbound_stock":null,"stock_on_hold":0,"sold_today":0,"sales_last_days":0,"reserved_stock":null,"customer_returns":null,"warehouse_damage":null,"lost_in_post":null,"other_logs":null,"out_stock_days":0,"lost_sales":0,"has_location":null,"update_date":"2026-05-09T03:42:18","atum_locations":[],"atum_stock_status":"onbackorder","restock_status":false,"low_stock_amount":"","sales_update_date":"2026-05-09T03:42:18","calc_backorders":0,"_links":{"self":[{"href":"https:\/\/www.poke.com.ar\/en\/wp-json\/wp\/v2\/product\/2284","targetHints":{"allow":["GET"]}}],"collection":[{"href":"https:\/\/www.poke.com.ar\/en\/wp-json\/wp\/v2\/product"}],"about":[{"href":"https:\/\/www.poke.com.ar\/en\/wp-json\/wp\/v2\/types\/product"}],"wp:featuredmedia":[{"embeddable":true,"href":"https:\/\/www.poke.com.ar\/en\/wp-json\/wp\/v2\/media\/2286"}],"wp:attachment":[{"href":"https:\/\/www.poke.com.ar\/en\/wp-json\/wp\/v2\/media?parent=2284"}],"wp:term":[{"taxonomy":"product_brand","embeddable":true,"href":"https:\/\/www.poke.com.ar\/en\/wp-json\/wp\/v2\/product_brand?post=2284"},{"taxonomy":"product_cat","embeddable":true,"href":"https:\/\/www.poke.com.ar\/en\/wp-json\/wp\/v2\/product_cat?post=2284"},{"taxonomy":"product_tag","embeddable":true,"href":"https:\/\/www.poke.com.ar\/en\/wp-json\/wp\/v2\/product_tag?post=2284"}],"curies":[{"name":"wp","href":"https:\/\/api.w.org\/{rel}","templated":true}]}}