{"id":2242,"date":"2026-05-06T21:51:33","date_gmt":"2026-05-06T21:51:33","guid":{"rendered":"http:\/\/poke.com.arREMOTE_TARGET\/tienda\/grey-goose-orange-1-lt\/"},"modified":"2026-05-06T21:51:33","modified_gmt":"2026-05-06T21:51:33","slug":"grey-goose-orange-1-lt","status":"publish","type":"product","link":"https:\/\/www.poke.com.ar\/en\/tienda\/grey-goose-orange-1-lt\/","title":{"rendered":"Grey Goose Orange 1 lt"},"content":{"rendered":"<p>Tiene un sabor a naranja atrevido, crujiente y picante, con un dulzor suave y un toque de flor de naranja.Muchos lo describen como un aut\u00e9ntico sabor a naranja que no es abrumador y no tiene un sabor artificial.<\/p>","protected":false},"excerpt":{"rendered":"<p>Grey Goose L&#8217;Orange es un vodka premium con sabor a naranja elaborado a partir de la esencia natural de naranjas frescas.Se elabora infundiendo vodka Grey Goose, que se produce a partir de trigo blando de invierno y agua de manantial filtrada con piedra caliza, con aceites esenciales de naranja.Cada litro contiene la esencia natural de m\u00e1s de dos libras (o un kilogramo) de naranjas frescas, sin az\u00facar agregada.El vodka se destila s\u00f3lo una vez para mantener el car\u00e1cter de sus ingredientes.Se puede disfrutar solo, mezclado con jugo de naranja o como ingrediente en varios c\u00f3cteles.<\/p>","protected":false},"featured_media":2244,"template":"","meta":{"_gspb_post_css":"","_joinchat":[]},"product_brand":[],"product_cat":[137],"product_tag":[],"class_list":{"0":"post-2242","1":"product","2":"type-product","3":"status-publish","4":"has-post-thumbnail","6":"product_cat-vodka","8":"first","9":"onbackorder","10":"shipping-taxable","11":"purchasable","12":"product-type-simple"},"supplier_id":2243,"supplier_sku":"","barcode":null,"atum_controlled":true,"out_stock_date":null,"out_stock_threshold":null,"inheritable":false,"inbound_stock":null,"stock_on_hold":0,"sold_today":0,"sales_last_days":0,"reserved_stock":null,"customer_returns":null,"warehouse_damage":null,"lost_in_post":null,"other_logs":null,"out_stock_days":0,"lost_sales":0,"has_location":null,"update_date":"2026-05-09T03:42:16","atum_locations":[],"atum_stock_status":"onbackorder","restock_status":false,"low_stock_amount":"","sales_update_date":"2026-05-09T03:42:16","calc_backorders":0,"_links":{"self":[{"href":"https:\/\/www.poke.com.ar\/en\/wp-json\/wp\/v2\/product\/2242","targetHints":{"allow":["GET"]}}],"collection":[{"href":"https:\/\/www.poke.com.ar\/en\/wp-json\/wp\/v2\/product"}],"about":[{"href":"https:\/\/www.poke.com.ar\/en\/wp-json\/wp\/v2\/types\/product"}],"wp:featuredmedia":[{"embeddable":true,"href":"https:\/\/www.poke.com.ar\/en\/wp-json\/wp\/v2\/media\/2244"}],"wp:attachment":[{"href":"https:\/\/www.poke.com.ar\/en\/wp-json\/wp\/v2\/media?parent=2242"}],"wp:term":[{"taxonomy":"product_brand","embeddable":true,"href":"https:\/\/www.poke.com.ar\/en\/wp-json\/wp\/v2\/product_brand?post=2242"},{"taxonomy":"product_cat","embeddable":true,"href":"https:\/\/www.poke.com.ar\/en\/wp-json\/wp\/v2\/product_cat?post=2242"},{"taxonomy":"product_tag","embeddable":true,"href":"https:\/\/www.poke.com.ar\/en\/wp-json\/wp\/v2\/product_tag?post=2242"}],"curies":[{"name":"wp","href":"https:\/\/api.w.org\/{rel}","templated":true}]}}