{"id":2215,"date":"2026-05-06T21:48:14","date_gmt":"2026-05-06T21:48:14","guid":{"rendered":"http:\/\/poke.com.arREMOTE_TARGET\/tienda\/absolut-edicion-warhol-1-lt\/"},"modified":"2026-05-06T21:48:14","modified_gmt":"2026-05-06T21:48:14","slug":"absolut-edicion-warhol-1-lt","status":"publish","type":"product","link":"https:\/\/www.poke.com.ar\/en\/tienda\/absolut-edicion-warhol-1-lt\/","title":{"rendered":"Absolut Edicion Warhol 1 lt"},"content":{"rendered":"<p>Absolut Warhol Edition ofrece una experiencia de vodka \u00fanica y art\u00edstica, inspirada en el ic\u00f3nico arte pop de Andy Warhol.Espere el cl\u00e1sico sabor suave y vers\u00e1til de Absolut Vodka, con un sabor rico, con cuerpo y complejo, pero suave y meloso con un car\u00e1cter distintivo de grano, seguido de un toque de frutos secos.El final es largo y suave, lo que lo hace perfecto para mezclarlo en c\u00f3cteles o disfrutarlo solo.<\/p>","protected":false},"excerpt":{"rendered":"<p>Absolut Warhol Edition es un vodka de edici\u00f3n especial limitada de Absolut, creado en colaboraci\u00f3n con la Fundaci\u00f3n Andy Warhol.Este dise\u00f1o de botella \u00fanico rinde homenaje al ic\u00f3nico arte pop de Andy Warhol, con una etiqueta vibrante y colorida inspirada en su trabajo.Absolut Warhol Edition contiene el cl\u00e1sico Absolut Vodka, suave y vers\u00e1til, elaborado exclusivamente con ingredientes naturales y sin az\u00facar a\u00f1adido.Se trata de una pieza de colecci\u00f3n que combina el mundo del arte con el mundo del vodka premium, ofreciendo una experiencia de bebida \u00fanica y art\u00edstica.<\/p>","protected":false},"featured_media":2217,"template":"","meta":{"_gspb_post_css":"","_joinchat":[]},"product_brand":[],"product_cat":[137],"product_tag":[],"class_list":{"0":"post-2215","1":"product","2":"type-product","3":"status-publish","4":"has-post-thumbnail","6":"product_cat-vodka","8":"first","9":"onbackorder","10":"shipping-taxable","11":"purchasable","12":"product-type-simple"},"supplier_id":2216,"supplier_sku":"","barcode":null,"atum_controlled":true,"out_stock_date":null,"out_stock_threshold":null,"inheritable":false,"inbound_stock":null,"stock_on_hold":0,"sold_today":0,"sales_last_days":0,"reserved_stock":null,"customer_returns":null,"warehouse_damage":null,"lost_in_post":null,"other_logs":null,"out_stock_days":0,"lost_sales":0,"has_location":null,"update_date":"2026-05-09T03:42:16","atum_locations":[],"atum_stock_status":"onbackorder","restock_status":false,"low_stock_amount":"","sales_update_date":"2026-05-09T03:42:16","calc_backorders":0,"_links":{"self":[{"href":"https:\/\/www.poke.com.ar\/en\/wp-json\/wp\/v2\/product\/2215","targetHints":{"allow":["GET"]}}],"collection":[{"href":"https:\/\/www.poke.com.ar\/en\/wp-json\/wp\/v2\/product"}],"about":[{"href":"https:\/\/www.poke.com.ar\/en\/wp-json\/wp\/v2\/types\/product"}],"wp:featuredmedia":[{"embeddable":true,"href":"https:\/\/www.poke.com.ar\/en\/wp-json\/wp\/v2\/media\/2217"}],"wp:attachment":[{"href":"https:\/\/www.poke.com.ar\/en\/wp-json\/wp\/v2\/media?parent=2215"}],"wp:term":[{"taxonomy":"product_brand","embeddable":true,"href":"https:\/\/www.poke.com.ar\/en\/wp-json\/wp\/v2\/product_brand?post=2215"},{"taxonomy":"product_cat","embeddable":true,"href":"https:\/\/www.poke.com.ar\/en\/wp-json\/wp\/v2\/product_cat?post=2215"},{"taxonomy":"product_tag","embeddable":true,"href":"https:\/\/www.poke.com.ar\/en\/wp-json\/wp\/v2\/product_tag?post=2215"}],"curies":[{"name":"wp","href":"https:\/\/api.w.org\/{rel}","templated":true}]}}