{"id":2184,"date":"2026-05-06T21:44:20","date_gmt":"2026-05-06T21:44:20","guid":{"rendered":"http:\/\/poke.com.arREMOTE_TARGET\/tienda\/kamiki-original-blend-malt-500-ml\/"},"modified":"2026-05-06T21:44:20","modified_gmt":"2026-05-06T21:44:20","slug":"kamiki-original-blend-malt-500-ml","status":"publish","type":"product","link":"https:\/\/www.poke.com.ar\/en\/tienda\/kamiki-original-blend-malt-500-ml\/","title":{"rendered":"Kamiki Original Blend Malt 500 ml"},"content":{"rendered":"<p>El whisky de malta Kamiki Original Blend ofrece un perfil de sabor \u00fanico y complejo, influenciado por su acabado en barricas de cedro japon\u00e9s (Yoshino Sugi).Espere notas de s\u00e1ndalo, t\u00e9 verde y un toque de miel, complementadas con una dulzura cremosa y un final largo y limpio.Es una mezcla sofisticada y sabrosa, perfecta para saborear.<\/p>","protected":false},"excerpt":{"rendered":"<p>El whisky de malta Kamiki Original Blend es un whisky japon\u00e9s \u00fanico que se somete a un proceso de acabado distintivo en barricas de cedro japon\u00e9s (Yoshino Sugi).Esta maduraci\u00f3n secundaria confiere un car\u00e1cter delicado y arom\u00e1tico al whisky, con notas de s\u00e1ndalo, t\u00e9 verde y un toque de miel.Kamiki es una mezcla de whiskies de malta de todo el mundo, cuidadosamente seleccionados y mezclados en Jap\u00f3n.El uso de barricas Yoshino Sugi es un testimonio del enfoque innovador de la marca en la elaboraci\u00f3n de whisky, ofreciendo una mezcla sofisticada y sabrosa que es muy apreciada por los entusiastas del whisky.<\/p>","protected":false},"featured_media":2186,"template":"","meta":{"_gspb_post_css":"","_joinchat":[]},"product_brand":[],"product_cat":[136],"product_tag":[],"class_list":{"0":"post-2184","1":"product","2":"type-product","3":"status-publish","4":"has-post-thumbnail","6":"product_cat-orientales","8":"first","9":"onbackorder","10":"shipping-taxable","11":"purchasable","12":"product-type-simple"},"supplier_id":2185,"supplier_sku":"","barcode":null,"atum_controlled":true,"out_stock_date":null,"out_stock_threshold":null,"inheritable":false,"inbound_stock":null,"stock_on_hold":0,"sold_today":0,"sales_last_days":0,"reserved_stock":null,"customer_returns":null,"warehouse_damage":null,"lost_in_post":null,"other_logs":null,"out_stock_days":0,"lost_sales":0,"has_location":null,"update_date":"2026-05-09T03:42:16","atum_locations":[],"atum_stock_status":"onbackorder","restock_status":false,"low_stock_amount":"","sales_update_date":"2026-05-09T03:42:16","calc_backorders":0,"_links":{"self":[{"href":"https:\/\/www.poke.com.ar\/en\/wp-json\/wp\/v2\/product\/2184","targetHints":{"allow":["GET"]}}],"collection":[{"href":"https:\/\/www.poke.com.ar\/en\/wp-json\/wp\/v2\/product"}],"about":[{"href":"https:\/\/www.poke.com.ar\/en\/wp-json\/wp\/v2\/types\/product"}],"wp:featuredmedia":[{"embeddable":true,"href":"https:\/\/www.poke.com.ar\/en\/wp-json\/wp\/v2\/media\/2186"}],"wp:attachment":[{"href":"https:\/\/www.poke.com.ar\/en\/wp-json\/wp\/v2\/media?parent=2184"}],"wp:term":[{"taxonomy":"product_brand","embeddable":true,"href":"https:\/\/www.poke.com.ar\/en\/wp-json\/wp\/v2\/product_brand?post=2184"},{"taxonomy":"product_cat","embeddable":true,"href":"https:\/\/www.poke.com.ar\/en\/wp-json\/wp\/v2\/product_cat?post=2184"},{"taxonomy":"product_tag","embeddable":true,"href":"https:\/\/www.poke.com.ar\/en\/wp-json\/wp\/v2\/product_tag?post=2184"}],"curies":[{"name":"wp","href":"https:\/\/api.w.org\/{rel}","templated":true}]}}