{"id":2156,"date":"2026-05-06T21:40:43","date_gmt":"2026-05-06T21:40:43","guid":{"rendered":"http:\/\/poke.com.arREMOTE_TARGET\/tienda\/macallan-harmony-collection-guardian-oak-700-ml\/"},"modified":"2026-05-06T21:40:43","modified_gmt":"2026-05-06T21:40:43","slug":"macallan-harmony-collection-guardian-oak-700-ml","status":"publish","type":"product","link":"https:\/\/www.poke.com.ar\/en\/tienda\/macallan-harmony-collection-guardian-oak-700-ml\/","title":{"rendered":"Macallan Harmony Collection Guardian Oak 700 ml"},"content":{"rendered":"<p>Macallan Harmony Collection Guardian Oak ofrece un perfil de sabor rico y complejo, benefici\u00e1ndose de su maduraci\u00f3n en una combinaci\u00f3n de barricas de roble sazonadas con jerez.Espere notas de frutos secos, jengibre y un toque de caramelo, complementados con una dulzura cremosa y un toque especiado.En boca es suave y meloso, con una textura con mucho cuerpo y un final largo y c\u00e1lido que muestra su profundidad y equilibrio.Es un single malt sofisticado y sabroso, perfecto para saborear.<\/p>","protected":false},"excerpt":{"rendered":"<p>Macallan Harmony Collection Guardian Oak es un distinguido whisky escoc\u00e9s de pura malta, parte de The Macallan Harmony Collection, que explora el envasado sostenible y la maduraci\u00f3n innovadora.Esta expresi\u00f3n se madura en una combinaci\u00f3n de barricas de roble sazonadas con jerez, que imparten un perfil de sabor rico y complejo.Ofrece notas de frutos secos, jengibre, caramelo, dulzura cremosa y un toque especiado.Macallan Harmony Collection Guardian Oak es un testimonio de la dedicaci\u00f3n de The Macallan a la maduraci\u00f3n y la sostenibilidad en barricas de jerez, y ofrece un single malt sabroso y con mucho cuerpo que es muy apreciado por los entusiastas del whisky.<\/p>","protected":false},"featured_media":2158,"template":"","meta":{"_gspb_post_css":"","_joinchat":[]},"product_brand":[],"product_cat":[135],"product_tag":[],"class_list":{"0":"post-2156","1":"product","2":"type-product","3":"status-publish","4":"has-post-thumbnail","6":"product_cat-single-malt","8":"first","9":"onbackorder","10":"shipping-taxable","11":"purchasable","12":"product-type-simple"},"supplier_id":2157,"supplier_sku":"","barcode":null,"atum_controlled":true,"out_stock_date":null,"out_stock_threshold":null,"inheritable":false,"inbound_stock":null,"stock_on_hold":0,"sold_today":0,"sales_last_days":0,"reserved_stock":null,"customer_returns":null,"warehouse_damage":null,"lost_in_post":null,"other_logs":null,"out_stock_days":0,"lost_sales":0,"has_location":null,"update_date":"2026-05-09T03:42:16","atum_locations":[],"atum_stock_status":"onbackorder","restock_status":false,"low_stock_amount":"","sales_update_date":"2026-05-09T03:42:16","calc_backorders":0,"_links":{"self":[{"href":"https:\/\/www.poke.com.ar\/en\/wp-json\/wp\/v2\/product\/2156","targetHints":{"allow":["GET"]}}],"collection":[{"href":"https:\/\/www.poke.com.ar\/en\/wp-json\/wp\/v2\/product"}],"about":[{"href":"https:\/\/www.poke.com.ar\/en\/wp-json\/wp\/v2\/types\/product"}],"wp:featuredmedia":[{"embeddable":true,"href":"https:\/\/www.poke.com.ar\/en\/wp-json\/wp\/v2\/media\/2158"}],"wp:attachment":[{"href":"https:\/\/www.poke.com.ar\/en\/wp-json\/wp\/v2\/media?parent=2156"}],"wp:term":[{"taxonomy":"product_brand","embeddable":true,"href":"https:\/\/www.poke.com.ar\/en\/wp-json\/wp\/v2\/product_brand?post=2156"},{"taxonomy":"product_cat","embeddable":true,"href":"https:\/\/www.poke.com.ar\/en\/wp-json\/wp\/v2\/product_cat?post=2156"},{"taxonomy":"product_tag","embeddable":true,"href":"https:\/\/www.poke.com.ar\/en\/wp-json\/wp\/v2\/product_tag?post=2156"}],"curies":[{"name":"wp","href":"https:\/\/api.w.org\/{rel}","templated":true}]}}