{"id":2132,"date":"2026-05-06T21:37:31","date_gmt":"2026-05-06T21:37:31","guid":{"rendered":"http:\/\/poke.com.arREMOTE_TARGET\/tienda\/jura-the-road-1-lt\/"},"modified":"2026-05-06T21:37:31","modified_gmt":"2026-05-06T21:37:31","slug":"jura-the-road-1-lt","status":"publish","type":"product","link":"https:\/\/www.poke.com.ar\/en\/tienda\/jura-the-road-1-lt\/","title":{"rendered":"Jura The Road 1 lt"},"content":{"rendered":"<p>Jura The Road ofrece un perfil de sabor rico y complejo, benefici\u00e1ndose de su maduraci\u00f3n \u00fanica.Espere notas de frutos rojos, chocolate amargo y un toque de naranja, complementados con una dulzura cremosa y un toque especiado.En boca es suave y meloso, con una textura con mucho cuerpo y un final largo y c\u00e1lido que muestra su profundidad y equilibrio.Es un single malt sofisticado y sabroso, perfecto para saborear.<\/p>","protected":false},"excerpt":{"rendered":"<p>Jura The Road es un distinguido whisky escoc\u00e9s de pura malta de la destiler\u00eda Isle of Jura, que forma parte de The Jura Travel Retail Collection.Esta expresi\u00f3n es conocida por su car\u00e1cter rico y complejo, que a menudo implica una combinaci\u00f3n de diferentes tipos de barricas para lograr un perfil de sabor \u00fanico.Si bien los detalles espec\u00edficos de su maduraci\u00f3n pueden variar, generalmente ofrece un car\u00e1cter con mucho cuerpo con notas de frutos rojos, chocolate amargo, naranja, dulzura cremosa y especias.La Jura Travel Retail Collection destaca el compromiso de la destiler\u00eda con la innovaci\u00f3n, ofreciendo a coleccionistas y entusiastas una experiencia de bebida poco com\u00fan y excepcional.<\/p>","protected":false},"featured_media":2134,"template":"","meta":{"_gspb_post_css":"","_joinchat":[]},"product_brand":[],"product_cat":[135],"product_tag":[],"class_list":{"0":"post-2132","1":"product","2":"type-product","3":"status-publish","4":"has-post-thumbnail","6":"product_cat-single-malt","8":"first","9":"onbackorder","10":"shipping-taxable","11":"purchasable","12":"product-type-simple"},"supplier_id":2133,"supplier_sku":"","barcode":null,"atum_controlled":true,"out_stock_date":null,"out_stock_threshold":null,"inheritable":false,"inbound_stock":null,"stock_on_hold":0,"sold_today":0,"sales_last_days":0,"reserved_stock":null,"customer_returns":null,"warehouse_damage":null,"lost_in_post":null,"other_logs":null,"out_stock_days":0,"lost_sales":0,"has_location":null,"update_date":"2026-05-09T03:42:16","atum_locations":[],"atum_stock_status":"onbackorder","restock_status":false,"low_stock_amount":"","sales_update_date":"2026-05-09T03:42:16","calc_backorders":0,"_links":{"self":[{"href":"https:\/\/www.poke.com.ar\/en\/wp-json\/wp\/v2\/product\/2132","targetHints":{"allow":["GET"]}}],"collection":[{"href":"https:\/\/www.poke.com.ar\/en\/wp-json\/wp\/v2\/product"}],"about":[{"href":"https:\/\/www.poke.com.ar\/en\/wp-json\/wp\/v2\/types\/product"}],"wp:featuredmedia":[{"embeddable":true,"href":"https:\/\/www.poke.com.ar\/en\/wp-json\/wp\/v2\/media\/2134"}],"wp:attachment":[{"href":"https:\/\/www.poke.com.ar\/en\/wp-json\/wp\/v2\/media?parent=2132"}],"wp:term":[{"taxonomy":"product_brand","embeddable":true,"href":"https:\/\/www.poke.com.ar\/en\/wp-json\/wp\/v2\/product_brand?post=2132"},{"taxonomy":"product_cat","embeddable":true,"href":"https:\/\/www.poke.com.ar\/en\/wp-json\/wp\/v2\/product_cat?post=2132"},{"taxonomy":"product_tag","embeddable":true,"href":"https:\/\/www.poke.com.ar\/en\/wp-json\/wp\/v2\/product_tag?post=2132"}],"curies":[{"name":"wp","href":"https:\/\/api.w.org\/{rel}","templated":true}]}}