{"id":2114,"date":"2026-05-06T21:35:07","date_gmt":"2026-05-06T21:35:07","guid":{"rendered":"http:\/\/poke.com.arREMOTE_TARGET\/tienda\/glenmorangie-16-1-lt\/"},"modified":"2026-05-06T21:35:07","modified_gmt":"2026-05-06T21:35:07","slug":"glenmorangie-16-1-lt","status":"publish","type":"product","link":"https:\/\/www.poke.com.ar\/en\/tienda\/glenmorangie-16-1-lt\/","title":{"rendered":"Glenmorangie 16 1 lt"},"content":{"rendered":"<p>Glenmorangie 16 a\u00f1os es un whisky escoc\u00e9s de pura malta rico y complejo.Espere notas de frutos secos, jerez y un toque especiado, complementados con una dulzura cremosa y un toque de chocolate.En boca es suave y meloso, con una textura con mucho cuerpo y un final largo y c\u00e1lido que muestra su profundidad y equilibrio.Es un single malt sofisticado y sabroso, perfecto para saborear.<\/p>","protected":false},"excerpt":{"rendered":"<p>Glenmorangie 16 a\u00f1os es un distinguido whisky escoc\u00e9s de pura malta de las Highlands procedente de la destiler\u00eda Glenmorangie.Esta expresi\u00f3n es conocida por su car\u00e1cter rico y complejo, que es un sello distintivo de los whiskies Highland bien a\u00f1ejados.Se madura en una combinaci\u00f3n de barricas de roble, lo que contribuye a su color \u00e1mbar intenso y un perfil de sabor sofisticado que incluye notas de frutos secos, jerez, especias, dulzura cremosa y un toque de chocolate.Glenmorangie 16 a\u00f1os es un testimonio del compromiso de la destiler\u00eda con la artesan\u00eda, y ofrece un single malt sabroso y con mucho cuerpo que es muy apreciado por los entusiastas del whisky.<\/p>","protected":false},"featured_media":2116,"template":"","meta":{"_gspb_post_css":"","_joinchat":[]},"product_brand":[],"product_cat":[135],"product_tag":[],"class_list":{"0":"post-2114","1":"product","2":"type-product","3":"status-publish","4":"has-post-thumbnail","6":"product_cat-single-malt","8":"first","9":"onbackorder","10":"shipping-taxable","11":"purchasable","12":"product-type-simple"},"supplier_id":2115,"supplier_sku":"","barcode":null,"atum_controlled":true,"out_stock_date":null,"out_stock_threshold":null,"inheritable":false,"inbound_stock":null,"stock_on_hold":0,"sold_today":0,"sales_last_days":0,"reserved_stock":null,"customer_returns":null,"warehouse_damage":null,"lost_in_post":null,"other_logs":null,"out_stock_days":0,"lost_sales":0,"has_location":null,"update_date":"2026-05-09T03:42:16","atum_locations":[],"atum_stock_status":"onbackorder","restock_status":false,"low_stock_amount":"","sales_update_date":"2026-05-09T03:42:16","calc_backorders":0,"_links":{"self":[{"href":"https:\/\/www.poke.com.ar\/en\/wp-json\/wp\/v2\/product\/2114","targetHints":{"allow":["GET"]}}],"collection":[{"href":"https:\/\/www.poke.com.ar\/en\/wp-json\/wp\/v2\/product"}],"about":[{"href":"https:\/\/www.poke.com.ar\/en\/wp-json\/wp\/v2\/types\/product"}],"wp:featuredmedia":[{"embeddable":true,"href":"https:\/\/www.poke.com.ar\/en\/wp-json\/wp\/v2\/media\/2116"}],"wp:attachment":[{"href":"https:\/\/www.poke.com.ar\/en\/wp-json\/wp\/v2\/media?parent=2114"}],"wp:term":[{"taxonomy":"product_brand","embeddable":true,"href":"https:\/\/www.poke.com.ar\/en\/wp-json\/wp\/v2\/product_brand?post=2114"},{"taxonomy":"product_cat","embeddable":true,"href":"https:\/\/www.poke.com.ar\/en\/wp-json\/wp\/v2\/product_cat?post=2114"},{"taxonomy":"product_tag","embeddable":true,"href":"https:\/\/www.poke.com.ar\/en\/wp-json\/wp\/v2\/product_tag?post=2114"}],"curies":[{"name":"wp","href":"https:\/\/api.w.org\/{rel}","templated":true}]}}