{"id":2087,"date":"2026-05-06T21:31:32","date_gmt":"2026-05-06T21:31:32","guid":{"rendered":"http:\/\/poke.com.arREMOTE_TARGET\/tienda\/glenfiddich-vat-04-700-ml\/"},"modified":"2026-05-06T21:31:32","modified_gmt":"2026-05-06T21:31:32","slug":"glenfiddich-vat-04-700-ml","status":"publish","type":"product","link":"https:\/\/www.poke.com.ar\/en\/tienda\/glenfiddich-vat-04-700-ml\/","title":{"rendered":"Glenfiddich Vat 04 700 ml"},"content":{"rendered":"<p>Glenfiddich Vat 04 es un whisky escoc\u00e9s de pura malta rico y complejo, que forma parte de la serie experimental Glenfiddich.Espere notas de frutos negros, jerez y un toque especiado, complementados con una dulzura cremosa y un toque de chocolate.En boca es suave y meloso, con una textura con mucho cuerpo y un final largo y c\u00e1lido que muestra su profundidad y equilibrio.Es un single malt sofisticado y sabroso, perfecto para saborear.<\/p>","protected":false},"excerpt":{"rendered":"<p>Glenfiddich Vat 04 es un whisky escoc\u00e9s de pura malta \u00fanico, que forma parte de la serie experimental Glenfiddich.Esta expresi\u00f3n se elabora combinando whiskies madurados en diferentes barricas de roble en una gran tina de madera, lo que les permite mezclarse y crear un perfil de sabor armonioso.Vat 04 es conocido por su car\u00e1cter rico y complejo, con notas de frutos negros, jerez y un toque especiado.Es un testimonio del enfoque innovador de Glenfiddich en la elaboraci\u00f3n de whisky, que ofrece un whisky de malta suave, suave y accesible que es apreciado por los entusiastas del whisky de todo el mundo.<\/p>","protected":false},"featured_media":2089,"template":"","meta":{"_gspb_post_css":"","_joinchat":[]},"product_brand":[],"product_cat":[135],"product_tag":[],"class_list":{"0":"post-2087","1":"product","2":"type-product","3":"status-publish","4":"has-post-thumbnail","6":"product_cat-single-malt","8":"first","9":"onbackorder","10":"shipping-taxable","11":"purchasable","12":"product-type-simple"},"supplier_id":2088,"supplier_sku":"","barcode":null,"atum_controlled":true,"out_stock_date":null,"out_stock_threshold":null,"inheritable":false,"inbound_stock":null,"stock_on_hold":0,"sold_today":0,"sales_last_days":0,"reserved_stock":null,"customer_returns":null,"warehouse_damage":null,"lost_in_post":null,"other_logs":null,"out_stock_days":0,"lost_sales":0,"has_location":null,"update_date":"2026-05-09T03:42:16","atum_locations":[],"atum_stock_status":"onbackorder","restock_status":false,"low_stock_amount":"","sales_update_date":"2026-05-09T03:42:16","calc_backorders":0,"_links":{"self":[{"href":"https:\/\/www.poke.com.ar\/en\/wp-json\/wp\/v2\/product\/2087","targetHints":{"allow":["GET"]}}],"collection":[{"href":"https:\/\/www.poke.com.ar\/en\/wp-json\/wp\/v2\/product"}],"about":[{"href":"https:\/\/www.poke.com.ar\/en\/wp-json\/wp\/v2\/types\/product"}],"wp:featuredmedia":[{"embeddable":true,"href":"https:\/\/www.poke.com.ar\/en\/wp-json\/wp\/v2\/media\/2089"}],"wp:attachment":[{"href":"https:\/\/www.poke.com.ar\/en\/wp-json\/wp\/v2\/media?parent=2087"}],"wp:term":[{"taxonomy":"product_brand","embeddable":true,"href":"https:\/\/www.poke.com.ar\/en\/wp-json\/wp\/v2\/product_brand?post=2087"},{"taxonomy":"product_cat","embeddable":true,"href":"https:\/\/www.poke.com.ar\/en\/wp-json\/wp\/v2\/product_cat?post=2087"},{"taxonomy":"product_tag","embeddable":true,"href":"https:\/\/www.poke.com.ar\/en\/wp-json\/wp\/v2\/product_tag?post=2087"}],"curies":[{"name":"wp","href":"https:\/\/api.w.org\/{rel}","templated":true}]}}