{"id":2057,"date":"2026-05-06T21:27:27","date_gmt":"2026-05-06T21:27:27","guid":{"rendered":"http:\/\/poke.com.arREMOTE_TARGET\/tienda\/bruichladdich-the-laddie-eight-700-ml\/"},"modified":"2026-05-06T21:27:27","modified_gmt":"2026-05-06T21:27:27","slug":"bruichladdich-the-laddie-eight-700-ml","status":"publish","type":"product","link":"https:\/\/www.poke.com.ar\/en\/tienda\/bruichladdich-the-laddie-eight-700-ml\/","title":{"rendered":"Bruichladdich The Laddie Eight 700 ml"},"content":{"rendered":"<p>Nariz: A menudo se describe con notas de miel de tomillo, flores de c\u00edtricos, brioche, malta, cereales, cebada, galleta, vainilla, natillas, sorbete de lim\u00f3n, gotas de pera y galletas de mantequilla escocesas.Algunos tambi\u00e9n detectan un aroma a ozono marino, sal, caucho, grasa y un toque floral\/herbal.Boca: Presenta c\u00edtricos (jugosos y dulces), semillas de amapola, galletas de sal marina, caramelo, notas de malta, galletas de mantequilla, az\u00facar de cebada, vainilla, caramelo, sirope de agave, manzana y lim\u00f3n.Otras descripciones incluyen melocotones dulces, papaya, jugo de pomelo, pimienta blanca, amargor del roble, masa con levadura, mantequilla, notas herb\u00e1ceas, miel, picante de chile, frescura de lim\u00f3n, vino blanco dulce, chocolate con leche y caramelo salado.Final: Generalmente descrito como seco, ligeramente amaderado, herb\u00e1ceo, herb\u00e1ceo, con notas de sal marina, pimienta, caramelo, hojas de laurel, caucho, miel, regaliz, violetas y una buena cantidad de sal.<\/p>","protected":false},"excerpt":{"rendered":"<p>Bruichladdich The Laddie Eight es un whisky escoc\u00e9s de pura malta sin repetir de 8 a\u00f1os de la destiler\u00eda Bruichladdich en Islay, Escocia.Se lanz\u00f3 originalmente como una exclusiva de venta minorista de viajes.No se ha filtrado en fr\u00edo y tiene un color natural, sin colorante caramelo E150a a\u00f1adido.Se madura en una combinaci\u00f3n de barricas de roble americano y europeo.Su objetivo es capturar notas florales junto con los elementos costeros de Bruichladdich.Se considera un whisky de pura malta profundamente satisfactorio que obtiene su sabor y complejidad a partir de ingredientes de calidad y del tiempo en roble, en lugar de depender de barricas de vino ex\u00f3ticas o niveles extremos de turba.<\/p>","protected":false},"featured_media":2059,"template":"","meta":{"_gspb_post_css":"","_joinchat":[]},"product_brand":[],"product_cat":[135],"product_tag":[],"class_list":{"0":"post-2057","1":"product","2":"type-product","3":"status-publish","4":"has-post-thumbnail","6":"product_cat-single-malt","8":"first","9":"onbackorder","10":"shipping-taxable","11":"purchasable","12":"product-type-simple"},"supplier_id":2058,"supplier_sku":"","barcode":null,"atum_controlled":true,"out_stock_date":null,"out_stock_threshold":null,"inheritable":false,"inbound_stock":null,"stock_on_hold":0,"sold_today":0,"sales_last_days":0,"reserved_stock":null,"customer_returns":null,"warehouse_damage":null,"lost_in_post":null,"other_logs":null,"out_stock_days":0,"lost_sales":0,"has_location":null,"update_date":"2026-05-09T03:42:16","atum_locations":[],"atum_stock_status":"onbackorder","restock_status":false,"low_stock_amount":"","sales_update_date":"2026-05-09T03:42:16","calc_backorders":0,"_links":{"self":[{"href":"https:\/\/www.poke.com.ar\/en\/wp-json\/wp\/v2\/product\/2057","targetHints":{"allow":["GET"]}}],"collection":[{"href":"https:\/\/www.poke.com.ar\/en\/wp-json\/wp\/v2\/product"}],"about":[{"href":"https:\/\/www.poke.com.ar\/en\/wp-json\/wp\/v2\/types\/product"}],"wp:featuredmedia":[{"embeddable":true,"href":"https:\/\/www.poke.com.ar\/en\/wp-json\/wp\/v2\/media\/2059"}],"wp:attachment":[{"href":"https:\/\/www.poke.com.ar\/en\/wp-json\/wp\/v2\/media?parent=2057"}],"wp:term":[{"taxonomy":"product_brand","embeddable":true,"href":"https:\/\/www.poke.com.ar\/en\/wp-json\/wp\/v2\/product_brand?post=2057"},{"taxonomy":"product_cat","embeddable":true,"href":"https:\/\/www.poke.com.ar\/en\/wp-json\/wp\/v2\/product_cat?post=2057"},{"taxonomy":"product_tag","embeddable":true,"href":"https:\/\/www.poke.com.ar\/en\/wp-json\/wp\/v2\/product_tag?post=2057"}],"curies":[{"name":"wp","href":"https:\/\/api.w.org\/{rel}","templated":true}]}}