{"id":2054,"date":"2026-05-06T21:27:00","date_gmt":"2026-05-06T21:27:00","guid":{"rendered":"http:\/\/poke.com.arREMOTE_TARGET\/tienda\/bowmore-19-pinot-noir-cask-finish-700-ml\/"},"modified":"2026-05-06T21:27:00","modified_gmt":"2026-05-06T21:27:00","slug":"bowmore-19-pinot-noir-cask-finish-700-ml","status":"publish","type":"product","link":"https:\/\/www.poke.com.ar\/en\/tienda\/bowmore-19-pinot-noir-cask-finish-700-ml\/","title":{"rendered":"Bowmore 19 Pinot Noir Cask Finish 700 ml"},"content":{"rendered":"<p>Color: Ciruela claro.Nariz: Sofisticada, ecl\u00e9ctica e intrigante, con notas de pistacho picado, naranjas de Sevilla, toques de lim\u00f3n y miel de manuka.Otros aromas incluyen ciruelas rojas, melocotones jugosos, manzanas verdes guisadas, pomelo rosado, pasas, especias arom\u00e1ticas, notas melosas y caramelizadas, delicias turcas, madera tostada y hogueras ahumadas.Tambi\u00e9n puede presentarse con dulces de caf\u00e9, chocolate amargo, ciruelas maduras mezcladas con higos secos, d\u00e1tiles, c\u00e1scara de naranja confitada y un elemento mar\u00edtimo de piedras h\u00famedas, toques salinos y un ligero ahumado.Boca: Manzanas verdes crujientes y jugosas, miel, brioche suave y cremoso, amenizado con una pizca de az\u00facar.El humo mineral emerge con el t\u00edpico sabor frutal brillante de Bowmore, que incluye pomelos rosados, naranjas, manzanas verdes y mango agrio.Es dulce y especiado, con chocolate, caf\u00e9, c\u00edtricos confitados, frutos rojos (ciruelas guisadas, pasas), pimienta negra, jengibre, un toque vegetal y mineral, mango verde y una ligera nota t\u00e1nica de influencia de la barrica de vino tinto.La turba est\u00e1 presente pero restringida.Final: Se trata de una combinaci\u00f3n profunda y satisfactoria de frutos secos y un suave toque de humo de turba.Es de longitud media y se centra en especias con turba suave, un ligero borde met\u00e1lico, c\u00e1scaras de c\u00edtricos y un poco de vino tinto picante.Est\u00e1n presentes notas de clavo, pimienta negra, un toque salado, piel de c\u00edtricos y humo suave, y la influencia del vino regresa como una sombra de frutas rojas maduras y taninos secos.<\/p>","protected":false},"excerpt":{"rendered":"<p>Este whisky escoc\u00e9s de pura malta de 19 a\u00f1os maravillosamente complejo se madura en barricas de roble americano ex-Bourbon y se termina bellamente en barricas de vino Pinot Noir, ofreciendo capas de expresi\u00f3n asombrosa.Como exclusiva de viaje, introduce nuevas dimensiones en el intrincado estilo de la casa Bowmore, impregnado de las profundas caracter\u00edsticas de las barricas de Pinot Noir.El resultado es un whisky que ofrece sabores tostados y caramelizados deliciosamente redondos y complejos.Esta oferta \u00fanica combina la excelencia de las barricas de algunos de los mejores en\u00f3logos de Borgo\u00f1a con la reconocida complejidad y creatividad de Bowmore.Es un single malt turbado, embotellado con un cl\u00e1sico 43% ABV.<\/p>","protected":false},"featured_media":2056,"template":"","meta":{"_gspb_post_css":"","_joinchat":[]},"product_brand":[],"product_cat":[135],"product_tag":[],"class_list":{"0":"post-2054","1":"product","2":"type-product","3":"status-publish","4":"has-post-thumbnail","6":"product_cat-single-malt","8":"first","9":"onbackorder","10":"shipping-taxable","11":"purchasable","12":"product-type-simple"},"supplier_id":2055,"supplier_sku":"","barcode":null,"atum_controlled":true,"out_stock_date":null,"out_stock_threshold":null,"inheritable":false,"inbound_stock":null,"stock_on_hold":0,"sold_today":0,"sales_last_days":0,"reserved_stock":null,"customer_returns":null,"warehouse_damage":null,"lost_in_post":null,"other_logs":null,"out_stock_days":0,"lost_sales":0,"has_location":null,"update_date":"2026-05-09T03:42:16","atum_locations":[],"atum_stock_status":"onbackorder","restock_status":false,"low_stock_amount":"","sales_update_date":"2026-05-09T03:42:16","calc_backorders":0,"_links":{"self":[{"href":"https:\/\/www.poke.com.ar\/en\/wp-json\/wp\/v2\/product\/2054","targetHints":{"allow":["GET"]}}],"collection":[{"href":"https:\/\/www.poke.com.ar\/en\/wp-json\/wp\/v2\/product"}],"about":[{"href":"https:\/\/www.poke.com.ar\/en\/wp-json\/wp\/v2\/types\/product"}],"wp:featuredmedia":[{"embeddable":true,"href":"https:\/\/www.poke.com.ar\/en\/wp-json\/wp\/v2\/media\/2056"}],"wp:attachment":[{"href":"https:\/\/www.poke.com.ar\/en\/wp-json\/wp\/v2\/media?parent=2054"}],"wp:term":[{"taxonomy":"product_brand","embeddable":true,"href":"https:\/\/www.poke.com.ar\/en\/wp-json\/wp\/v2\/product_brand?post=2054"},{"taxonomy":"product_cat","embeddable":true,"href":"https:\/\/www.poke.com.ar\/en\/wp-json\/wp\/v2\/product_cat?post=2054"},{"taxonomy":"product_tag","embeddable":true,"href":"https:\/\/www.poke.com.ar\/en\/wp-json\/wp\/v2\/product_tag?post=2054"}],"curies":[{"name":"wp","href":"https:\/\/api.w.org\/{rel}","templated":true}]}}