{"id":2051,"date":"2026-05-06T21:26:36","date_gmt":"2026-05-06T21:26:36","guid":{"rendered":"http:\/\/poke.com.arREMOTE_TARGET\/tienda\/bowmore-16-ruby-port-cask-finish-700-ml\/"},"modified":"2026-05-06T21:26:36","modified_gmt":"2026-05-06T21:26:36","slug":"bowmore-16-ruby-port-cask-finish-700-ml","status":"publish","type":"product","link":"https:\/\/www.poke.com.ar\/en\/tienda\/bowmore-16-ruby-port-cask-finish-700-ml\/","title":{"rendered":"Bowmore 16 Ruby Port Cask Finish 700 ml"},"content":{"rendered":"<p>Color: Rub\u00ed, un tono confiado otorgado por las barricas de oporto rub\u00ed.Nariz: Presenta aromas de nueces, cuero curtido, grosellas negras h\u00famedas, semillas de hinojo, toques de jengibre y brasas de hoguera.Otras descripciones incluyen moras, hojas oto\u00f1ales, mermelada de frambuesa, humo suave de turba, cuero, carne lacada, chocolate con leche y t\u00e9 negro.Boca: Ofrece dulzura con dulce de chocolate suave y az\u00facar demerara, complementado con nueces saladas y notas de roble.Tambi\u00e9n presenta frutos rojos maduros, compota de ciruela, dulzor maltoso, chocolate amargo, un toque de mermelada de naranja y sutiles especias como clavo y pimienta.Final: Caracterizado por un ahumado suave, profundo y expresivo, dulce y p\u00e1lido, persistente en el paladar.Se describe como largo, c\u00e1lido y equilibrado, con frutas dulces, roble y sutiles notas de pasas, mientras que las notas ahumadas y saladas permanecen en el fondo.<\/p>","protected":false},"excerpt":{"rendered":"<p>El whisky escoc\u00e9s de pura malta Bowmore de 16 a\u00f1os Ruby Port Cask Finish es una expresi\u00f3n exclusiva para viajes de la destiler\u00eda Bowmore, ubicada en la isla de Islay, Escocia.Este single malt de 16 a\u00f1os se madura inicialmente en una combinaci\u00f3n de barricas de jerez de roble americano ex-bourbon y de roble europeo antes de pasar por un per\u00edodo de acabado en barricas de oporto rub\u00ed procedentes del valle del Duero en Portugal.Este proceso imparte una dulzura oto\u00f1al distintiva y un car\u00e1cter frutal maduro al estilo caracter\u00edstico de Bowmore.Se embotella al 43% ABV.<\/p>","protected":false},"featured_media":2053,"template":"","meta":{"_gspb_post_css":"","_joinchat":[]},"product_brand":[],"product_cat":[135],"product_tag":[],"class_list":{"0":"post-2051","1":"product","2":"type-product","3":"status-publish","4":"has-post-thumbnail","6":"product_cat-single-malt","8":"first","9":"onbackorder","10":"shipping-taxable","11":"purchasable","12":"product-type-simple"},"supplier_id":2052,"supplier_sku":"","barcode":null,"atum_controlled":true,"out_stock_date":null,"out_stock_threshold":null,"inheritable":false,"inbound_stock":null,"stock_on_hold":0,"sold_today":0,"sales_last_days":0,"reserved_stock":null,"customer_returns":null,"warehouse_damage":null,"lost_in_post":null,"other_logs":null,"out_stock_days":0,"lost_sales":0,"has_location":null,"update_date":"2026-05-09T03:42:16","atum_locations":[],"atum_stock_status":"onbackorder","restock_status":false,"low_stock_amount":"","sales_update_date":"2026-05-09T03:42:16","calc_backorders":0,"_links":{"self":[{"href":"https:\/\/www.poke.com.ar\/en\/wp-json\/wp\/v2\/product\/2051","targetHints":{"allow":["GET"]}}],"collection":[{"href":"https:\/\/www.poke.com.ar\/en\/wp-json\/wp\/v2\/product"}],"about":[{"href":"https:\/\/www.poke.com.ar\/en\/wp-json\/wp\/v2\/types\/product"}],"wp:featuredmedia":[{"embeddable":true,"href":"https:\/\/www.poke.com.ar\/en\/wp-json\/wp\/v2\/media\/2053"}],"wp:attachment":[{"href":"https:\/\/www.poke.com.ar\/en\/wp-json\/wp\/v2\/media?parent=2051"}],"wp:term":[{"taxonomy":"product_brand","embeddable":true,"href":"https:\/\/www.poke.com.ar\/en\/wp-json\/wp\/v2\/product_brand?post=2051"},{"taxonomy":"product_cat","embeddable":true,"href":"https:\/\/www.poke.com.ar\/en\/wp-json\/wp\/v2\/product_cat?post=2051"},{"taxonomy":"product_tag","embeddable":true,"href":"https:\/\/www.poke.com.ar\/en\/wp-json\/wp\/v2\/product_tag?post=2051"}],"curies":[{"name":"wp","href":"https:\/\/api.w.org\/{rel}","templated":true}]}}