{"id":1993,"date":"2026-05-06T21:18:54","date_gmt":"2026-05-06T21:18:54","guid":{"rendered":"http:\/\/poke.com.arREMOTE_TARGET\/tienda\/dewars-16-double-agent-1-lt\/"},"modified":"2026-05-06T21:18:54","modified_gmt":"2026-05-06T21:18:54","slug":"dewars-16-double-agent-1-lt","status":"publish","type":"product","link":"https:\/\/www.poke.com.ar\/en\/tienda\/dewars-16-double-agent-1-lt\/","title":{"rendered":"Dewar\u2019s 16 Double Agent 1 lt"},"content":{"rendered":"<p>Dewar&#8217;s 16 a\u00f1os Double Agent es un whisky escoc\u00e9s de mezcla \u00fanico que se somete a un proceso de acabado distintivo.Espere una nariz compleja de frutos secos, chocolate amargo y un toque de humo, con una dulzura cremosa.En boca es rico y con cuerpo, con notas de miel, vainilla y un sutil sabor especiado, que conduce a un final largo y c\u00e1lido con un toque de roble.Es un whisky escoc\u00e9s intrigante y sofisticado, perfecto para quienes disfrutan de un whisky con una profundidad oculta.<\/p>","protected":false},"excerpt":{"rendered":"<p>Dewar&#8217;s 16 Year Old Double Agent es un intrigante whisky escoc\u00e9s mezclado que presenta un proceso de acabado \u00fanico.Despu\u00e9s de su maduraci\u00f3n inicial, esta mezcla de 16 a\u00f1os se termina en dos tipos diferentes de barricas, de ah\u00ed el nombre de \u00abAgente Doble\u00bb.Este acabado de doble barrica imparte un perfil de sabor complejo y en capas, con notas de frutos secos, chocolate amargo, miel, vainilla y un sutil ahumado.Es un testimonio del enfoque innovador de Dewar para las mezclas, que ofrece una experiencia de whisky sofisticada y matizada que revela nuevas profundidades con cada sorbo.Esta expresi\u00f3n est\u00e1 pensada para quienes aprecian un whisky con car\u00e1cter y un toque de misterio.<\/p>","protected":false},"featured_media":1995,"template":"","meta":{"_gspb_post_css":"","_joinchat":[]},"product_brand":[],"product_cat":[134],"product_tag":[],"class_list":{"0":"post-1993","1":"product","2":"type-product","3":"status-publish","4":"has-post-thumbnail","6":"product_cat-blend","8":"first","9":"onbackorder","10":"shipping-taxable","11":"purchasable","12":"product-type-simple"},"supplier_id":1994,"supplier_sku":"","barcode":null,"atum_controlled":true,"out_stock_date":null,"out_stock_threshold":null,"inheritable":false,"inbound_stock":null,"stock_on_hold":0,"sold_today":0,"sales_last_days":0,"reserved_stock":null,"customer_returns":null,"warehouse_damage":null,"lost_in_post":null,"other_logs":null,"out_stock_days":0,"lost_sales":0,"has_location":null,"update_date":"2026-05-09T03:42:16","atum_locations":[],"atum_stock_status":"onbackorder","restock_status":false,"low_stock_amount":"","sales_update_date":"2026-05-09T03:42:16","calc_backorders":0,"_links":{"self":[{"href":"https:\/\/www.poke.com.ar\/en\/wp-json\/wp\/v2\/product\/1993","targetHints":{"allow":["GET"]}}],"collection":[{"href":"https:\/\/www.poke.com.ar\/en\/wp-json\/wp\/v2\/product"}],"about":[{"href":"https:\/\/www.poke.com.ar\/en\/wp-json\/wp\/v2\/types\/product"}],"wp:featuredmedia":[{"embeddable":true,"href":"https:\/\/www.poke.com.ar\/en\/wp-json\/wp\/v2\/media\/1995"}],"wp:attachment":[{"href":"https:\/\/www.poke.com.ar\/en\/wp-json\/wp\/v2\/media?parent=1993"}],"wp:term":[{"taxonomy":"product_brand","embeddable":true,"href":"https:\/\/www.poke.com.ar\/en\/wp-json\/wp\/v2\/product_brand?post=1993"},{"taxonomy":"product_cat","embeddable":true,"href":"https:\/\/www.poke.com.ar\/en\/wp-json\/wp\/v2\/product_cat?post=1993"},{"taxonomy":"product_tag","embeddable":true,"href":"https:\/\/www.poke.com.ar\/en\/wp-json\/wp\/v2\/product_tag?post=1993"}],"curies":[{"name":"wp","href":"https:\/\/api.w.org\/{rel}","templated":true}]}}