{"id":1990,"date":"2026-05-06T21:18:31","date_gmt":"2026-05-06T21:18:31","guid":{"rendered":"http:\/\/poke.com.arREMOTE_TARGET\/tienda\/dewars-12-1-lt\/"},"modified":"2026-05-06T21:18:31","modified_gmt":"2026-05-06T21:18:31","slug":"dewars-12-1-lt","status":"publish","type":"product","link":"https:\/\/www.poke.com.ar\/en\/tienda\/dewars-12-1-lt\/","title":{"rendered":"Dewar\u2019s 12 1 lt"},"content":{"rendered":"<p>Dewar&#8217;s 12 a\u00f1os es un whisky escoc\u00e9s de mezcla rico y complejo.Espere una nariz de frutos secos, c\u00edtricos y un toque de roble, con una dulzura cremosa.En boca es suave y meloso, con notas de miel, vainilla y un sutil ahumado, que conduce a un final largo y c\u00e1lido.Es un whisky escoc\u00e9s sofisticado y equilibrado, perfecto para saborear.<\/p>","protected":false},"excerpt":{"rendered":"<p>Dewar&#8217;s 12 Year Old Special Reserve es un whisky escoc\u00e9s de mezcla premium, elaborado a partir de una selecci\u00f3n de hasta 40 de los mejores whiskies de malta y grano de Escocia, cada uno de ellos envejecido durante un m\u00ednimo de 12 a\u00f1os.Esta expresi\u00f3n se somete al proceso de \u00abdoble envejecimiento\u00bb caracter\u00edstico de Dewar, donde los whiskies se mezclan y luego se devuelven a barricas de roble para un per\u00edodo adicional de maduraci\u00f3n.Este paso adicional contribuye a su excepcional suavidad y rica complejidad, con un perfil de sabor que incluye notas de frutos secos, c\u00edtricos, miel, vainilla y un sutil ahumado.Dewar&#8217;s 12 a\u00f1os es un whisky escoc\u00e9s de gran prestigio, perfecto para quienes aprecian un whisky bien a\u00f1ejado y equilibrado.<\/p>","protected":false},"featured_media":1992,"template":"","meta":{"_gspb_post_css":"","_joinchat":[]},"product_brand":[],"product_cat":[134],"product_tag":[],"class_list":{"0":"post-1990","1":"product","2":"type-product","3":"status-publish","4":"has-post-thumbnail","6":"product_cat-blend","8":"first","9":"onbackorder","10":"shipping-taxable","11":"purchasable","12":"product-type-simple"},"supplier_id":1991,"supplier_sku":"","barcode":null,"atum_controlled":true,"out_stock_date":null,"out_stock_threshold":null,"inheritable":false,"inbound_stock":null,"stock_on_hold":0,"sold_today":0,"sales_last_days":0,"reserved_stock":null,"customer_returns":null,"warehouse_damage":null,"lost_in_post":null,"other_logs":null,"out_stock_days":0,"lost_sales":0,"has_location":null,"update_date":"2026-05-09T03:42:16","atum_locations":[],"atum_stock_status":"onbackorder","restock_status":false,"low_stock_amount":"","sales_update_date":"2026-05-09T03:42:16","calc_backorders":0,"_links":{"self":[{"href":"https:\/\/www.poke.com.ar\/en\/wp-json\/wp\/v2\/product\/1990","targetHints":{"allow":["GET"]}}],"collection":[{"href":"https:\/\/www.poke.com.ar\/en\/wp-json\/wp\/v2\/product"}],"about":[{"href":"https:\/\/www.poke.com.ar\/en\/wp-json\/wp\/v2\/types\/product"}],"wp:featuredmedia":[{"embeddable":true,"href":"https:\/\/www.poke.com.ar\/en\/wp-json\/wp\/v2\/media\/1992"}],"wp:attachment":[{"href":"https:\/\/www.poke.com.ar\/en\/wp-json\/wp\/v2\/media?parent=1990"}],"wp:term":[{"taxonomy":"product_brand","embeddable":true,"href":"https:\/\/www.poke.com.ar\/en\/wp-json\/wp\/v2\/product_brand?post=1990"},{"taxonomy":"product_cat","embeddable":true,"href":"https:\/\/www.poke.com.ar\/en\/wp-json\/wp\/v2\/product_cat?post=1990"},{"taxonomy":"product_tag","embeddable":true,"href":"https:\/\/www.poke.com.ar\/en\/wp-json\/wp\/v2\/product_tag?post=1990"}],"curies":[{"name":"wp","href":"https:\/\/api.w.org\/{rel}","templated":true}]}}