{"id":1984,"date":"2026-05-06T21:17:43","date_gmt":"2026-05-06T21:17:43","guid":{"rendered":"http:\/\/poke.com.arREMOTE_TARGET\/tienda\/dewars-white-label-1-lt\/"},"modified":"2026-05-06T21:17:43","modified_gmt":"2026-05-06T21:17:43","slug":"dewars-white-label-1-lt","status":"publish","type":"product","link":"https:\/\/www.poke.com.ar\/en\/tienda\/dewars-white-label-1-lt\/","title":{"rendered":"Dewar\u2019s White Label 1 lt"},"content":{"rendered":"<p>Dewar&#8217;s White Label es un whisky escoc\u00e9s mezclado cl\u00e1sico y accesible.Espere una nariz ligera y afrutada con toques de brezo escoc\u00e9s y miel.En boca es suave y meloso, con notas de pera, vainilla y un sutil sabor ahumado, que dan lugar a un final limpio y fresco.Es un whisky escoc\u00e9s equilibrado y vers\u00e1til, perfecto para mezclar o disfrutar solo.<\/p>","protected":false},"excerpt":{"rendered":"<p>Dewar&#8217;s White Label es uno de los whiskies escoceses mezclados m\u00e1s vendidos del mundo, reconocido por su car\u00e1cter suave y accesible.Es una mezcla meticulosamente elaborada de hasta 40 whiskies de pura malta y de grano, con el puro de malta Aberfeldy en su coraz\u00f3n.Los whiskies se envejecen durante un m\u00ednimo de tres a\u00f1os y luego se casan en barricas de roble durante un per\u00edodo adicional, un proceso conocido como \u00abdoble envejecimiento\u00bb, que contribuye a su excepcional suavidad.Dewar&#8217;s White Label ofrece un perfil de sabor ligero y afrutado con notas de pera, vainilla y un toque de humo, lo que lo convierte en un whisky escoc\u00e9s vers\u00e1til y agradable para diversas ocasiones.<\/p>","protected":false},"featured_media":1986,"template":"","meta":{"_gspb_post_css":"","_joinchat":[]},"product_brand":[],"product_cat":[134],"product_tag":[],"class_list":{"0":"post-1984","1":"product","2":"type-product","3":"status-publish","4":"has-post-thumbnail","6":"product_cat-blend","8":"first","9":"onbackorder","10":"shipping-taxable","11":"purchasable","12":"product-type-simple"},"supplier_id":1985,"supplier_sku":"","barcode":null,"atum_controlled":true,"out_stock_date":null,"out_stock_threshold":null,"inheritable":false,"inbound_stock":null,"stock_on_hold":0,"sold_today":0,"sales_last_days":0,"reserved_stock":null,"customer_returns":null,"warehouse_damage":null,"lost_in_post":null,"other_logs":null,"out_stock_days":0,"lost_sales":0,"has_location":null,"update_date":"2026-05-09T03:42:16","atum_locations":[],"atum_stock_status":"onbackorder","restock_status":false,"low_stock_amount":"","sales_update_date":"2026-05-09T03:42:16","calc_backorders":0,"_links":{"self":[{"href":"https:\/\/www.poke.com.ar\/en\/wp-json\/wp\/v2\/product\/1984","targetHints":{"allow":["GET"]}}],"collection":[{"href":"https:\/\/www.poke.com.ar\/en\/wp-json\/wp\/v2\/product"}],"about":[{"href":"https:\/\/www.poke.com.ar\/en\/wp-json\/wp\/v2\/types\/product"}],"wp:featuredmedia":[{"embeddable":true,"href":"https:\/\/www.poke.com.ar\/en\/wp-json\/wp\/v2\/media\/1986"}],"wp:attachment":[{"href":"https:\/\/www.poke.com.ar\/en\/wp-json\/wp\/v2\/media?parent=1984"}],"wp:term":[{"taxonomy":"product_brand","embeddable":true,"href":"https:\/\/www.poke.com.ar\/en\/wp-json\/wp\/v2\/product_brand?post=1984"},{"taxonomy":"product_cat","embeddable":true,"href":"https:\/\/www.poke.com.ar\/en\/wp-json\/wp\/v2\/product_cat?post=1984"},{"taxonomy":"product_tag","embeddable":true,"href":"https:\/\/www.poke.com.ar\/en\/wp-json\/wp\/v2\/product_tag?post=1984"}],"curies":[{"name":"wp","href":"https:\/\/api.w.org\/{rel}","templated":true}]}}