{"id":1963,"date":"2026-05-06T21:15:00","date_gmt":"2026-05-06T21:15:00","guid":{"rendered":"http:\/\/poke.com.arREMOTE_TARGET\/tienda\/chivas-royal-salute-21-the-signature-blend-700-ml\/"},"modified":"2026-05-06T21:15:00","modified_gmt":"2026-05-06T21:15:00","slug":"chivas-royal-salute-21-the-signature-blend-700-ml","status":"publish","type":"product","link":"https:\/\/www.poke.com.ar\/en\/tienda\/chivas-royal-salute-21-the-signature-blend-700-ml\/","title":{"rendered":"Chivas Royal Salute 21 The Signature Blend 700 ml"},"content":{"rendered":"<p>Chivas Royal Salute 21 a\u00f1os The Signature Blend ofrece una experiencia sensorial rica y compleja.Espere una nariz de peras dulces y frutas c\u00edtricas, equilibrada con la plena fragancia de las flores de oto\u00f1o.En boca tiene mucho cuerpo, con una mezcla poderosa pero elegante de vainilla dulce y roble seco, complementada con notas de jerez y un toque de humo.El final es largo, c\u00e1lido y satisfactorio, con una dulzura persistente y un toque especiado sutil.Es un whisky escoc\u00e9s verdaderamente majestuoso y sofisticado.<\/p>","protected":false},"excerpt":{"rendered":"<p>Chivas Royal Salute 21 a\u00f1os The Signature Blend es un exquisito whisky escoc\u00e9s mezclado, creado para conmemorar la coronaci\u00f3n de la reina Isabel II en 1953. Esta prestigiosa expresi\u00f3n tiene una crianza m\u00ednima de 21 a\u00f1os, un gui\u00f1o a las salvas de 21 ca\u00f1ones disparadas en ocasiones reales.Es una mezcla magistral de whiskies de grano y malta raros y a\u00f1ejos, que da como resultado un licor rico, complejo y con mucho cuerpo.Signature Blend se presenta en distintivos frascos de cer\u00e1mica, que simbolizan su herencia real y su calidad excepcional.Es un whisky de profunda elegancia y potencia, dise\u00f1ado para ser saboreado en ocasiones especiales.<\/p>","protected":false},"featured_media":1965,"template":"","meta":{"_gspb_post_css":"","_joinchat":[]},"product_brand":[],"product_cat":[134],"product_tag":[],"class_list":{"0":"post-1963","1":"product","2":"type-product","3":"status-publish","4":"has-post-thumbnail","6":"product_cat-blend","8":"first","9":"onbackorder","10":"shipping-taxable","11":"purchasable","12":"product-type-simple"},"supplier_id":1964,"supplier_sku":"","barcode":null,"atum_controlled":true,"out_stock_date":null,"out_stock_threshold":null,"inheritable":false,"inbound_stock":null,"stock_on_hold":0,"sold_today":0,"sales_last_days":0,"reserved_stock":null,"customer_returns":null,"warehouse_damage":null,"lost_in_post":null,"other_logs":null,"out_stock_days":0,"lost_sales":0,"has_location":null,"update_date":"2026-05-09T03:42:17","atum_locations":[],"atum_stock_status":"onbackorder","restock_status":false,"low_stock_amount":"","sales_update_date":"2026-05-09T03:42:17","calc_backorders":0,"_links":{"self":[{"href":"https:\/\/www.poke.com.ar\/en\/wp-json\/wp\/v2\/product\/1963","targetHints":{"allow":["GET"]}}],"collection":[{"href":"https:\/\/www.poke.com.ar\/en\/wp-json\/wp\/v2\/product"}],"about":[{"href":"https:\/\/www.poke.com.ar\/en\/wp-json\/wp\/v2\/types\/product"}],"wp:featuredmedia":[{"embeddable":true,"href":"https:\/\/www.poke.com.ar\/en\/wp-json\/wp\/v2\/media\/1965"}],"wp:attachment":[{"href":"https:\/\/www.poke.com.ar\/en\/wp-json\/wp\/v2\/media?parent=1963"}],"wp:term":[{"taxonomy":"product_brand","embeddable":true,"href":"https:\/\/www.poke.com.ar\/en\/wp-json\/wp\/v2\/product_brand?post=1963"},{"taxonomy":"product_cat","embeddable":true,"href":"https:\/\/www.poke.com.ar\/en\/wp-json\/wp\/v2\/product_cat?post=1963"},{"taxonomy":"product_tag","embeddable":true,"href":"https:\/\/www.poke.com.ar\/en\/wp-json\/wp\/v2\/product_tag?post=1963"}],"curies":[{"name":"wp","href":"https:\/\/api.w.org\/{rel}","templated":true}]}}