{"id":1953,"date":"2026-05-06T21:13:43","date_gmt":"2026-05-06T21:13:43","guid":{"rendered":"http:\/\/poke.com.arREMOTE_TARGET\/tienda\/woodford-reserve-1-lt\/"},"modified":"2026-05-06T21:13:43","modified_gmt":"2026-05-06T21:13:43","slug":"woodford-reserve-1-lt","status":"publish","type":"product","link":"https:\/\/www.poke.com.ar\/en\/tienda\/woodford-reserve-1-lt\/","title":{"rendered":"Woodford Reserve 1 lt"},"content":{"rendered":"<p>Woodford Reserve ofrece un perfil de sabor rico y complejo.Espere notas de ricos frutos secos, toques de menta y naranjas, cacao, vainilla y especias de tabaco.En boca es t\u00edpicamente robusto, con notas de caramelo, caramelo, chocolate y un final largo y c\u00e1lido con una sensaci\u00f3n en boca cremosa.Es un bourbon bien equilibrado con una mezcla armoniosa de caracter\u00edsticas dulces, especiadas y afrutadas.<\/p>","protected":false},"excerpt":{"rendered":"<p>Woodford Reserve es un whisky bourbon puro de Kentucky de primera calidad en lotes peque\u00f1os producido en la destiler\u00eda Woodford Reserve en Versailles, Kentucky.Es conocido por su perfil de sabor complejo y equilibrado, que se atribuye a su exclusivo pur\u00e9, destilaci\u00f3n en alambique de cobre y maduraci\u00f3n en barricas nuevas de roble carbonizadas.Woodford Reserve es una de las pocas destiler\u00edas que utiliza un proceso de triple destilaci\u00f3n.La marca enfatiza un enfoque artesanal, con cada lote monitoreado cuidadosamente para garantizar consistencia y calidad.Es un bourbon muy apreciado, que a menudo se disfruta solo, con hielo o como ingrediente clave en c\u00f3cteles cl\u00e1sicos.<\/p>","protected":false},"featured_media":1955,"template":"","meta":{"_gspb_post_css":"","_joinchat":[]},"product_brand":[],"product_cat":[133],"product_tag":[],"class_list":{"0":"post-1953","1":"product","2":"type-product","3":"status-publish","4":"has-post-thumbnail","6":"product_cat-bourbon","8":"first","9":"onbackorder","10":"shipping-taxable","11":"purchasable","12":"product-type-simple"},"supplier_id":1954,"supplier_sku":"","barcode":null,"atum_controlled":true,"out_stock_date":null,"out_stock_threshold":null,"inheritable":false,"inbound_stock":null,"stock_on_hold":0,"sold_today":0,"sales_last_days":0,"reserved_stock":null,"customer_returns":null,"warehouse_damage":null,"lost_in_post":null,"other_logs":null,"out_stock_days":0,"lost_sales":0,"has_location":null,"update_date":"2026-05-09T03:42:17","atum_locations":[],"atum_stock_status":"onbackorder","restock_status":false,"low_stock_amount":"","sales_update_date":"2026-05-09T03:42:17","calc_backorders":0,"_links":{"self":[{"href":"https:\/\/www.poke.com.ar\/en\/wp-json\/wp\/v2\/product\/1953","targetHints":{"allow":["GET"]}}],"collection":[{"href":"https:\/\/www.poke.com.ar\/en\/wp-json\/wp\/v2\/product"}],"about":[{"href":"https:\/\/www.poke.com.ar\/en\/wp-json\/wp\/v2\/types\/product"}],"wp:featuredmedia":[{"embeddable":true,"href":"https:\/\/www.poke.com.ar\/en\/wp-json\/wp\/v2\/media\/1955"}],"wp:attachment":[{"href":"https:\/\/www.poke.com.ar\/en\/wp-json\/wp\/v2\/media?parent=1953"}],"wp:term":[{"taxonomy":"product_brand","embeddable":true,"href":"https:\/\/www.poke.com.ar\/en\/wp-json\/wp\/v2\/product_brand?post=1953"},{"taxonomy":"product_cat","embeddable":true,"href":"https:\/\/www.poke.com.ar\/en\/wp-json\/wp\/v2\/product_cat?post=1953"},{"taxonomy":"product_tag","embeddable":true,"href":"https:\/\/www.poke.com.ar\/en\/wp-json\/wp\/v2\/product_tag?post=1953"}],"curies":[{"name":"wp","href":"https:\/\/api.w.org\/{rel}","templated":true}]}}